{"id":1015,"date":"2025-06-22T15:42:26","date_gmt":"2025-06-22T13:42:26","guid":{"rendered":"https:\/\/www.aikiheillecourt.fr\/?page_id=1015"},"modified":"2025-08-04T14:06:37","modified_gmt":"2025-08-04T12:06:37","slug":"shinto","status":"publish","type":"page","link":"https:\/\/www.aikiheillecourt.fr\/index.php\/shinto\/","title":{"rendered":"Shinto"},"content":{"rendered":"<!DOCTYPE html>\n\n<html lang=\"fr\">\n\t \t \t \t \t \t<!--link rel=\"stylesheet\" href=\"CSS_Additionel.css\" type=\"text\/css\"-->\n\n\n<!--https:\/\/www.aikiheillecourt.fr\/index.php\/elements\/-->\n<head>\n    <meta charset=\"utf-8\">\n<title>Documentation<\/title>\n<\/head>\n<div class=\"bg\">\n<header>\n<p class=\"logo_retour\"><a href=\"https:\/\/www.aikiheillecourt.fr\/index.php\/elements\/\">\n    <img decoding=\"async\" src=\"https:\/\/www.aikiheillecourt.fr\/wp-content\/uploads\/2025\/03\/cropped-logo-officiel-64x64-1-1.png\" alt=\"Acc\u00e9der au site\">\n                     <br>Retour  aux \u00e9l\u00e9ments<br> Shinto\u00efstes \u21d1\n<\/a><\/p>\n\n<\/header>\n\n<textarea class=\"textarea\" readonly>\nLe shinto, ou \u00ab Voie des dieux \u00bb, est la religion officielle de l\u2019Etat japonais. Tr\u00e8s ancienne, on en retrouve les premi\u00e8res traces dans deux \u00e9crits tr\u00e8s important de la mythologie shinto : le Kojiki (Chronique des choses anciennes) et le Nihon Shoki (Chronique du Japon). \nIl s\u2019agit d\u2019une religion animiste, bas\u00e9e sur le caract\u00e8re divin de la Nature et de l\u2019Univers, et ses manifestations sous formes de Kami, les dieux de la cosmogonie shinto. \nLa mythologie shinto d\u00e9crit l\u2019histoire du Japon \u00e0 partir d\u2019un \u00e2ge situ\u00e9 il y a environ quinze mille ans, appel\u00e9 Kannagara. A cette \u00e9poque, les hommes \u00e9taient conscients de leur nature si proche de celle des dieux ; ils ignoraient les principaux vices comme l\u2019\u00e9go\u00efsme, la jalousie\u2026, et vivaient en \u00e9troite communication avec les dieux. L\u2019une de ses diff\u00e9rences avec les religions occidentales est le fait que le concept de divinit\u00e9 n\u2019est pas vu sous un aspect anthropomorphique et omnipotent. L\u2019Univers entier forme une unit\u00e9 dans laquelle r\u00e8gnent l\u2019harmonie et la justice des lois de la Nature. Assez complexe, elle est \u00e0 la source des nombreux rites que l\u2019on pratique encore aujourd\u2019hui au Japon.\nMa\u00eetre Ueshiba a \u00e9t\u00e9 fortement influenc\u00e9 par l\u2019esprit de cette religion, et l\u2019on pouvait trouver de nombreuses allusions mythologiques dans les discours qu\u2019il tenait pendant ses cours et ses conf\u00e9rences. Les deux pratiques les plus importantes qu\u2019il a tenu \u00e0 transmettre et qu\u2019il consid\u00e9rait comme primordiales pour une pratique correcte de l\u2019a\u00efkido \u00e9taient la purification ou Misogi, qu\u2019il a h\u00e9rit\u00e9 notamment de Bonji Kawatsura (1862-1929), ainsi que l\u2019\u00e9tude du Kototama, apprise avec Onisaburo Deguchi.\n<\/textarea>\n\n\n\n<!-- Pied de page Elements \u00e0 copier coller sur chaque page -->\n<footer><p class=\"logo_retour_footer\"><a href=\"https:\/\/www.aikiheillecourt.fr\/index.php\/elements\/\">\n    <img loading=\"lazy\" decoding=\"async\" src=\"https:\/\/www.aikiheillecourt.fr\/wp-content\/uploads\/2025\/03\/torii.png\" alt=\"Torii\" width=\"90\" height=\"90\">\n                     <br>Retour  aux \u00e9l\u00e9ments<br> Shinto\u00efstes \u21d1\n<\/a>\n\n<\/footer>\n<\/div>\n\n\n<footer>            \n\n\n\n<\/footer>\n\n<\/html><!-- \/wp:post-content -->","protected":false},"excerpt":{"rendered":"<p>Documentation Retour aux \u00e9l\u00e9ments Shinto\u00efstes \u21d1 Le shinto, ou \u00ab Voie des dieux \u00bb, est la religion officielle de l\u2019Etat japonais. Tr\u00e8s ancienne, on en retrouve les premi\u00e8res traces dans deux \u00e9crits tr\u00e8s important de la mythologie shinto : le Kojiki (Chronique des choses anciennes) et le Nihon Shoki (Chronique du Japon). Il s\u2019agit d\u2019une [&hellip;]<\/p>\n","protected":false},"author":1,"featured_media":0,"parent":0,"menu_order":0,"comment_status":"closed","ping_status":"closed","template":"","meta":{"hide_page_title":"","footnotes":""},"class_list":["post-1015","page","type-page","status-publish","hentry"],"_links":{"self":[{"href":"https:\/\/www.aikiheillecourt.fr\/index.php\/wp-json\/wp\/v2\/pages\/1015","targetHints":{"allow":["GET"]}}],"collection":[{"href":"https:\/\/www.aikiheillecourt.fr\/index.php\/wp-json\/wp\/v2\/pages"}],"about":[{"href":"https:\/\/www.aikiheillecourt.fr\/index.php\/wp-json\/wp\/v2\/types\/page"}],"author":[{"embeddable":true,"href":"https:\/\/www.aikiheillecourt.fr\/index.php\/wp-json\/wp\/v2\/users\/1"}],"replies":[{"embeddable":true,"href":"https:\/\/www.aikiheillecourt.fr\/index.php\/wp-json\/wp\/v2\/comments?post=1015"}],"version-history":[{"count":19,"href":"https:\/\/www.aikiheillecourt.fr\/index.php\/wp-json\/wp\/v2\/pages\/1015\/revisions"}],"predecessor-version":[{"id":2231,"href":"https:\/\/www.aikiheillecourt.fr\/index.php\/wp-json\/wp\/v2\/pages\/1015\/revisions\/2231"}],"wp:attachment":[{"href":"https:\/\/www.aikiheillecourt.fr\/index.php\/wp-json\/wp\/v2\/media?parent=1015"}],"curies":[{"name":"wp","href":"https:\/\/api.w.org\/{rel}","templated":true}]}}