{"id":1044,"date":"2025-06-22T17:20:06","date_gmt":"2025-06-22T15:20:06","guid":{"rendered":"https:\/\/www.aikiheillecourt.fr\/?page_id=1044"},"modified":"2025-08-04T14:11:06","modified_gmt":"2025-08-04T12:11:06","slug":"kototama","status":"publish","type":"page","link":"https:\/\/www.aikiheillecourt.fr\/index.php\/kototama\/","title":{"rendered":"Kototama"},"content":{"rendered":"<!DOCTYPE html>\n\n<html lang=\"fr\">\n\t \t \t \t \t \t<!--link rel=\"stylesheet\" href=\"CSS_Additionel.css\" type=\"text\/css\"-->\n\n\n<!--https:\/\/www.aikiheillecourt.fr\/index.php\/elements\/-->\n<head>\n    <meta charset=\"utf-8\">\n<title>Documentation<\/title>\n<\/head>\n<div class=\"bg\">\n<header>\n<p class=\"logo_retour\"><a href=\"https:\/\/www.aikiheillecourt.fr\/index.php\/elements\/\">\n    <img decoding=\"async\" src=\"https:\/\/www.aikiheillecourt.fr\/wp-content\/uploads\/2025\/03\/cropped-logo-officiel-64x64-1-1.png\" alt=\"Acc\u00e9der au site\">\n        <br>Retour  aux \u00e9l\u00e9ments<br> Shinto\u00efstes \u21d1\n<\/a><\/p>\n\n<\/header>\n\n<textarea class=\"textarea\" readonly>\nLe kototama est un principe important de la pens\u00e9e shinto\u00efste.&nbsp; Il n\u2019est pas tr\u00e8s facile \u00e0 saisir, mais je vais essayer de vous en faire une pr\u00e9sentation la plus claire possible, car il peut se r\u00e9v\u00e9ler extr\u00eamement int\u00e9ressant dans l\u2019\u00e9tude des techniques d\u2019a\u00efkido. &nbsp; C\u2019est un concept qui, comme celui de Ki, ne poss\u00e8de aucune traduction litt\u00e9rale dans les autres langues.&nbsp; En clair, le kototama est la source de toute vie et de toute cr\u00e9ation. Selon ce principe, l\u2019univers est en r\u00e9alit\u00e9 compos\u00e9 de vibrations, d\u2019\u00e9missions d\u2019\u00e9nergie, qui se manifestent sous forme de mati\u00e8re, de pens\u00e9e, de mouvements\u2026&nbsp; C\u2019est ce type de vibrations qui est appel\u00e9 kototama, c\u2019est-\u00e0-dire \u00ab \u00e2mes-mots \u00bb.&nbsp; On peut remarquer au passage que cette doctrine se rapproche un peu de la \u00ab th\u00e9orie des cordes \u00bb de la physique actuelle. &nbsp; Selon cette pens\u00e9e, la naissance de l\u2019univers a donc \u00e9t\u00e9 d\u00e9crite d\u2019apr\u00e8s l\u2019\u00e9mergence de divers kototama.&nbsp; Dans ce syst\u00e8me, il existe cinq sons principaux, qui sont les voyelles : A, E, I, O, U (SU).\n\nLe son U\nLe kototama U correspond au infini, c\u2019est-\u00e0-dire ce qu\u2019il y avait avant la cr\u00e9ation de l\u2019univers. De ce fait, lorsque le se manifeste, il s\u2019agit de la vibration U qui est \u00e9mise.&nbsp; C\u2019est une dimension qui n\u2019est pas intellectuellement imaginable. En fait, lorsqu\u2019on consid\u00e8re l\u2019univers et que l\u2019on enl\u00e8ve tout ce qu\u2019il contient, alors il reste une esp\u00e8ce de \u00ab toile de fond \u00bb, support de l\u2019univers. C\u2019est cette dimension qui correspond au son U.\n\nLe son SU\nL\u2019univers \u00e9tait donc pr\u00e9c\u00e9d\u00e9 du infini, le son U, qui pr\u00e9c\u00e8de toute cr\u00e9ation.&nbsp; De ce absolu a pourtant jailli l\u2019univers : il s\u2019agit alors de la manifestation du son SU.&nbsp; SU est le pouvoir cr\u00e9ateur ; sans lui, le aurait stagn\u00e9 sans changer pendant toute l\u2019\u00e9ternit\u00e9. C\u2019est donc l\u2019amorce qui a d\u00e9clench\u00e9 le m\u00e9canisme de cr\u00e9ation.\n\nLe son I\nLe kototama I agit en \u00e9troite relation avec le kototama SU.&nbsp; SU est le pouvoir cr\u00e9ateur, mais I insuffle la vie \u00e0 la mati\u00e8re cr\u00e9\u00e9e par SU ; c\u2019est le pouvoir moteur de la vie.\n\nLe son A\nLe kototama A correspond \u00e0 l\u2019expansion de l\u2019univers.&nbsp; Il est \u00e9galement \u00e0 la source de la conscience que chaque \u00eatre poss\u00e8de en lui. C\u2019est le lien qui nous relie avec notre origine, et qui nous permet de comprendre que chaque \u00eatre s\u2019inscrit dans la continuit\u00e9 de cette expansion de l\u2019univers.&nbsp; En bref, toutes nos croyances religieuses et m\u00e9taphysiques sont stimul\u00e9es par le son A.\n\nLe son E\nLe kototama E correspond \u00e0 notre intelligence, c\u2019est-\u00e0-dire notre fa\u00e7on de percevoir l\u2019univers dans lequel nous vivons. De ce fait, notre capacit\u00e9 de discrimination, c\u2019est-\u00e0-dire de distinguer les diff\u00e9rents ph\u00e9nom\u00e8nes que l\u2019on voit autour de soi, est la manifestation du son E.\n\nLe son O\nLe dernier des six principaux sons, le kototama O, se manifeste par la coh\u00e9sion et l\u2019organisation des \u00e9l\u00e9ments constitutifs de l\u2019univers. Les liaisons mol\u00e9culaires, pour donner un exemple, sont dues \u00e0 l\u2019\u00e9mission du kototama O.\n\nEn r\u00e9sum\u00e9\nla \u00ab toile de fond \u00bb de l\u2019univers appara\u00eet.\nLa vibration SU d\u00e9clenche l\u2019apparition des \u00e9l\u00e9ments constitutifs de l\u2019univers.\nLa vibration I insuffle la vie dans la mati\u00e8re.\nLa vibration A donne \u00e0 chaque \u00eatre cr\u00e9\u00e9 la conscience de soi.\nLa vibration E lui donne \u00e9galement l\u2019intelligence et la perception.\nLa vibration O permet la coh\u00e9sion et la distribution de l\u2019\u00e9nergie dans les \u00e9l\u00e9ments constitutifs de l\u2019univers.\nVoil\u00e0 ; je crois que la compr\u00e9hension de ce syst\u00e8me n\u2019est pas vraiment ais\u00e9e. Malgr\u00e9 tout, elle peut \u00eatre tr\u00e8s int\u00e9ressante dans la pratique de l\u2019a\u00efkido.\nEn effet, \u00e0 chaque mouvement, on peut associer un kototama, et ainsi comprendre le sens profond des moindres gestes que l\u2019on effectue lors d\u2019une technique d\u2019a\u00efkido.\n<\/textarea>\n<h3>Interpr\u00e9tation<\/h3>\n<textarea>\nD\u2019une fa\u00e7on g\u00e9n\u00e9rale, la relation entre kototama et a\u00efkido s\u2019explique de la mani\u00e8re suivante (vous noterez la fid\u00e8le correspondance avec la cr\u00e9ation de l\u2019univers).\nTous les mouvements commencent dans le Hara, le centre du corps et centre de l\u2019univers (kototama U et SU, \u00e9tat originel et d\u00e9clenchement).\nLe Ki s\u2019anime alors \u00e0 partir du centre, il se met en action (kototama I, souffle de la vie).\nLa technique commence par l\u2019expansion d\u2019\u00e9nergie \u00e0 partir de ce point (kototama A, expansion infinie).\nCette extension engendre alors un mouvement sp\u00e9cifique des membres, qui donnera forme \u00e0 la technique (kototama E, discernement).\nAu cours de la technique, l\u2019attaquant et l\u2019adversaire unissent alors leur mouvement (kototama O, coh\u00e9sion), ce qui est un principe essentiel de l\u2019a\u00efkido.\nVoil\u00e0 donc la relation que l\u2019on peut mettre en place avec uniquement les six kototama principaux. En r\u00e9alit\u00e9, il en existe beaucoup plus.\nLeur \u00e9tude est assez complexe, mais on pourrait retrouver en chacun d\u2019eux un lien \u00e9troit avec certains mouvements d\u2019a\u00efkido, car le Fondateur disait lui-m\u00eame que \u00ab l\u2019a\u00efkido a \u00e9t\u00e9 cr\u00e9\u00e9 selon les principes du kototama \u00bb.\n\n<\/textarea>\n\n\n\n\n<!-- Pied de page Elements \u00e0 copier coller sur chaque page -->\n<footer><p class=\"logo_retour_footer\"><a href=\"https:\/\/www.aikiheillecourt.fr\/index.php\/elements\/\">\n    <img loading=\"lazy\" decoding=\"async\" src=\"https:\/\/www.aikiheillecourt.fr\/wp-content\/uploads\/2025\/03\/torii.png\" alt=\"Torii\" width=\"90\" height=\"90\">\n    <br>Retour  aux \u00e9l\u00e9ments<br> Shinto\u00efstes \u21d1\n<\/a>\n\n<\/footer>\n<\/div>\n\n\n<footer>            \n\n\n\n<\/footer>\n\n<\/html><!-- \/wp:post-content -->","protected":false},"excerpt":{"rendered":"<p>Documentation Retour aux \u00e9l\u00e9ments Shinto\u00efstes \u21d1 Le kototama est un principe important de la pens\u00e9e shinto\u00efste.&nbsp; Il n\u2019est pas tr\u00e8s facile \u00e0 saisir, mais je vais essayer de vous en faire une pr\u00e9sentation la plus claire possible, car il peut se r\u00e9v\u00e9ler extr\u00eamement int\u00e9ressant dans l\u2019\u00e9tude des techniques d\u2019a\u00efkido. &nbsp; C\u2019est un concept qui, comme [&hellip;]<\/p>\n","protected":false},"author":1,"featured_media":0,"parent":0,"menu_order":0,"comment_status":"closed","ping_status":"closed","template":"","meta":{"hide_page_title":"","footnotes":""},"class_list":["post-1044","page","type-page","status-publish","hentry"],"_links":{"self":[{"href":"https:\/\/www.aikiheillecourt.fr\/index.php\/wp-json\/wp\/v2\/pages\/1044","targetHints":{"allow":["GET"]}}],"collection":[{"href":"https:\/\/www.aikiheillecourt.fr\/index.php\/wp-json\/wp\/v2\/pages"}],"about":[{"href":"https:\/\/www.aikiheillecourt.fr\/index.php\/wp-json\/wp\/v2\/types\/page"}],"author":[{"embeddable":true,"href":"https:\/\/www.aikiheillecourt.fr\/index.php\/wp-json\/wp\/v2\/users\/1"}],"replies":[{"embeddable":true,"href":"https:\/\/www.aikiheillecourt.fr\/index.php\/wp-json\/wp\/v2\/comments?post=1044"}],"version-history":[{"count":11,"href":"https:\/\/www.aikiheillecourt.fr\/index.php\/wp-json\/wp\/v2\/pages\/1044\/revisions"}],"predecessor-version":[{"id":2235,"href":"https:\/\/www.aikiheillecourt.fr\/index.php\/wp-json\/wp\/v2\/pages\/1044\/revisions\/2235"}],"wp:attachment":[{"href":"https:\/\/www.aikiheillecourt.fr\/index.php\/wp-json\/wp\/v2\/media?parent=1044"}],"curies":[{"name":"wp","href":"https:\/\/api.w.org\/{rel}","templated":true}]}}