{"id":1049,"date":"2025-06-22T17:25:44","date_gmt":"2025-06-22T15:25:44","guid":{"rendered":"https:\/\/www.aikiheillecourt.fr\/?page_id=1049"},"modified":"2025-08-04T14:13:24","modified_gmt":"2025-08-04T12:13:24","slug":"zanshin","status":"publish","type":"page","link":"https:\/\/www.aikiheillecourt.fr\/index.php\/zanshin\/","title":{"rendered":"Zanshin"},"content":{"rendered":"<!DOCTYPE html>\n\n<html lang=\"fr\">\n\t \t \t \t \t \t<!--link rel=\"stylesheet\" href=\"CSS_Additionel.css\" type=\"text\/css\"-->\n\n\n<!--https:\/\/www.aikiheillecourt.fr\/index.php\/elements\/-->\n<head>\n    <meta charset=\"utf-8\">\n<title>Documentation<\/title>\n<\/head>\n<div class=\"bg\">\n<header>\n<p class=\"logo_retour\"><a href=\"https:\/\/www.aikiheillecourt.fr\/index.php\/elements\/\">\n    <img decoding=\"async\" src=\"https:\/\/www.aikiheillecourt.fr\/wp-content\/uploads\/2025\/03\/cropped-logo-officiel-64x64-1-1.png\" alt=\"Acc\u00e9der au site\">\n    <br>Retour  aux \u00e9l\u00e9ments<br> Shinto\u00efstes \u21d1\n<\/a><\/p>\n\n<\/header>\n\n<textarea class=\"textarea\" readonly>\nVigilance apr\u00e8s une attaque ou contre-attaque.\nZANSHIN signifie la conservation \u00e0 tout moment de la vigilance envers l&rsquo;adversaire. M\u00eame si l&rsquo;on juge l&rsquo;attaque port\u00e9e \u00e0 l&rsquo;adversaire pr\u00e9cise, puissante et valable, on doit demeurer physiquement et mentalement pr\u00eat \u00e0 lui donner imm\u00e9diatement un deuxi\u00e8me ou troisi\u00e8me coup \u00e9ventuel dans le cas o\u00f9 le premier s\u2019av\u00e9rerait compl\u00e8tement manqu\u00e9 ou insuffisant et o\u00f9 cet adversaire risquerait de contre-attaquer.\nZanshin, c&rsquo;est l&rsquo;\u00e9tat permanent de \u00ab\u00a0vigilance active\u00a0\u00bb face \u00e0 un danger potentiel ou d\u00e9clar\u00e9. Il implique une forme d&rsquo;activit\u00e9 mentale, sorte de concentration intense mais sans objet (une notion difficile \u00e0 comprendre intellectuellement) avant (menace), pendant (combat) et m\u00eame apr\u00e8s (contr\u00f4le) l&rsquo;existence de ce danger.\nC&rsquo;est la domination virtuelle et ininterrompue du danger jusqu&rsquo;\u00e0 son \u00e9limination d\u00e9finitive (et m\u00eame un peu apr\u00e8s : prolongement de l&rsquo;attention, puis d\u00e9croissance progressive de cet \u00e9tat d&rsquo;alerte).\nZanshin ne doit pas se voir. La posture (attitude physique, visible, comme \u00ab\u00a0tat mental, invisible) doit rester imp\u00e9n\u00e9trable, neutre. Esprit et corps sont en alerte (\u00e9veill\u00e9s, pr\u00eats \u00e0 s&rsquo;engager). L&rsquo;esprit est vivant, mais calme. C&rsquo;est l&rsquo;Etre d\u00e9tach\u00e9, l&rsquo;Ego, \u00e9go\u00efste et aveugle, l&rsquo;esprit pur libre, l&rsquo;\u00e9nergie fondamentale qui peut circuler sans blocage ni inhibition, pour \u00eatre disponible exactement l\u00e0 o\u00f9 il faut, quand il le faut. Seul le mental libre, ne s&rsquo;attendant \u00e0 rien, est capable de s&rsquo;attendre \u00e0 tout. L&rsquo;impr\u00e9visible peut alors \u00eatre per\u00e7u \u00e0 temps, (sans intervention de la r\u00e9flexion) et d\u00e9jou\u00e9.\nZanshin, c&rsquo;est la parfaite unit\u00e9 corps-esprit, dans le temps et l&rsquo;espace. Il suppose un esprit \u00ab\u00a0droit\u00a0\u00bb dans un corps \u00ab\u00a0droit\u00a0\u00bb, une pr\u00e9occupation et une recherche qui prennent naissance dans la prise de conscience du centre de l&rsquo;homme, et qui se poursuivent toute une vie dans la pratique, pour d\u00e9boucher sur la ma\u00eetrise du geste &lsquo;juste&rsquo;.\n(extraits de \u00ab\u00a0Ecrits sur le Budo\u00a0\u00bb, de R. Habersetzer, 8\u00b0 dan)\nZANSHIN : Peut \u00eatre traduit en fran\u00e7ais comme l&rsquo;observation de l&rsquo;adversaire ou la situation apr\u00e8s avoir ex\u00e9cut\u00e9 une technique. La technique physique se termine quand on a ex\u00e9cut\u00e9 le mouvement mais l&rsquo;action continue encore en conscience de laquelle le Maa\u00ef correct peut \u00eatre calcul\u00e9 pour la technique suivante n\u00e9cessaire.\nCependant la signification de Zanshin n&rsquo;est pas limit\u00e9e \u00e0 ce point de vue pratique, dans un sens plus profond, Zanshin d\u00e9note la continuit\u00e9 et le flux du KI (\u00e9nergie en conscience), la liaison entre une action et une autre, entre le Yin et le Yang, entre la vie et la mort.\n\n<\/textarea>\n\n<!-- Pied de page Elements \u00e0 copier coller sur chaque page -->\n<footer><p class=\"logo_retour_footer\"><a href=\"https:\/\/www.aikiheillecourt.fr\/index.php\/elements\/\">\n    <img loading=\"lazy\" decoding=\"async\" src=\"https:\/\/www.aikiheillecourt.fr\/wp-content\/uploads\/2025\/03\/torii.png\" alt=\"Torii\" width=\"90\" height=\"90\">\n<br>Retour  aux \u00e9l\u00e9ments<br> Shinto\u00efstes \u21d1    \n<\/a>\n\n<\/footer>\n<\/div>\n\n\n    \n\n","protected":false},"excerpt":{"rendered":"<p>Documentation Retour aux \u00e9l\u00e9ments Shinto\u00efstes \u21d1 Vigilance apr\u00e8s une attaque ou contre-attaque. ZANSHIN signifie la conservation \u00e0 tout moment de la vigilance envers l&rsquo;adversaire. M\u00eame si l&rsquo;on juge l&rsquo;attaque port\u00e9e \u00e0 l&rsquo;adversaire pr\u00e9cise, puissante et valable, on doit demeurer physiquement et mentalement pr\u00eat \u00e0 lui donner imm\u00e9diatement un deuxi\u00e8me ou troisi\u00e8me coup \u00e9ventuel dans le [&hellip;]<\/p>\n","protected":false},"author":1,"featured_media":0,"parent":0,"menu_order":0,"comment_status":"closed","ping_status":"closed","template":"","meta":{"hide_page_title":"","footnotes":""},"class_list":["post-1049","page","type-page","status-publish","hentry"],"_links":{"self":[{"href":"https:\/\/www.aikiheillecourt.fr\/index.php\/wp-json\/wp\/v2\/pages\/1049","targetHints":{"allow":["GET"]}}],"collection":[{"href":"https:\/\/www.aikiheillecourt.fr\/index.php\/wp-json\/wp\/v2\/pages"}],"about":[{"href":"https:\/\/www.aikiheillecourt.fr\/index.php\/wp-json\/wp\/v2\/types\/page"}],"author":[{"embeddable":true,"href":"https:\/\/www.aikiheillecourt.fr\/index.php\/wp-json\/wp\/v2\/users\/1"}],"replies":[{"embeddable":true,"href":"https:\/\/www.aikiheillecourt.fr\/index.php\/wp-json\/wp\/v2\/comments?post=1049"}],"version-history":[{"count":8,"href":"https:\/\/www.aikiheillecourt.fr\/index.php\/wp-json\/wp\/v2\/pages\/1049\/revisions"}],"predecessor-version":[{"id":2237,"href":"https:\/\/www.aikiheillecourt.fr\/index.php\/wp-json\/wp\/v2\/pages\/1049\/revisions\/2237"}],"wp:attachment":[{"href":"https:\/\/www.aikiheillecourt.fr\/index.php\/wp-json\/wp\/v2\/media?parent=1049"}],"curies":[{"name":"wp","href":"https:\/\/api.w.org\/{rel}","templated":true}]}}