{"id":1052,"date":"2025-06-22T17:30:22","date_gmt":"2025-06-22T15:30:22","guid":{"rendered":"https:\/\/www.aikiheillecourt.fr\/?page_id=1052"},"modified":"2025-08-04T14:12:00","modified_gmt":"2025-08-04T12:12:00","slug":"maai","status":"publish","type":"page","link":"https:\/\/www.aikiheillecourt.fr\/index.php\/maai\/","title":{"rendered":"Maai"},"content":{"rendered":"<!DOCTYPE html>\n\n<html lang=\"fr\">\n\t \t \t \t \t \t<!--link rel=\"stylesheet\" href=\"CSS_Additionel.css\" type=\"text\/css\"-->\n\n\n<!--https:\/\/www.aikiheillecourt.fr\/index.php\/elements\/-->\n<head>\n    <meta charset=\"utf-8\">\n<title>Documentation<\/title>\n<\/head>\n<div class=\"bg\">\n<header>\n<p class=\"logo_retour\"><a href=\"https:\/\/www.aikiheillecourt.fr\/index.php\/elements\/\">\n    <img decoding=\"async\" src=\"https:\/\/www.aikiheillecourt.fr\/wp-content\/uploads\/2025\/03\/cropped-logo-officiel-64x64-1-1.png\" alt=\"Acc\u00e9der au site\">\n            <br>Retour  aux \u00e9l\u00e9ments<br> Shinto\u00efstes \u21d1\n<\/a><\/p>\n\n<\/header>\n\n<textarea class=\"textarea\" readonly>\nDans le Budo, on dit que ma ai est important. C&rsquo;est le mot qui d\u00e9finit la relation spatiale entre Aite et soi-m\u00eame. La position d&rsquo;o\u00f9 il est facile d&rsquo;attaquer ou de se d\u00e9fendre. Le ma ai n&rsquo;est donc pas seulement une notion de distance ; il faut y inclure le mouvement des coeurs dans l&rsquo;espace. Si j&rsquo;ai peur, l&rsquo;espace semble trop petit, si j&rsquo;ai trop confiance en moi, l&rsquo;espace semble trop grand.\nL&rsquo;id\u00e9ogramme ma est constitu\u00e9 : de la porte et de la lune. C&rsquo;est la lune per\u00e7ue par l&rsquo;interstice des portes ferm\u00e9es. Nous dirons : quelque closes que soient les portes, il reste toujours un interstice pour laisser filtrer la lumi\u00e8re de la lune. De m\u00eame, si parfaite que soit la garde, il y a toujours un interstice o\u00f9 se glisse la lumi\u00e8re de la lune. Pourquoi cette force dans l&rsquo;interstice ? Simplement parce que cette fente, si minime soit-elle, contient l&rsquo;espace tout entier.\nAussi au mur d&rsquo;honneur du s\u00e9jour d&rsquo;une maison japonaise, il y a le tokonoma. L\u00e0, dans ce , on peut placer un tableau ou bien des fleurs dans un vase. Ce donne vie au tableau comme aux fleurs.\nEn peinture, comme en musique, tout vient \u00e0 la vie parce qu&rsquo;il y a cet espace . C&rsquo;est le du verre qui permet de le remplir. c&rsquo;est l&rsquo;espace dans une pi\u00e8ce qui permet aux gens d&rsquo;y vivre. C&rsquo;est la vacuit\u00e9 de cet espace qui est importante. Quand on ne voit rien, quand on pense qu&rsquo;il n&rsquo;y a rien, il y a pourtant quelque chose. La civilisation orientale, peut-on dire, est la civilisation qui accorde de l&rsquo;importance \u00e0 la vacuit\u00e9.\nLe ai de ma ai est le m\u00eame ai que le ai de aikido, avec le sens de faire Un, mettre en ordre, harmoniser. Ma ai est donc, comme vous pouvez le d\u00e9duire de ce qui vient d&rsquo;\u00eatre \u00e9crit, l&rsquo;espace qui na\u00eet \u00e0 la fois du coeur et de l&rsquo;esprit, de soi-m\u00eame et de l&rsquo;autre, et les englobe tous deux dans une \u00e9volution constante vers la position la plus avantageuse.\nJ&rsquo;ai expliqu\u00e9, jusqu&rsquo;\u00e0 maintenant, shisei, kokyu, kamae, ma ai, qui sont les bases pr\u00e9cieuses \u00e0 cultiver, \u00e0 r\u00e9p\u00e9ter inlassablement, \u00e0 marteler. Ces quatre termes ne rel\u00e8vent pas seulement du domaine du Budo, ils ont la m\u00eame importance dans tous les arts : kado, la voie des fleurs, shodo la voie de la calligraphie, la peinture, la musique, la danse, que dans les \u00e9tudes ou la vie quotidienne. Ce sont des mots dont il faut s&rsquo;impr\u00e9gner.\nMaa\u00ef : Est l&rsquo;\u00e9l\u00e9ment le plus important dans tout entra\u00eenement \u00e0 un art martial. C&rsquo;est la sensation de distance par rapport \u00e0 tout adversaire.\nPour se rendre compte du Maa\u00ef correct, plusieurs facteurs entrent en jeu, par exemple : la taille relative des personnes impliqu\u00e9es , qu&rsquo;il soit un partenaire, soit plusieurs, l&rsquo;espace environnant, le type d&rsquo;arme auquel on fait face, la diff\u00e9rence de longueur entre le sabre et le couteau, etc.\nD&rsquo;ailleurs, Maa\u00ef change constamment par le courant m\u00eame de l&rsquo;action cr\u00e9\u00e9e par l&rsquo;attaque et la d\u00e9fense. Au moment o\u00f9 l&rsquo;adversaire bouge, Maa\u00ef commence \u00e0 changer. Quand l&rsquo;un prend l&rsquo;initiative en utilisant sa subjectivit\u00e9 pour gagner le contr\u00f4le, le r\u00e9sultat de ce changement est d&rsquo;affecter Maa\u00ef. A cause de ces nombreux changements et bien plus encore \u00e0 cause du caract\u00e8re dynamique du Maa\u00ef, sa distance exacte ne peut \u00eatre mesur\u00e9e et pens\u00e9e dans la forme fixe, ni \u00eatre apprise en th\u00e9orie. Le \u00a0\u00bb sens \u00a0\u00bb de Maa\u00ef est affaire d&rsquo;exp\u00e9rience pratique et peut \u00eatre d\u00e9velopp\u00e9 \u00e0 travers la pratique.\n\n<\/textarea>\n\n\n\n\n<!-- Pied de page Elements \u00e0 copier coller sur chaque page -->\n<footer><p class=\"logo_retour_footer\"><a href=\"https:\/\/www.aikiheillecourt.fr\/index.php\/elements\/\">\n    <img loading=\"lazy\" decoding=\"async\" src=\"https:\/\/www.aikiheillecourt.fr\/wp-content\/uploads\/2025\/03\/torii.png\" alt=\"Torii\" width=\"90\" height=\"90\">\n            <br>Retour  aux \u00e9l\u00e9ments<br> Shinto\u00efstes \u21d1\n<\/a>\n\n<\/footer>\n<\/div>\n\n\n<footer>            \n\n\n\n<\/footer>\n\n<\/html><!-- \/wp:post-content -->","protected":false},"excerpt":{"rendered":"<p>Documentation Retour aux \u00e9l\u00e9ments Shinto\u00efstes \u21d1 Dans le Budo, on dit que ma ai est important. C&rsquo;est le mot qui d\u00e9finit la relation spatiale entre Aite et soi-m\u00eame. La position d&rsquo;o\u00f9 il est facile d&rsquo;attaquer ou de se d\u00e9fendre. Le ma ai n&rsquo;est donc pas seulement une notion de distance ; il faut y inclure [&hellip;]<\/p>\n","protected":false},"author":1,"featured_media":0,"parent":0,"menu_order":0,"comment_status":"closed","ping_status":"closed","template":"","meta":{"hide_page_title":"","footnotes":""},"class_list":["post-1052","page","type-page","status-publish","hentry"],"_links":{"self":[{"href":"https:\/\/www.aikiheillecourt.fr\/index.php\/wp-json\/wp\/v2\/pages\/1052","targetHints":{"allow":["GET"]}}],"collection":[{"href":"https:\/\/www.aikiheillecourt.fr\/index.php\/wp-json\/wp\/v2\/pages"}],"about":[{"href":"https:\/\/www.aikiheillecourt.fr\/index.php\/wp-json\/wp\/v2\/types\/page"}],"author":[{"embeddable":true,"href":"https:\/\/www.aikiheillecourt.fr\/index.php\/wp-json\/wp\/v2\/users\/1"}],"replies":[{"embeddable":true,"href":"https:\/\/www.aikiheillecourt.fr\/index.php\/wp-json\/wp\/v2\/comments?post=1052"}],"version-history":[{"count":8,"href":"https:\/\/www.aikiheillecourt.fr\/index.php\/wp-json\/wp\/v2\/pages\/1052\/revisions"}],"predecessor-version":[{"id":2236,"href":"https:\/\/www.aikiheillecourt.fr\/index.php\/wp-json\/wp\/v2\/pages\/1052\/revisions\/2236"}],"wp:attachment":[{"href":"https:\/\/www.aikiheillecourt.fr\/index.php\/wp-json\/wp\/v2\/media?parent=1052"}],"curies":[{"name":"wp","href":"https:\/\/api.w.org\/{rel}","templated":true}]}}