{"id":1060,"date":"2025-06-22T17:38:48","date_gmt":"2025-06-22T15:38:48","guid":{"rendered":"https:\/\/www.aikiheillecourt.fr\/?page_id=1060"},"modified":"2025-08-04T14:16:33","modified_gmt":"2025-08-04T12:16:33","slug":"kokyu-rokyu","status":"publish","type":"page","link":"https:\/\/www.aikiheillecourt.fr\/index.php\/kokyu-rokyu\/","title":{"rendered":"Kokyu Rokyu"},"content":{"rendered":"<!DOCTYPE html>\n\n<html lang=\"fr\">\n\t \t \t \t \t \t<!--link rel=\"stylesheet\" href=\"CSS_Additionel.css\" type=\"text\/css\"-->\n\n\n<!--https:\/\/www.aikiheillecourt.fr\/index.php\/elements\/-->\n<head>\n    <meta charset=\"utf-8\">\n<title>Documentation<\/title>\n<\/head>\n<div class=\"bg\">\n<header>\n<p class=\"logo_retour\"><a href=\"https:\/\/www.aikiheillecourt.fr\/index.php\/elements\/\">\n    <img decoding=\"async\" src=\"https:\/\/www.aikiheillecourt.fr\/wp-content\/uploads\/2025\/03\/cropped-logo-officiel-64x64-1-1.png\" alt=\"Acc\u00e9der au site\">\n    <br>Retour  aux \u00e9l\u00e9ments<br> Shinto\u00efstes \u21d1\n<\/a><\/p>\n\n<\/header>\n\n<textarea class=\"textarea\" readonly>\nVous pouvez pratiquer l&rsquo;aikido si vous pouvez soulever trois onces de son. Cela revient \u00e0 dire, que l&rsquo;aikido n&rsquo;est pas un art de combat corps \u00e0 corps, fond\u00e9 sur l&rsquo;utilisation de la force physique et musculaire.\n\nLe travail de la technique en aikido, se fait en utilisant pleinement l&rsquo;\u00e9nergie mentale et rationnellement la force physique. D&rsquo;o\u00f9 l&rsquo;expression employ\u00e9e plus haut. Si l&rsquo;on utilise cette m\u00e9thode, il est possible de d\u00e9velopper une force sup\u00e9rieure \u00e0 celle que l&rsquo;on croit poss\u00e9der. Lorsque nous disons que les personnes \u00e2g\u00e9es les femmes, les enfants peuvent pratiquer, cela ne signifie pas seulement qu&rsquo;ils peuvent s&rsquo;entra\u00eener, mais bien qu&rsquo;ils peuvent appliquer cette voie au combat, apr\u00e8s l&rsquo;avoir bien comprise.<\/p>\n\nJ&rsquo;ai d\u00e9j\u00e0 effleur\u00e9 plus haut le kokyu ; d\u00e9passons maintenant le stade de la respiration physiologi que pour absorber en nous-m\u00eame l&rsquo;\u00e9nergie de l&rsquo;Univers ; allons plus loin encore et fondons nous en un seul corps avec l&rsquo;Univers. La force qui en d\u00e9coule est n\u00f4tre, sans \u00eatre n\u00f4tre, car en r\u00e9alit\u00e9, c&rsquo;est l&rsquo;\u00e9nergie de l&rsquo;Univers qui surgit de notre corps. Cette force accumul\u00e9e dans le seika tanden pour emplir toutes les parties du corps, semblable \u00e0 l&rsquo;eau qui jaillit et jamais ne s&rsquo;arr\u00eate, cette force \u00e9manant d&rsquo;un corps et d&rsquo;un esprit toujours calmes, sereins, d\u00e9tendus pour r\u00e9pondre \u00e0 la n\u00e9cessit\u00e9 en tout temps et dans la direction voulue, cette force s&rsquo;appelle kokyu ryoku.\n\nCette force, cadeau du Ciel, ne pourra s&rsquo;exprimer, ni si votre nuque, vos \u00e9paules, vos bras sont inutilement contract\u00e9s, ni si vous vous imaginez \u00eatre fort ou au contraire incapable, ni si vous croyez que cette force ne peut exister. Tous ces d\u00e9chets, toutes ces impuret\u00e9s sont autant de barrages sur le passage du ki. C&rsquo;est un peu comme un tuyau qui serait pinc\u00e9, \u00e9cras\u00e9 par un pied ou bouch\u00e9 par de la terre et dont l&rsquo;eau ne pourrait s&rsquo;\u00e9couler, alors que l&rsquo;ayant branch\u00e9 sur un robinet, vous vous appr\u00eatez \u00e0 arroser un jardin.\n\n0 Sense\u00ef r\u00e9p\u00e8te souvent : \u00ab 1&rsquo;aikido est une purification du corps et de l&rsquo;\u00e2me, c&rsquo;est d\u00e9crasser le corps et l&rsquo;\u00e2me \u00bb,. Il est bien \u00e9nt, que l&rsquo;\u00e2me sera rayonnante, que la circulation sanguine s&rsquo;am\u00e9liorera de m\u00eame que le mental et le physique, si l&rsquo;on proc\u00e8de \u00e0 un d\u00e9crassage int\u00e9rieur et ext\u00e9rieur.\n\nKokyu ryoku doit donner vie, chez le pratiquant d&rsquo;aikido, \u00e0 un geste aussi simple que lever un bras ou avancer un pied. Une technique d&rsquo;aikido ex\u00e9cut\u00e9e sans l&#8217;emploi de kokyu ryoku, n&rsquo;est pas une technique d&rsquo;aikido, c&rsquo;est un champagne sans bulles, une bi\u00e8re \u00e9vent\u00e9e.\n\nKokyu ryoku compris intellectuellement est inutilisable. Il faut l&rsquo;apprendre par le corps dans l&rsquo;exercice de tous les jours, il ne s&rsquo;assimile qu&rsquo;apr\u00e8s un travail d&#8217;empilage. O Sense\u00ef dit \u00e0 ce sujet : \u00ab un travail de trois jours n&rsquo;est qu&rsquo;un travail de trois jours, un travail d&rsquo;un an n&rsquo;est qu&rsquo;un travail d&rsquo;un an, un travail de dix ans engrange la force de dix ans \u00bb\n\nSans kokyu ryoku la forme de la technique peut exister mais elle n&rsquo;est alors qu&rsquo;une forme .\nSans passer par les techniques, il est impossible de s&rsquo;impr\u00e9gner de kokyu ryoku. En outre les r\u00e9sultats seront diff\u00e9rents selon que vous y croyiez ou non.\n\nKOKYU RYOKU : Est appel\u00e9 KI : C&rsquo;est l&rsquo;extraordinaire puissance produite quand le corps et l&rsquo;esprit sont unifi\u00e9s.\nAu plus haut niveau de l&rsquo;A\u00efkido, le Kokyu Ryoku est compris comme une \u00e9nergie spirituelle qui se transforme en une \u00e9nergie physique. Certaines techniques de respiration stimulent ainsi cette forme de transformation (KOKYU : respiration, RYOKU : pouvoir).\nEn A\u00efkido, s&rsquo;entra\u00eener \u00e0 d\u00e9velopper ou \u00e0 d\u00e9couvrir ce Kokyu Ryoku est extr\u00eamement important, parce que la d\u00e9couverte du Kokyu Ryoku est n\u00e9cessaire pour la r\u00e9alisation de l&rsquo;\u00e9norme pouvoir que chacun poss\u00e8de en conscience. Cette puissance est rarement utilis\u00e9e.\n\n<\/textarea>\n\n<!-- Pied de page Elements \u00e0 copier coller sur chaque page -->\n<footer><p class=\"logo_retour_footer\"><a href=\"https:\/\/www.aikiheillecourt.fr\/index.php\/elements\/\">\n    <img loading=\"lazy\" decoding=\"async\" src=\"https:\/\/www.aikiheillecourt.fr\/wp-content\/uploads\/2025\/03\/torii.png\" alt=\"Torii\" width=\"90\" height=\"90\">\n    <br>Retour  aux \u00e9l\u00e9ments<br> Shinto\u00efstes \u21d1\n<\/a>\n\n<\/footer>\n<\/div>\n\n\n    \n\n","protected":false},"excerpt":{"rendered":"<p>Documentation Retour aux \u00e9l\u00e9ments Shinto\u00efstes \u21d1 Vous pouvez pratiquer l&rsquo;aikido si vous pouvez soulever trois onces de son. Cela revient \u00e0 dire, que l&rsquo;aikido n&rsquo;est pas un art de combat corps \u00e0 corps, fond\u00e9 sur l&rsquo;utilisation de la force physique et musculaire. Le travail de la technique en aikido, se fait en utilisant pleinement l&rsquo;\u00e9nergie [&hellip;]<\/p>\n","protected":false},"author":1,"featured_media":0,"parent":0,"menu_order":0,"comment_status":"closed","ping_status":"closed","template":"","meta":{"hide_page_title":"","footnotes":""},"class_list":["post-1060","page","type-page","status-publish","hentry"],"_links":{"self":[{"href":"https:\/\/www.aikiheillecourt.fr\/index.php\/wp-json\/wp\/v2\/pages\/1060","targetHints":{"allow":["GET"]}}],"collection":[{"href":"https:\/\/www.aikiheillecourt.fr\/index.php\/wp-json\/wp\/v2\/pages"}],"about":[{"href":"https:\/\/www.aikiheillecourt.fr\/index.php\/wp-json\/wp\/v2\/types\/page"}],"author":[{"embeddable":true,"href":"https:\/\/www.aikiheillecourt.fr\/index.php\/wp-json\/wp\/v2\/users\/1"}],"replies":[{"embeddable":true,"href":"https:\/\/www.aikiheillecourt.fr\/index.php\/wp-json\/wp\/v2\/comments?post=1060"}],"version-history":[{"count":12,"href":"https:\/\/www.aikiheillecourt.fr\/index.php\/wp-json\/wp\/v2\/pages\/1060\/revisions"}],"predecessor-version":[{"id":2240,"href":"https:\/\/www.aikiheillecourt.fr\/index.php\/wp-json\/wp\/v2\/pages\/1060\/revisions\/2240"}],"wp:attachment":[{"href":"https:\/\/www.aikiheillecourt.fr\/index.php\/wp-json\/wp\/v2\/media?parent=1060"}],"curies":[{"name":"wp","href":"https:\/\/api.w.org\/{rel}","templated":true}]}}