{"id":1063,"date":"2025-06-22T17:41:23","date_gmt":"2025-06-22T15:41:23","guid":{"rendered":"https:\/\/www.aikiheillecourt.fr\/?page_id=1063"},"modified":"2025-08-04T14:17:24","modified_gmt":"2025-08-04T12:17:24","slug":"ki-no-nagare","status":"publish","type":"page","link":"https:\/\/www.aikiheillecourt.fr\/index.php\/ki-no-nagare\/","title":{"rendered":"Ki No Nagare"},"content":{"rendered":"<!DOCTYPE html>\n\n<html lang=\"fr\">\n\t \t \t \t \t \t<!--link rel=\"stylesheet\" href=\"CSS_Additionel.css\" type=\"text\/css\"-->\n\n\n<!--https:\/\/www.aikiheillecourt.fr\/index.php\/elements\/-->\n<head>\n    <meta charset=\"utf-8\">\n<title>Documentation<\/title>\n<\/head>\n<div class=\"bg\">\n<header>\n<p class=\"logo_retour\"><a href=\"https:\/\/www.aikiheillecourt.fr\/index.php\/elements\/\">\n    <img decoding=\"async\" src=\"https:\/\/www.aikiheillecourt.fr\/wp-content\/uploads\/2025\/03\/cropped-logo-officiel-64x64-1-1.png\" alt=\"Acc\u00e9der au site\">\n        <br>Retour  aux \u00e9l\u00e9ments<br> Shinto\u00efstes \u21d1\n<\/a><\/p>\n\n<\/header>\n\n<textarea class=\"textarea\" readonly>\nUtiliser l&rsquo;\u00e9nergie de l&rsquo;autre, aller dans le m\u00eame sens, \u00eatre au bout de la force\nIriminage est l&rsquo;essence m\u00eame de l&rsquo;a\u00efkido. Avec iriminage on peut r\u00e9agir contre plusieurs adversaires et contr\u00f4ler une attaque puissante en utilisant un minimum de force. Comme kokyunage, iriminage repr\u00e9sente l&rsquo;\u00e9tape ultime et l&rsquo;essence de l&rsquo;a\u00efkido. Dans iriminage, le principe de base consiste \u00e0 projeter son adversaire dans la direction d&rsquo;un autre assaillant, quelque soit le c\u00f4t\u00e9 par lequel celui-ci se pr\u00e9sente. Les techniques en ki no nagare sont l\u00e0 pour r\u00e9pondre \u00e0 ce genre de situation. Avec ki no nagare on peut changer \u00e0 volont\u00e9 la direction dans laquelle on projette.\nD&rsquo;autre part, en ki no nagare, on s&rsquo;harmonise habilement avec le partenaire pour guider sa force de mani\u00e8re \u00e0 ce qu&rsquo;il ne puisse pas s&rsquo;\u00e9chapper en tournant. \n\nPour accomplir cela, il faut garder les hanches stables. Si les hanches ne sont pas stables on perdra l&rsquo;\u00e9quilibre lorsque l&rsquo;on essaiera de guider une attaque puissante. Le fondateur r\u00e9p\u00e9tait toujours: \u00ab\u00a0Pratiquez tai no henko pour d\u00e9velopper la stabilit\u00e9 de vos hanches\u00a0\u00bb. Tai no henko constitue la base des techniques ura ou techniques d&rsquo;ouverture en tournant et sa pratique rend capable de guider l&rsquo;attaque d&rsquo;un adversaire puissant. Il ne faut pas omettre de d\u00e9velopper la stabilit\u00e9 des hanches pour \u00eatre en mesure de contr\u00f4ler toutes sortes d&rsquo;attaques puissantes. Ainsi, l&rsquo;a\u00efkido que l&rsquo;on pratiquera sera en accord avec les enseignements de O Sensei.\n<\/textarea>\n<p>\n    <em>Takemusu Aikido &#8211; Saito Sensei<\/em>\n<\/p>\n\n<!-- Pied de page Elements \u00e0 copier coller sur chaque page -->\n<footer><p class=\"logo_retour_footer\"><a href=\"https:\/\/www.aikiheillecourt.fr\/index.php\/elements\/\">\n    <img loading=\"lazy\" decoding=\"async\" src=\"https:\/\/www.aikiheillecourt.fr\/wp-content\/uploads\/2025\/03\/torii.png\" alt=\"Torii\" width=\"90\" height=\"90\">\n        <br>Retour  aux \u00e9l\u00e9ments<br> Shinto\u00efstes \u21d1\n<\/a>\n\n<\/footer>\n<\/div>\n\n\n    \n\n","protected":false},"excerpt":{"rendered":"<p>Documentation Retour aux \u00e9l\u00e9ments Shinto\u00efstes \u21d1 Utiliser l&rsquo;\u00e9nergie de l&rsquo;autre, aller dans le m\u00eame sens, \u00eatre au bout de la force Iriminage est l&rsquo;essence m\u00eame de l&rsquo;a\u00efkido. Avec iriminage on peut r\u00e9agir contre plusieurs adversaires et contr\u00f4ler une attaque puissante en utilisant un minimum de force. Comme kokyunage, iriminage repr\u00e9sente l&rsquo;\u00e9tape ultime et l&rsquo;essence de [&hellip;]<\/p>\n","protected":false},"author":1,"featured_media":0,"parent":0,"menu_order":0,"comment_status":"closed","ping_status":"closed","template":"","meta":{"hide_page_title":"","footnotes":""},"class_list":["post-1063","page","type-page","status-publish","hentry"],"_links":{"self":[{"href":"https:\/\/www.aikiheillecourt.fr\/index.php\/wp-json\/wp\/v2\/pages\/1063","targetHints":{"allow":["GET"]}}],"collection":[{"href":"https:\/\/www.aikiheillecourt.fr\/index.php\/wp-json\/wp\/v2\/pages"}],"about":[{"href":"https:\/\/www.aikiheillecourt.fr\/index.php\/wp-json\/wp\/v2\/types\/page"}],"author":[{"embeddable":true,"href":"https:\/\/www.aikiheillecourt.fr\/index.php\/wp-json\/wp\/v2\/users\/1"}],"replies":[{"embeddable":true,"href":"https:\/\/www.aikiheillecourt.fr\/index.php\/wp-json\/wp\/v2\/comments?post=1063"}],"version-history":[{"count":8,"href":"https:\/\/www.aikiheillecourt.fr\/index.php\/wp-json\/wp\/v2\/pages\/1063\/revisions"}],"predecessor-version":[{"id":2241,"href":"https:\/\/www.aikiheillecourt.fr\/index.php\/wp-json\/wp\/v2\/pages\/1063\/revisions\/2241"}],"wp:attachment":[{"href":"https:\/\/www.aikiheillecourt.fr\/index.php\/wp-json\/wp\/v2\/media?parent=1063"}],"curies":[{"name":"wp","href":"https:\/\/api.w.org\/{rel}","templated":true}]}}