{"id":1066,"date":"2025-06-22T17:47:06","date_gmt":"2025-06-22T15:47:06","guid":{"rendered":"https:\/\/www.aikiheillecourt.fr\/?page_id=1066"},"modified":"2025-08-04T14:18:27","modified_gmt":"2025-08-04T12:18:27","slug":"kamae","status":"publish","type":"page","link":"https:\/\/www.aikiheillecourt.fr\/index.php\/kamae\/","title":{"rendered":"Kamae"},"content":{"rendered":"<!DOCTYPE html>\n\n<html lang=\"fr\">\n\t \t \t \t \t \t<!--link rel=\"stylesheet\" href=\"CSS_Additionel.css\" type=\"text\/css\"-->\n\n\n<!--https:\/\/www.aikiheillecourt.fr\/index.php\/elements\/-->\n<head>\n    <meta charset=\"utf-8\">\n<title>Documentation<\/title>\n<\/head>\n<div class=\"bg\">\n<header>\n<p class=\"logo_retour\"><a href=\"https:\/\/www.aikiheillecourt.fr\/index.php\/elements\/\">\n    <img decoding=\"async\" src=\"https:\/\/www.aikiheillecourt.fr\/wp-content\/uploads\/2025\/03\/cropped-logo-officiel-64x64-1-1.png\" alt=\"Acc\u00e9der au site\">\n            <br>Retour  aux \u00e9l\u00e9ments<br> Shinto\u00efstes \u21d1\n<\/a><\/p>\n\n<\/header>\n\n<textarea class=\"textarea\" readonly>\nL&rsquo;id\u00e9ogramme chinois de kamae est construit de la cl\u00e9 \u00ab bois \u00bb, la suite de l&rsquo;id\u00e9ogramme repr\u00e9sente un tenon et une mortaise qui rappellent l&rsquo;assemblage indissociable de la charpente. Ainsi le kamae dont on parle en Budo consiste \u00e0 prendre par rapport \u00e0 Aite la position la plus avantageuse possible. Que, porteur d&rsquo;une arme, on se trouve en face d&rsquo;un adversaire ou que deux arm\u00e9es soient face \u00e0 face, en toutes circonstances kamae est important.\nOn ne peut pas traduire simplement kamae par forme. Il est inutile de rappeler que kamae contient \u00e0 la fois les forces du ki et le pouvoir de percevoir tous les d\u00e9tails. Au kendo, le kamae du kendo ; au judo le kamae du judo ; au tennis le kamae du tennis ; en aikido on utilise hammi no kamae (garde de profil).\nA partir d&rsquo;une bonne position naturelle (shizentai) debout, jambes \u00e9cart\u00e9es \u00e0 la largeur des \u00e9paules, le pied gauche avance alors que le pied droit naturellement entra\u00een\u00e9, pivote. Nous avons la garde \u00e0 gauche : hidari hammi. Inversement, nous avons la garde \u00e0 droite : migi hammi.\nSi les deux adversaires prennent la m\u00eame garde, pied droit ou pied gauche en avant, nous obtenons : ai hammi no kamae. Si au contraire, les deux adversaires ont une garde oppos\u00e9e l&rsquo;un le pied droit en avant, l&rsquo;autre le pied gauche ou inversement, nous disons gyaku hammi no kamae. Maintenant, si dans hidari (ou migi) hammi le pied gauche (ou le droit avance d&rsquo;un pas comme dans irimi et que le pied arri\u00e8re suive, le gros orteil dans l&rsquo;alignement du talon et du pouce du pied gauche (ou droit) avanc\u00e9, nous sommes dans la posture ou garde, dit : hitoemi ou ura sankaku.\nAvec le sabre on utilise migi hammi. Avec le jo ou a mains nues la garde de base (fondamentale) est la garde \u00e0 gauche hidari hammi. Pourquoi hitoemi est la garde fondamentale de l&rsquo;aikido ? Parce que hitoemi permet de se mouvoir facilement face \u00e0 n&rsquo;importe quelle attaque et, de l\u00e0, pratiquer toutes les techniques et de les assimiler. N\u00e9anmoins, il faut en arriver \u00e0 d\u00e9passer le kamae, le v\u00e9ritable kamae est le kamae sans kamae, de mani\u00e8re \u00e0 ce que vous puissiez trouver la bonne r\u00e9ponse, quelle que soit l&rsquo;attaque, n&rsquo;importe o\u00f9, n&rsquo;importe quand, \u00e0 partir de n&rsquo;importe quelle position.\n0 Sense\u00ef dit : \u00ab Ne regardez pas les yeux de Aite, le coeur se fait aspirer par les yeux de Aite, ne regardez pas le sabre de Aite, l&rsquo;esprit se fait aspirer par le sabre de Aite, ne regardez pas Aite, vous absorberiez le ki de Aite \u00bb. Le Bu de v\u00e9rit\u00e9 est une pratique visant \u00e0 absorber Aite dans sa totalit\u00e9. \u00ab Je me tiens debout tout simplement \u00bb.\nJe livre cela \u00e0 vos r\u00e9flexions. Tirez-en la substantifique mo\u00eblle.\n<\/textarea>\n<p>\n<em>Extrait du livre de Ma\u00eetre Tamura : AIKIDO<\/em>\n<\/p>\n<!-- Pied de page Elements \u00e0 copier coller sur chaque page -->\n<footer><p class=\"logo_retour_footer\"><a href=\"https:\/\/www.aikiheillecourt.fr\/index.php\/elements\/\">\n    <img loading=\"lazy\" decoding=\"async\" src=\"https:\/\/www.aikiheillecourt.fr\/wp-content\/uploads\/2025\/03\/torii.png\" alt=\"Torii\" width=\"90\" height=\"90\">\n            <br>Retour  aux \u00e9l\u00e9ments<br> Shinto\u00efstes \u21d1\n<\/a>\n\n<\/footer>\n<\/div>","protected":false},"excerpt":{"rendered":"<p>Documentation Retour aux \u00e9l\u00e9ments Shinto\u00efstes \u21d1 L&rsquo;id\u00e9ogramme chinois de kamae est construit de la cl\u00e9 \u00ab bois \u00bb, la suite de l&rsquo;id\u00e9ogramme repr\u00e9sente un tenon et une mortaise qui rappellent l&rsquo;assemblage indissociable de la charpente. Ainsi le kamae dont on parle en Budo consiste \u00e0 prendre par rapport \u00e0 Aite la position la plus avantageuse [&hellip;]<\/p>\n","protected":false},"author":1,"featured_media":0,"parent":0,"menu_order":0,"comment_status":"closed","ping_status":"closed","template":"","meta":{"hide_page_title":"","footnotes":""},"class_list":["post-1066","page","type-page","status-publish","hentry"],"_links":{"self":[{"href":"https:\/\/www.aikiheillecourt.fr\/index.php\/wp-json\/wp\/v2\/pages\/1066","targetHints":{"allow":["GET"]}}],"collection":[{"href":"https:\/\/www.aikiheillecourt.fr\/index.php\/wp-json\/wp\/v2\/pages"}],"about":[{"href":"https:\/\/www.aikiheillecourt.fr\/index.php\/wp-json\/wp\/v2\/types\/page"}],"author":[{"embeddable":true,"href":"https:\/\/www.aikiheillecourt.fr\/index.php\/wp-json\/wp\/v2\/users\/1"}],"replies":[{"embeddable":true,"href":"https:\/\/www.aikiheillecourt.fr\/index.php\/wp-json\/wp\/v2\/comments?post=1066"}],"version-history":[{"count":10,"href":"https:\/\/www.aikiheillecourt.fr\/index.php\/wp-json\/wp\/v2\/pages\/1066\/revisions"}],"predecessor-version":[{"id":2242,"href":"https:\/\/www.aikiheillecourt.fr\/index.php\/wp-json\/wp\/v2\/pages\/1066\/revisions\/2242"}],"wp:attachment":[{"href":"https:\/\/www.aikiheillecourt.fr\/index.php\/wp-json\/wp\/v2\/media?parent=1066"}],"curies":[{"name":"wp","href":"https:\/\/api.w.org\/{rel}","templated":true}]}}