{"id":1068,"date":"2025-06-22T17:49:13","date_gmt":"2025-06-22T15:49:13","guid":{"rendered":"https:\/\/www.aikiheillecourt.fr\/?page_id=1068"},"modified":"2025-08-04T14:19:17","modified_gmt":"2025-08-04T12:19:17","slug":"harmonisation","status":"publish","type":"page","link":"https:\/\/www.aikiheillecourt.fr\/index.php\/harmonisation\/","title":{"rendered":"Harmonisation"},"content":{"rendered":"<!DOCTYPE html>\n\n<html lang=\"fr\">\n\t \t \t \t \t \t<!--link rel=\"stylesheet\" href=\"CSS_Additionel.css\" type=\"text\/css\"-->\n\n\n<!--https:\/\/www.aikiheillecourt.fr\/index.php\/elements\/-->\n<head>\n    <meta charset=\"utf-8\">\n<title>Documentation<\/title>\n<\/head>\n<div class=\"bg\">\n<header>\n<p class=\"logo_retour\"><a href=\"https:\/\/www.aikiheillecourt.fr\/index.php\/elements\/\">\n    <img decoding=\"async\" src=\"https:\/\/www.aikiheillecourt.fr\/wp-content\/uploads\/2025\/03\/cropped-logo-officiel-64x64-1-1.png\" alt=\"Acc\u00e9der au site\">\n            <br>Retour  aux \u00e9l\u00e9ments<br> Shinto\u00efstes \u21d1\n<\/a><\/p>\n\n<\/header>\n\n<textarea class=\"textarea\" readonly>\nFond\u00e9 par Morihei Ueshiba (1883-1969), l\u2019A\u00efkido, dont le nom est tir\u00e9 de A\u00ef (harmonie), de Ki (\u00e9nergie), et de Do (voie), est la voie de l&rsquo;harmonisation des \u00e9nergies.\n\nCertes, la part de la l\u00e9gende est grande, en ce qui concerne la gen\u00e8se de l&rsquo;A\u00efkido, mais ce que l&rsquo;on ne peut nier c&rsquo;est l&rsquo;implication de Ueshiba dans la Tradition spirituelle universelle et, plus particuli\u00e8rement, dans les religions du Japon.\nLa premi\u00e8re, le Shinto, insiste tr\u00e8s nettement sur la puret\u00e9 et la purification, d&rsquo;o\u00f9 une grande propension des Japonais \u00e0 la propret\u00e9, \u00e0 l&rsquo;abstinence ou aux offrandes.\nLa deuxi\u00e8me, le Bouddhisme, repose essentiellement sur la n\u00e9cessit\u00e9 de s&rsquo;affranchir de l&rsquo;illusion et de la souffrance qu&rsquo;elle engendre, notamment en prenant conscience de l&rsquo;impermanence de tous les ph\u00e9nom\u00e8nes.\nL&rsquo;influence du Tao\u00efsme, \u00e9galement, n&rsquo;est pas absente de l&rsquo;A\u00efkido, avec son principe unique s&rsquo;exprimant dans le mouvement Yin-Yang, et sa recherche de la perfection.\n\n<\/textarea>\n<small>Par Alexandre Koehler\nLes Traditions spirituelles \u00e0 l&rsquo;origine de l&rsquo;A\u00efkido<\/small>\n<!-- Pied de page Elements \u00e0 copier coller sur chaque page -->\n<footer><p class=\"logo_retour_footer\"><a href=\"https:\/\/www.aikiheillecourt.fr\/index.php\/elements\/\">\n    <img loading=\"lazy\" decoding=\"async\" src=\"https:\/\/www.aikiheillecourt.fr\/wp-content\/uploads\/2025\/03\/torii.png\" alt=\"Torii\" width=\"90\" height=\"90\">\n            <br>Retour  aux \u00e9l\u00e9ments<br> Shinto\u00efstes \u21d1\n<\/a>\n\n<\/footer>\n<\/div>","protected":false},"excerpt":{"rendered":"<p>Documentation Retour aux \u00e9l\u00e9ments Shinto\u00efstes \u21d1 Fond\u00e9 par Morihei Ueshiba (1883-1969), l\u2019A\u00efkido, dont le nom est tir\u00e9 de A\u00ef (harmonie), de Ki (\u00e9nergie), et de Do (voie), est la voie de l&rsquo;harmonisation des \u00e9nergies. Certes, la part de la l\u00e9gende est grande, en ce qui concerne la gen\u00e8se de l&rsquo;A\u00efkido, mais ce que l&rsquo;on ne [&hellip;]<\/p>\n","protected":false},"author":1,"featured_media":0,"parent":0,"menu_order":0,"comment_status":"closed","ping_status":"closed","template":"","meta":{"hide_page_title":"","footnotes":""},"class_list":["post-1068","page","type-page","status-publish","hentry"],"_links":{"self":[{"href":"https:\/\/www.aikiheillecourt.fr\/index.php\/wp-json\/wp\/v2\/pages\/1068","targetHints":{"allow":["GET"]}}],"collection":[{"href":"https:\/\/www.aikiheillecourt.fr\/index.php\/wp-json\/wp\/v2\/pages"}],"about":[{"href":"https:\/\/www.aikiheillecourt.fr\/index.php\/wp-json\/wp\/v2\/types\/page"}],"author":[{"embeddable":true,"href":"https:\/\/www.aikiheillecourt.fr\/index.php\/wp-json\/wp\/v2\/users\/1"}],"replies":[{"embeddable":true,"href":"https:\/\/www.aikiheillecourt.fr\/index.php\/wp-json\/wp\/v2\/comments?post=1068"}],"version-history":[{"count":7,"href":"https:\/\/www.aikiheillecourt.fr\/index.php\/wp-json\/wp\/v2\/pages\/1068\/revisions"}],"predecessor-version":[{"id":2243,"href":"https:\/\/www.aikiheillecourt.fr\/index.php\/wp-json\/wp\/v2\/pages\/1068\/revisions\/2243"}],"wp:attachment":[{"href":"https:\/\/www.aikiheillecourt.fr\/index.php\/wp-json\/wp\/v2\/media?parent=1068"}],"curies":[{"name":"wp","href":"https:\/\/api.w.org\/{rel}","templated":true}]}}