{"id":1271,"date":"2025-06-28T07:58:05","date_gmt":"2025-06-28T05:58:05","guid":{"rendered":"https:\/\/www.aikiheillecourt.fr\/?page_id=1271"},"modified":"2025-08-02T16:19:32","modified_gmt":"2025-08-02T14:19:32","slug":"horaires-normaux","status":"publish","type":"page","link":"https:\/\/www.aikiheillecourt.fr\/index.php\/horaires-normaux\/","title":{"rendered":"Horaires Normaux"},"content":{"rendered":"<!DOCTYPE html>\n<html lang=\"fr\">\n\n\n<meta charset=\"utf-8\">\n<title>Conteneurs<\/title>\n<!--link rel=\"stylesheet\" href=\"CSS_Additionel.css\" type=\"text\/css\"-->\n<div class=\"bg\">\n<header>\n<p class=\"logo_retour\"><a href=\"https:\/\/www.aikiheillecourt.fr\/index.php\/les-horaires\/\">\n    <img decoding=\"async\" src=\"https:\/\/www.aikiheillecourt.fr\/wp-content\/uploads\/2025\/03\/cropped-logo-officiel-64x64-1-1.png\" alt=\"Retour aux horaires\">\n            <br>Retour aux horaires  \u21d1\n<\/a><\/p>\n\n<\/header>\n<div id=\"bureau\"><\/div>\n\n<div class=\"cerisier\"><\/div>\n<div class=\"buro 2\"><\/div    >\n\n<!--th colspan=\"3\">A\u00efkiTa\u00efso<\/th-->\n\n\n<!--D\u00e9but de Section Horaires saison-->\n\n<table>\n    <tbody style=\"background-color: transparent; line-height: 0.4cm;\">\n        <!--tr>\n            <td  class=\" rvcelluleDoubleEncadr\u00e9\" colspan=\"3\"><strong>Horaires<\/strong><\/td>\n        <\/tr-->\n        <tr>\n            <td  class=\" rvcelluleDoubleEncadr\u00e9\" colspan=\"3\"><strong>A\u00efkido<\/strong><\/td>\n        <\/tr>\n\n\n        <tr>\n            <td class=\"rvcelluleNonEncadr\u00e9_HG\">Lundi<\/td>\n            <td class=\"rvcelluleNonEncadr\u00e9_H\">19:00 <br> 20:30<\/td>\n            <td class=\"rvcelluleNonEncadr\u00e9_HD\">Tous niveaux<\/td>\n        <\/tr>\n        <tr>\n            <td class=\"rvcelluleNonEncadr\u00e9_HG\">Jeudi<\/td>\n            <td class=\"rvcelluleNonEncadr\u00e9_H\">18:00 <br> 19:00<\/td>\n            <td class=\"rvcelluleNonEncadr\u00e9_HD\">D\u00e9butants<\/td>\n        <\/tr>\n        <tr>\n            <td class=\"rvcelluleNonEncadr\u00e9_HG\">Jeudi<\/td>\n            <td class=\"rvcelluleNonEncadr\u00e9_H\">19:00 <br> 20:30<\/td>\n            <td class=\"rvcelluleNonEncadr\u00e9_HD\">Tous niveaux<\/td>\n        <\/tr>\n        <tr>\n            <td  class=\"rvcelluleNonEncadr\u00e9_HG\"> Samedi<\/td>\n            <td class=\"rvcelluleNonEncadr\u00e9_H\">09:00 <br> 11:30<\/td>\n            <td class=\"rvcelluleNonEncadr\u00e9_HD\">Tous niveaux <br>(armes)<\/td>\n        <\/tr>\n\n        <tr>\n            <td   class=\" rvcelluleDoubleEncadr\u00e9\" colspan=\"3\"><strong>A\u00efkiTa\u00efso<\/strong><\/td>\n        <\/tr>\n\n        <tr>\n            <td  class=\"rvcelluleNonEncadr\u00e9_BG\" >Jeudi<\/td>\n            <td   class=\"rvcelluleNonEncadr\u00e9_BD\" colspan=\"2\">17:00 <br> 18:00<\/td>\n        <\/tr>\n    <\/tbody>\n<\/table>\n\n<!--Fin de Section Horaires saison-->\n\n<!-- Pied de page \u00e0 copier coller sur chaque page -->\n<footer>\n    <p class=\"logo_retour_footer\"><a href=\"https:\/\/www.aikiheillecourt.fr\/index.php\/les-horaires\/\">\n    <!--img src=\"https:\/\/www.aikiheillecourt.fr\/wp-content\/uploads\/2025\/04\/Yin.png\" alt=\"Yin-Yang\" width=\"70\" height=\"70\"-->\n    \n        <img loading=\"lazy\" decoding=\"async\" src=\"https:\/\/www.aikiheillecourt.fr\/wp-content\/uploads\/2025\/07\/Irimi.png\" alt=\"Yin-Yang\" width=\"70\" height=\"70\">\n        <br>Retour aux horaires  \u21d1\n<\/a><\/p>\n\n\n\n<\/div>\n<\/html>\n<!-- \/wp:post-content -->","protected":false},"excerpt":{"rendered":"<p>Conteneurs Retour aux horaires \u21d1 A\u00efkido Lundi 19:00 20:30 Tous niveaux Jeudi 18:00 19:00 D\u00e9butants Jeudi 19:00 20:30 Tous niveaux Samedi 09:00 11:30 Tous niveaux (armes) A\u00efkiTa\u00efso Jeudi 17:00 18:00 Retour aux horaires \u21d1<\/p>\n","protected":false},"author":1,"featured_media":0,"parent":0,"menu_order":0,"comment_status":"closed","ping_status":"closed","template":"","meta":{"hide_page_title":"","footnotes":""},"class_list":["post-1271","page","type-page","status-publish","hentry"],"_links":{"self":[{"href":"https:\/\/www.aikiheillecourt.fr\/index.php\/wp-json\/wp\/v2\/pages\/1271","targetHints":{"allow":["GET"]}}],"collection":[{"href":"https:\/\/www.aikiheillecourt.fr\/index.php\/wp-json\/wp\/v2\/pages"}],"about":[{"href":"https:\/\/www.aikiheillecourt.fr\/index.php\/wp-json\/wp\/v2\/types\/page"}],"author":[{"embeddable":true,"href":"https:\/\/www.aikiheillecourt.fr\/index.php\/wp-json\/wp\/v2\/users\/1"}],"replies":[{"embeddable":true,"href":"https:\/\/www.aikiheillecourt.fr\/index.php\/wp-json\/wp\/v2\/comments?post=1271"}],"version-history":[{"count":28,"href":"https:\/\/www.aikiheillecourt.fr\/index.php\/wp-json\/wp\/v2\/pages\/1271\/revisions"}],"predecessor-version":[{"id":2210,"href":"https:\/\/www.aikiheillecourt.fr\/index.php\/wp-json\/wp\/v2\/pages\/1271\/revisions\/2210"}],"wp:attachment":[{"href":"https:\/\/www.aikiheillecourt.fr\/index.php\/wp-json\/wp\/v2\/media?parent=1271"}],"curies":[{"name":"wp","href":"https:\/\/api.w.org\/{rel}","templated":true}]}}