{"id":1273,"date":"2025-06-28T07:59:27","date_gmt":"2025-06-28T05:59:27","guid":{"rendered":"https:\/\/www.aikiheillecourt.fr\/?page_id=1273"},"modified":"2025-08-02T15:59:57","modified_gmt":"2025-08-02T13:59:57","slug":"horeires-dete","status":"publish","type":"page","link":"https:\/\/www.aikiheillecourt.fr\/index.php\/horeires-dete\/","title":{"rendered":"Horaires d&rsquo;Et\u00e9"},"content":{"rendered":"<!DOCTYPE html>\n<html lang=\"fr\">\n\n\n<meta charset=\"utf-8\">\n<title>Conteneurs<\/title>\n<!--link rel=\"stylesheet\" href=\"CSS_Additionel.css\" type=\"text\/css\"-->\n<div class=\"bg\">\n<header>\n<p class=\"logo_retour\"><a href=\"https:\/\/www.aikiheillecourt.fr\/index.php\/les-horaires\/\">\n    <img decoding=\"async\" src=\"https:\/\/www.aikiheillecourt.fr\/wp-content\/uploads\/2025\/03\/cropped-logo-officiel-64x64-1-1.png\" alt=\"Retour aux horaires\">\n            <br>Retour aux horaires  \u21d1\n<\/a><\/p>\n\n<\/header>\n<div id=\"bureau\"><\/div>\n\n<div class=\"cerisier\"><\/div>\n<div class=\"buro 2\"><\/div    >\n\n<!--D\u00e9but de Section Horaires Et\u00e9-->\n<table>\n\n    <thead>\n        <!--tr>\n            <td  class=\" rvcelluleDoubleEncadr\u00e9\" colspan=\"3\"><strong>Horaires<\/strong><\/td>\n        <\/tr-->\n        <tr>\n            <td  class=\" rvcelluleDoubleEncadr\u00e9\" colspan=\"3\"><strong>A\u00efkido<\/strong><\/td>\n        <\/tr>\n    <\/thead>\n         <tbody style=\"background-color: transparent;\">\n    <tr>\n        <td class=\"rvcelluleNonEncadr\u00e9_HG\">Lundi<\/td>\n        <td class=\"rvcelluleNonEncadr\u00e9_H\">19:00 <br> 20:30<\/td>\n        <td class=\"rvcelluleNonEncadr\u00e9_HD\">Tous niveaux<\/td>\n    <\/tr>\n\n    <tr>\n        <td class=\"rvcelluleNonEncadr\u00e9_HG\">Jeudi<\/td>\n        <td class=\"rvcelluleNonEncadr\u00e9_H\">19:00 <br> 20:30<\/td>\n        <td class=\"rvcelluleNonEncadr\u00e9_HD\">Tous niveaux<\/td>\n    <\/tr>\n\n    <\/tbody>\n\n    <thead>\n        <tr>\n            <td   class=\" rvcelluleDoubleEncadr\u00e9\" colspan=\"3\"><strong>A\u00efkiTa\u00efso (Suspendu pendant l&rsquo;\u00e9t\u00e9) <\/strong><\/td>\n        <\/tr>\n    <\/thead>\n\n     <!--tbody style=\"background-color: transparent;\">\n        <tr>\n            <td  class=\"rvcelluleNonEncadr\u00e9_BG\" >Suspendu<\/td>\n            <td   class=\"rvcelluleNonEncadr\u00e9_BD\" colspan=\"2\"><\/td>\n        <\/tr>\n    <\/tbody-->\n<\/table>\n<div>\n\n<\/div>\n\n<!--Fin de Section Horaires Et\u00e9-->\n\n<!-- Pied de page \u00e0 copier coller sur chaque page -->\n<footer>\n    <p class=\"logo_retour_footer\"><a href=\"https:\/\/www.aikiheillecourt.fr\/index.php\/les-horaires\/\">\n    <!--img src=\"https:\/\/www.aikiheillecourt.fr\/wp-content\/uploads\/2025\/04\/Yin.png\" alt=\"Yin-Yang\" width=\"70\" height=\"70\"-->\n    \n        <img loading=\"lazy\" decoding=\"async\" src=\"https:\/\/www.aikiheillecourt.fr\/wp-content\/uploads\/2025\/07\/Irimi.png\" alt=\"Irimi\" width=\"70\" height=\"70\">\n        <br>Retour aux horaires  \u21d1\n<\/a><\/p>\n\n\n\n<\/div>\n<\/html>\n<!-- \/wp:post-content -->","protected":false},"excerpt":{"rendered":"<p>Conteneurs Retour aux horaires \u21d1 A\u00efkido Lundi 19:00 20:30 Tous niveaux Jeudi 19:00 20:30 Tous niveaux A\u00efkiTa\u00efso (Suspendu pendant l&rsquo;\u00e9t\u00e9) Retour aux horaires \u21d1<\/p>\n","protected":false},"author":1,"featured_media":0,"parent":0,"menu_order":0,"comment_status":"closed","ping_status":"closed","template":"","meta":{"hide_page_title":"","footnotes":""},"class_list":["post-1273","page","type-page","status-publish","hentry"],"_links":{"self":[{"href":"https:\/\/www.aikiheillecourt.fr\/index.php\/wp-json\/wp\/v2\/pages\/1273","targetHints":{"allow":["GET"]}}],"collection":[{"href":"https:\/\/www.aikiheillecourt.fr\/index.php\/wp-json\/wp\/v2\/pages"}],"about":[{"href":"https:\/\/www.aikiheillecourt.fr\/index.php\/wp-json\/wp\/v2\/types\/page"}],"author":[{"embeddable":true,"href":"https:\/\/www.aikiheillecourt.fr\/index.php\/wp-json\/wp\/v2\/users\/1"}],"replies":[{"embeddable":true,"href":"https:\/\/www.aikiheillecourt.fr\/index.php\/wp-json\/wp\/v2\/comments?post=1273"}],"version-history":[{"count":17,"href":"https:\/\/www.aikiheillecourt.fr\/index.php\/wp-json\/wp\/v2\/pages\/1273\/revisions"}],"predecessor-version":[{"id":2203,"href":"https:\/\/www.aikiheillecourt.fr\/index.php\/wp-json\/wp\/v2\/pages\/1273\/revisions\/2203"}],"wp:attachment":[{"href":"https:\/\/www.aikiheillecourt.fr\/index.php\/wp-json\/wp\/v2\/media?parent=1273"}],"curies":[{"name":"wp","href":"https:\/\/api.w.org\/{rel}","templated":true}]}}