{"id":2075,"date":"2025-07-28T19:04:01","date_gmt":"2025-07-28T17:04:01","guid":{"rendered":"https:\/\/www.aikiheillecourt.fr\/?page_id=2075"},"modified":"2025-10-05T11:40:38","modified_gmt":"2025-10-05T09:40:38","slug":"yudansha","status":"publish","type":"page","link":"https:\/\/www.aikiheillecourt.fr\/index.php\/yudansha\/","title":{"rendered":"YUDANSHA"},"content":{"rendered":"<!DOCTYPE html>\n\n<html lang=\"fr\">\n\n\n\n<head>\n<title>TARIFS<\/title>\n\n   <meta charset=\"utf-8\">\n\n<\/head>\n<div class=\"bg\">\n      <p style=\"font-size: x-small;text-align: right;\">\nGrad\u00e9s\n<\/p>\n<header>\n<p class=\"logo_retour\"><a href=\"https:\/\/www.aikiheillecourt.fr\/index.php\/les-enseignants\/\">\n    <img decoding=\"async\" src=\"https:\/\/www.aikiheillecourt.fr\/wp-content\/uploads\/2025\/03\/cropped-logo-officiel-64x64-1-1.png\" alt=\"Acc\u00e9der au site\">\n            <br>Retour aux enseignants  \u21d1\n<\/a><\/p>\n\n<\/header>\n\n\n\n\n    <table >\n     <tbody style=\"background-color: transparent; line-height: 0.4cm;\">\n      <tr>\n         <td class=\"rvcelluleNonEncadr\u00e9_HG_OP\">Jean Pierre<br>RAHIER<\/td>\n         <td class=\"rvcelluleNonEncadr\u00e9_HD_OP\">3<sup>\u00e8me<\/sup> <br>DAN<\/td>\n      <\/tr-->\n      <tr>\n         <td class=\"rvcelluleNonEncadr\u00e9_HG\">Eric <br>FUND<\/td>\n         <td class=\"rvcelluleNonEncadr\u00e9_HD\">2<sup>\u00e8me<\/sup><br> DAN<\/td>\n      <\/tr>\n      <tr>\n         <td class=\"rvcelluleNonEncadr\u00e9_HG_OP\">Yorick <br>LEGROS<\/td>\n         <td class=\"rvcelluleNonEncadr\u00e9_HD_OP\">2<sup>\u00e8me<\/sup> DAN <br>  B.F.<\/td>\n      <\/tr>\n      <tr>\n         <td class=\"rvcelluleNonEncadr\u00e9_HG\">Sylvain<br>SIMONET<\/td>\n         <td class=\"rvcelluleNonEncadr\u00e9_HD\">2<sup>\u00e8me<\/sup> <br>DAN<\/td>\n      <\/tr>\n      <tr>\n         <td class=\"rvcelluleNonEncadr\u00e9_HG\">Daniel<br>SEUFER<\/td>\n         <td class=\"rvcelluleNonEncadr\u00e9_HD\">1<sup>er<\/sup> <br>DAN<\/td>\n      <\/tr>\n      <tr>\n         <td class=\"rvcelluleNonEncadr\u00e9_HG\">Martine <br>ROSIN<\/td>\n         <td class=\"rvcelluleNonEncadr\u00e9_HD\">1<sup>er<\/sup> <br>DAN<\/td>\n      <\/tr>\n      <tr>\n         <td class=\"rvcelluleNonEncadr\u00e9_BG_Enseignants_OP\">Thierry <br>PANTALEO<\/td>\n         <td class=\"rvcelluleNonEncadr\u00e9_BD_Enseignants_OP\">1<sup>er<\/sup> <br>DAN<\/td>\n      <\/tr>\n      <\/tbody>\n    <\/table>\n\n<p style=\"text-align: right;\">\n<a href=\"https:\/\/www.aikiheillecourt.fr\/index.php\/les-enseignants\/\">\n      <small>Les Enseignants       <\/small>\n<\/a>\n<!--\n&nbsp;&nbsp;&nbsp;&nbsp;&nbsp;&nbsp;&nbsp;&nbsp;&nbsp;&nbsp;&nbsp;&nbsp;\n   <a href=\"    https:\/\/www.aikiheillecourt.fr\/index.php\/yudansha\/\">\n      <small>Les Yudansha       <\/small>\n<\/a>\n-->\n&nbsp;&nbsp;&nbsp;&nbsp;&nbsp;&nbsp;&nbsp;&nbsp;&nbsp;&nbsp;&nbsp;&nbsp;\n<a href=\"    https:\/\/www.aikiheillecourt.fr\/index.php\/mudansha\/\">\n      <small>Les Mudansha<\/small>\n<\/a>\n<\/p>\n\n    \n<!-- Pied de page \u00e0 copier coller sur chaque page -->\n<!--footer><p class=\"logo_retour_footer\"><a href=\"https:\/\/www.aikiheillecourt.fr\/index.php\/les-enseignants\/\">\n    <img loading=\"lazy\" decoding=\"async\" src=\"https:\/\/www.aikiheillecourt.fr\/wp-content\/uploads\/2025\/07\/DAN.png\" alt=\"Yin-Yang\" width=\"70\" height=\"70\">\n\n        <br>Retour aux enseignants  \u21d1\n<\/a><\/p>\n<\/footer-->\n<\/div>\n\n<\/html>","protected":false},"excerpt":{"rendered":"<p>TARIFS Grad\u00e9s Retour aux enseignants \u21d1 Jean PierreRAHIER 3\u00e8me DAN Eric FUND 2\u00e8me DAN Yorick LEGROS 2\u00e8me DAN B.F. SylvainSIMONET 2\u00e8me DAN DanielSEUFER 1er DAN Martine ROSIN 1er DAN Thierry PANTALEO 1er DAN Les Enseignants &nbsp;&nbsp;&nbsp;&nbsp;&nbsp;&nbsp;&nbsp;&nbsp;&nbsp;&nbsp;&nbsp;&nbsp; Les Mudansha<\/p>\n","protected":false},"author":1,"featured_media":0,"parent":0,"menu_order":0,"comment_status":"closed","ping_status":"closed","template":"","meta":{"hide_page_title":"","footnotes":""},"class_list":["post-2075","page","type-page","status-publish","hentry"],"_links":{"self":[{"href":"https:\/\/www.aikiheillecourt.fr\/index.php\/wp-json\/wp\/v2\/pages\/2075","targetHints":{"allow":["GET"]}}],"collection":[{"href":"https:\/\/www.aikiheillecourt.fr\/index.php\/wp-json\/wp\/v2\/pages"}],"about":[{"href":"https:\/\/www.aikiheillecourt.fr\/index.php\/wp-json\/wp\/v2\/types\/page"}],"author":[{"embeddable":true,"href":"https:\/\/www.aikiheillecourt.fr\/index.php\/wp-json\/wp\/v2\/users\/1"}],"replies":[{"embeddable":true,"href":"https:\/\/www.aikiheillecourt.fr\/index.php\/wp-json\/wp\/v2\/comments?post=2075"}],"version-history":[{"count":30,"href":"https:\/\/www.aikiheillecourt.fr\/index.php\/wp-json\/wp\/v2\/pages\/2075\/revisions"}],"predecessor-version":[{"id":2439,"href":"https:\/\/www.aikiheillecourt.fr\/index.php\/wp-json\/wp\/v2\/pages\/2075\/revisions\/2439"}],"wp:attachment":[{"href":"https:\/\/www.aikiheillecourt.fr\/index.php\/wp-json\/wp\/v2\/media?parent=2075"}],"curies":[{"name":"wp","href":"https:\/\/api.w.org\/{rel}","templated":true}]}}