{"id":2116,"date":"2025-07-29T22:58:58","date_gmt":"2025-07-29T20:58:58","guid":{"rendered":"https:\/\/www.aikiheillecourt.fr\/?page_id=2116"},"modified":"2025-10-05T11:36:32","modified_gmt":"2025-10-05T09:36:32","slug":"mudansha","status":"publish","type":"page","link":"https:\/\/www.aikiheillecourt.fr\/index.php\/mudansha\/","title":{"rendered":"MUDANSHA"},"content":{"rendered":"<!DOCTYPE html>\n\n<html lang=\"fr\">\n\n\n\n<head>\n<title>TARIFS<\/title>\n\n   <meta charset=\"utf-8\">\n\n<\/head>\n<div class=\"bg\">\n   <p style=\"font-size: x-small;text-align: right;\">\nNon grad\u00e9s\n<\/p>\n<header>\n<p class=\"logo_retour\"><a href=\"https:\/\/www.aikiheillecourt.fr\/index.php\/les-enseignants\/\">\n\n    <img decoding=\"async\" src=\"https:\/\/www.aikiheillecourt.fr\/wp-content\/uploads\/2025\/03\/cropped-logo-officiel-64x64-1-1.png\" alt=\"Acc\u00e9der au site\">\n                <br>Retour aux enseignants  \u21d1\n<\/a><\/p>\n\n<\/header>\n<table >\n     <tbody style=\"background-color: transparent; line-height: 0.4cm;\">\n      <tr>\n         <td class=\"rvcelluleNonEncadr\u00e9_HG\">Thierry<br>CHENY<\/td>\n         <td class=\"rvcelluleNonEncadr\u00e9_HD\">1<sup>er<\/sup> <br>Kyu<\/td>\n      <\/tr>\n      <tr>\n         <td class=\"rvcelluleNonEncadr\u00e9_HG_OP\">Arnaud <br>DUPONT<\/td>\n         <td class=\"rvcelluleNonEncadr\u00e9_HD_OP\">1<sup>er<\/sup> <br>Kyu<\/td>\n      <\/tr>\n      <tr>\n         <td class=\"rvcelluleNonEncadr\u00e9_HG_OP\">Olivier<br>GEORGE<\/td>\n         <td class=\"rvcelluleNonEncadr\u00e9_HD_OP\">1<sup>er<\/sup> <br>Kyu<\/td>\n      <\/tr>\n      <tr>\n         <td class=\"rvcelluleNonEncadr\u00e9_HG\">St\u00e9phane<br>ARISI<\/td>\n         <td class=\"rvcelluleNonEncadr\u00e9_HD\">2<sup>\u00e8me<\/sup> <br>Kyu<\/td>\n      <\/tr>\n      <tr>\n         <td class=\"rvcelluleNonEncadr\u00e9_HG\">Bernard<br>GANNE<\/td>\n         <td class=\"rvcelluleNonEncadr\u00e9_HD\">2<sup>\u00e8me<\/sup> <br>Kyu<\/td>\n      <\/tr>\n      <tr>\n         <td class=\"rvcelluleNonEncadr\u00e9_HG_OP\">Jacques <br>LAURENT<\/td>\n         <td class=\"rvcelluleNonEncadr\u00e9_HD_OP\">2<sup>\u00e8me<\/sup> <br>Kyu<\/td>\n      <\/tr>\n      <tr>\n         <td class=\"rvcelluleNonEncadr\u00e9_HG\">Christian <br>ROUSSEL<\/td>\n         <td class=\"rvcelluleNonEncadr\u00e9_HD\">2<sup>\u00e8me<\/sup> <br>Kyu<\/td>\n      <\/tr>\n      <tr>\n         <td class=\"rvcelluleNonEncadr\u00e9_HG_OP\">Pierre <br>BOURGUIGON-FORT<\/td>\n         <td class=\"rvcelluleNonEncadr\u00e9_HD_OP\">3<sup>\u00e8me<\/sup> <br>Kyu<\/td>\n      <\/tr>\n      <tr>\n         <td class=\"rvcelluleNonEncadr\u00e9_HG\">Franck <br>LAMBLIN<\/td>\n         <td class=\"rvcelluleNonEncadr\u00e9_HD\">3<sup>\u00e8me<\/sup> <br>Kyu<\/td>\n      <\/tr>\n      <tr>\n         <td class=\"rvcelluleNonEncadr\u00e9_HG\">Nicolas<br>VAN DER HEYDEN<\/td>\n         <td class=\"rvcelluleNonEncadr\u00e9_HD\">3<sup>\u00e8me<\/sup> <br>Kyu<\/td>\n      <\/tr>\n      <tr>\n         <td class=\"rvcelluleNonEncadr\u00e9_HG_OP\">Jonathan<br>MAZZOLINI<\/td>\n         <td class=\"rvcelluleNonEncadr\u00e9_HD\">3<sup>\u00e8me<\/sup> <br>Kyu<\/td>\n      <\/tr>\n      <tr>\n         <td class=\"rvcelluleNonEncadr\u00e9_HG\">Melanie<br>RICHARDOT<\/td>\n         <td class=\"rvcelluleNonEncadr\u00e9_HD\">4<sup>\u00e8me<\/sup> <br>Kyu<\/td>\n      <\/tr>\n      <tr >\n         <td class=\"rvcelluleNonEncadr\u00e9_HG\">Adnane<br>BASSOU<\/td>\n         <td class=\"rvcelluleNonEncadr\u00e9_HD\">5<sup>\u00e8me<\/sup> <br>Kyu<\/td>\n      <\/tr>\n      <tr>\n         <td class=\"rvcelluleNonEncadr\u00e9_BG_Enseignants_OP\">Laetitia<br>DEMANGEONT<\/td>\n         <td class=\"rvcelluleNonEncadr\u00e9_BD_Enseignants_OP\">6<sup>\u00e8me<\/sup> <br>Kyu<\/td>\n      <\/tr>\n      <tr>\n         <td class=\"rvcelluleNonEncadr\u00e9_BG_Enseignants_OP\">Virginie<br>BURET<\/td>\n         <td class=\"rvcelluleNonEncadr\u00e9_BD_Enseignants_OP\">D\u00e9butante<\/td>\n      <\/tr>\n      <tr>\n         <td class=\"rvcelluleNonEncadr\u00e9_BG_Enseignants_OP\">Michel<br>HENNOCQUE<\/td>\n         <td class=\"rvcelluleNonEncadr\u00e9_BD_Enseignants_OP\">D\u00e9butante<\/td>\n      <\/tr>\n      <tr>\n         <td class=\"rvcelluleNonEncadr\u00e9_BG_Enseignants_OP\">Justain<br>LEVILAIN<\/td>\n         <td class=\"rvcelluleNonEncadr\u00e9_BD_Enseignants_OP\">D\u00e9butante<\/td>\n      <\/tr-->\n\n      <\/tbody>\n<\/table>\n  \n<p style=\"text-align: right;\">\n<a href=\"https:\/\/www.aikiheillecourt.fr\/index.php\/les-enseignants\/\">\n      <small>Les Enseignants       <\/small>\n<\/a>\n&nbsp;&nbsp;&nbsp;&nbsp;&nbsp;&nbsp;&nbsp;&nbsp;&nbsp;&nbsp;&nbsp;&nbsp;\n   <a href=\"    https:\/\/www.aikiheillecourt.fr\/index.php\/yudansha\/\">\n      <small>Les Yudansha       <\/small>\n<\/a>\n<!--\n&nbsp;&nbsp;&nbsp;&nbsp;&nbsp;&nbsp;&nbsp;&nbsp;&nbsp;&nbsp;&nbsp;&nbsp;\n<a href=\"    https:\/\/www.aikiheillecourt.fr\/index.php\/mudansha\/\">\n      <small>Les Mudansha<\/small>\n<\/a>\n-->\n<\/p>\n\n    \n<!-- Pied de page \u00e0 copier coller sur chaque page -->\n<!--footer><p class=\"logo_retour_footer\"><a href=\"https:\/\/www.aikiheillecourt.fr\/index.php\/les-enseignants\/\">\n    <img loading=\"lazy\" decoding=\"async\" src=\"https:\/\/www.aikiheillecourt.fr\/wp-content\/uploads\/2025\/07\/DAN.png\" alt=\"Yin-Yang\" width=\"70\" height=\"70\">\n\n            <br>Retour aux enseignants  \u21d1\n<\/a><\/p>\n<\/footer-->\n<\/div>\n\n<\/html>","protected":false},"excerpt":{"rendered":"<p>TARIFS Non grad\u00e9s Retour aux enseignants \u21d1 ThierryCHENY 1er Kyu Arnaud DUPONT 1er Kyu OlivierGEORGE 1er Kyu St\u00e9phaneARISI 2\u00e8me Kyu BernardGANNE 2\u00e8me Kyu Jacques LAURENT 2\u00e8me Kyu Christian ROUSSEL 2\u00e8me Kyu Pierre BOURGUIGON-FORT 3\u00e8me Kyu Franck LAMBLIN 3\u00e8me Kyu NicolasVAN DER HEYDEN 3\u00e8me Kyu JonathanMAZZOLINI 3\u00e8me Kyu MelanieRICHARDOT 4\u00e8me Kyu AdnaneBASSOU 5\u00e8me Kyu LaetitiaDEMANGEONT 6\u00e8me [&hellip;]<\/p>\n","protected":false},"author":1,"featured_media":0,"parent":0,"menu_order":0,"comment_status":"closed","ping_status":"closed","template":"","meta":{"hide_page_title":"","footnotes":""},"class_list":["post-2116","page","type-page","status-publish","hentry"],"_links":{"self":[{"href":"https:\/\/www.aikiheillecourt.fr\/index.php\/wp-json\/wp\/v2\/pages\/2116","targetHints":{"allow":["GET"]}}],"collection":[{"href":"https:\/\/www.aikiheillecourt.fr\/index.php\/wp-json\/wp\/v2\/pages"}],"about":[{"href":"https:\/\/www.aikiheillecourt.fr\/index.php\/wp-json\/wp\/v2\/types\/page"}],"author":[{"embeddable":true,"href":"https:\/\/www.aikiheillecourt.fr\/index.php\/wp-json\/wp\/v2\/users\/1"}],"replies":[{"embeddable":true,"href":"https:\/\/www.aikiheillecourt.fr\/index.php\/wp-json\/wp\/v2\/comments?post=2116"}],"version-history":[{"count":25,"href":"https:\/\/www.aikiheillecourt.fr\/index.php\/wp-json\/wp\/v2\/pages\/2116\/revisions"}],"predecessor-version":[{"id":2435,"href":"https:\/\/www.aikiheillecourt.fr\/index.php\/wp-json\/wp\/v2\/pages\/2116\/revisions\/2435"}],"wp:attachment":[{"href":"https:\/\/www.aikiheillecourt.fr\/index.php\/wp-json\/wp\/v2\/media?parent=2116"}],"curies":[{"name":"wp","href":"https:\/\/api.w.org\/{rel}","templated":true}]}}