{"id":2334,"date":"2025-09-09T18:21:40","date_gmt":"2025-09-09T16:21:40","guid":{"rendered":"https:\/\/www.aikiheillecourt.fr\/?page_id=2334"},"modified":"2025-09-12T17:44:16","modified_gmt":"2025-09-12T15:44:16","slug":"inscriptions","status":"publish","type":"page","link":"https:\/\/www.aikiheillecourt.fr\/index.php\/inscriptions\/","title":{"rendered":"Inscriptions"},"content":{"rendered":"<!DOCTYPE html>\n\n<html lang=\"fr\">\n\n\n<!--https:\/\/www.aikiheillecourt.fr\/Documentation\/-->\n<head>\n    <meta charset=\"utf-8\">\n<title>Documentation<\/title>\n<\/head>\n<div class=\"aikiFonddecran\">\n<header>\n<p class=\"logo_retour\"><a href=\"https:\/\/www.aikiheillecourt.fr\/\">\n    <img decoding=\"async\" src=\"https:\/\/www.aikiheillecourt.fr\/wp-content\/uploads\/2025\/03\/cropped-logo-officiel-64x64-1-1.png\" alt=\"Acc\u00e9der au site\">\n                            <br>Retour \u00e0 l&rsquo;accueil  \u21d1\n<\/a><\/p>\n\n<\/header>\n<strong><em><small>Documents \u00e0 t\u00e9l\u00e9charger et \u00e0 communiquer une fois remplis<\/small><\/em><\/strong>\n<nav>\n    <ul id=\"MenuRestreint\">\n\n        <li><a href=\".\/documentation\/imprimes\/plaquette-aikitaiso\/\">Plaquette A\u00efkiTa\u00efso<\/a><\/li>\n        <li><a href=\".\/documentation\/imprimes\/plaquette-aikido\/\">Plaquette A\u00efkido<\/a><\/li>\n        <li><a href=\"        https:\/\/www.aikiheillecourt.fr\/index.php\/cerfa-15699\/\">Questionnaire medical<\/a><\/li>\n        <!--li><a href=\"https:\/\/www.formulaires.service-public.fr\/gf\/cerfa_15699_01.do;jsessionid=874077FEEE81AFEE46CA133B7A0558BE.server01)\">Questionnaire medical<\/a><\/li-->\n        <li><a href=\"        https:\/\/www.aikiheillecourt.fr\/index.php\/fiche-inscription-aikiclub-3\/\">Fiche d&rsquo;inscription<\/a><\/li>\n        <li><a href=\"        https:\/\/www.aikiheillecourt.fr\/index.php\/formulaire-sante\/\">Validation Questionnaire de Sant\u00e9<\/a><\/li>\n        <!--li><a href=\"https:\/\/www.aikiheillecourt.fr\/wp-content\/uploads\/2025\/09\/Validation-questionnaire-sante.pdf\" download>Validation Questionnaire de Sant\u00e9<\/a><\/li-->\n   <\/ul>\n<\/nav>\n<aside  class=\"waki\"><\/aside>\n<!--div class=\"QRcode\"><\/div-->\n<!-- Pied de page \u00e0 copier coller sur chaque page -->\n<footer><p class=\"logo_retour_footer\"><a href=\"https:\/\/www.aikiheillecourt.fr\/\">\n    <img loading=\"lazy\" decoding=\"async\" src=\"https:\/\/www.aikiheillecourt.fr\/wp-content\/uploads\/2025\/03\/shamisen.png\" alt=\"Casque\" width=\"70\" height=\"90\">\n                            <br>Retour \u00e0 l&rsquo;accueil  \u21d1\n<\/a><\/p>\n<\/footer>\n<\/div>\n<\/html>\n","protected":false},"excerpt":{"rendered":"<p>Documentation Retour \u00e0 l&rsquo;accueil \u21d1 Documents \u00e0 t\u00e9l\u00e9charger et \u00e0 communiquer une fois remplis Plaquette A\u00efkiTa\u00efso Plaquette A\u00efkido Questionnaire medical Fiche d&rsquo;inscription Validation Questionnaire de Sant\u00e9 Retour \u00e0 l&rsquo;accueil \u21d1<\/p>\n","protected":false},"author":1,"featured_media":0,"parent":0,"menu_order":0,"comment_status":"closed","ping_status":"closed","template":"","meta":{"hide_page_title":"","footnotes":""},"class_list":["post-2334","page","type-page","status-publish","hentry"],"_links":{"self":[{"href":"https:\/\/www.aikiheillecourt.fr\/index.php\/wp-json\/wp\/v2\/pages\/2334","targetHints":{"allow":["GET"]}}],"collection":[{"href":"https:\/\/www.aikiheillecourt.fr\/index.php\/wp-json\/wp\/v2\/pages"}],"about":[{"href":"https:\/\/www.aikiheillecourt.fr\/index.php\/wp-json\/wp\/v2\/types\/page"}],"author":[{"embeddable":true,"href":"https:\/\/www.aikiheillecourt.fr\/index.php\/wp-json\/wp\/v2\/users\/1"}],"replies":[{"embeddable":true,"href":"https:\/\/www.aikiheillecourt.fr\/index.php\/wp-json\/wp\/v2\/comments?post=2334"}],"version-history":[{"count":15,"href":"https:\/\/www.aikiheillecourt.fr\/index.php\/wp-json\/wp\/v2\/pages\/2334\/revisions"}],"predecessor-version":[{"id":2391,"href":"https:\/\/www.aikiheillecourt.fr\/index.php\/wp-json\/wp\/v2\/pages\/2334\/revisions\/2391"}],"wp:attachment":[{"href":"https:\/\/www.aikiheillecourt.fr\/index.php\/wp-json\/wp\/v2\/media?parent=2334"}],"curies":[{"name":"wp","href":"https:\/\/api.w.org\/{rel}","templated":true}]}}