{"id":420,"date":"2025-05-12T09:36:49","date_gmt":"2025-05-12T07:36:49","guid":{"rendered":"https:\/\/www.aikiheillecourt.fr\/?page_id=420"},"modified":"2025-08-04T14:25:30","modified_gmt":"2025-08-04T12:25:30","slug":"frappes","status":"publish","type":"page","link":"https:\/\/www.aikiheillecourt.fr\/index.php\/frappes\/","title":{"rendered":"Frappes"},"content":{"rendered":"<!DOCTYPE html>\n\n<html lang=\"fr\">\n<style>\n\n<\/style>\n\n<!--https:\/\/www.aikiheillecourt.fr\/Documentation\/-->\n<head>\n    <meta charset=\"utf-8\">\n<title>Documentation<\/title>\n<\/head>\n<div class=\"bg\">\n<header>\n<p class=\"logo_retour\"><a href=\"https:\/\/www.aikiheillecourt.fr\/index.php\/glossaire\/\">\n    <img decoding=\"async\" src=\"https:\/\/www.aikiheillecourt.fr\/wp-content\/uploads\/2025\/03\/cropped-logo-officiel-64x64-1-1.png\" alt=\"Acc\u00e9der au site\">\n                <br>Retour au glossaire \u21d1\n<\/a><\/p>\n\n<\/header>\n\t<!--textarea STYLE=\"border-style:double; background-color: transparent;border-color: blueviolet;\" cols=80 rows=10-->\n<textarea class=\"textarea\">\nAtemi : Frapper un point vital ; en Aikido, utilis\u00e9 pour cr\u00e9er une r\u00e9action afin de favoriser la cr\u00e9ation d&rsquo;un d\u00e9s\u00e9quilibre\nTsuki : frappe\nChudan tsuki \/ Chudan-tsuki : Une frappe dans la r\u00e9gion abdominale\nGedan tsuki : Frappe vers le bas\nGyaku uchi : Frappe venant du pied arri\u00e8re\nGyaku tsuki : Frappe avec la main arri\u00e8re\nJodan tsuki : Coup vers le haut\nKaeshi tsuki : contre, parade\nKatate uchi : coup port\u00e9 d&rsquo;une seule main\nMen uchi : Frappe \u00e0 la t\u00eate\nMune tsuki : Frappe port\u00e9e vers le noeud du obi\nOi tsuki : Coup de poing direct\nShomen uchi : coup \u00e0 la t\u00eate venant du haut\nSuhei uchi : Attaque de revers\nTsuki : en Aikido, g\u00e9n\u00e9ralement un Chudan Oi tsuki\nUchi : Coup direct\nYokomen uchi : frappe en diagonale sur le c\u00f4t\u00e9 de la t\u00eate\nYoko uchi : Coup venant de c\u00f4t\u00e9\nMae geri : Coup de pied direct\n<\/textarea>\n\n\n<!-- Pied de page \u00e0 copier coller sur chaque page -->\n\n<footer> \n<p class=\"logo_retour_footer\"><a href=\"https:\/\/www.aikiheillecourt.fr\/index.php\/glossaire\/\">\n    <img loading=\"lazy\" decoding=\"async\" src=\"https:\/\/www.aikiheillecourt.fr\/wp-content\/uploads\/2025\/06\/Etiquette.gif\" alt=\"Acc\u00e9der au site\" width=\"100\" height=\"100\"  >\n                    <br>Retour au glossaire \u21d1\n<\/a><\/p>\n    \n<\/footer>\n<\/div>\n\n<\/html>","protected":false},"excerpt":{"rendered":"<p>Documentation Retour au glossaire \u21d1 Atemi : Frapper un point vital ; en Aikido, utilis\u00e9 pour cr\u00e9er une r\u00e9action afin de favoriser la cr\u00e9ation d&rsquo;un d\u00e9s\u00e9quilibre Tsuki : frappe Chudan tsuki \/ Chudan-tsuki : Une frappe dans la r\u00e9gion abdominale Gedan tsuki : Frappe vers le bas Gyaku uchi : Frappe venant du pied arri\u00e8re [&hellip;]<\/p>\n","protected":false},"author":1,"featured_media":0,"parent":0,"menu_order":0,"comment_status":"closed","ping_status":"closed","template":"","meta":{"hide_page_title":"","footnotes":""},"class_list":["post-420","page","type-page","status-publish","hentry"],"_links":{"self":[{"href":"https:\/\/www.aikiheillecourt.fr\/index.php\/wp-json\/wp\/v2\/pages\/420","targetHints":{"allow":["GET"]}}],"collection":[{"href":"https:\/\/www.aikiheillecourt.fr\/index.php\/wp-json\/wp\/v2\/pages"}],"about":[{"href":"https:\/\/www.aikiheillecourt.fr\/index.php\/wp-json\/wp\/v2\/types\/page"}],"author":[{"embeddable":true,"href":"https:\/\/www.aikiheillecourt.fr\/index.php\/wp-json\/wp\/v2\/users\/1"}],"replies":[{"embeddable":true,"href":"https:\/\/www.aikiheillecourt.fr\/index.php\/wp-json\/wp\/v2\/comments?post=420"}],"version-history":[{"count":26,"href":"https:\/\/www.aikiheillecourt.fr\/index.php\/wp-json\/wp\/v2\/pages\/420\/revisions"}],"predecessor-version":[{"id":2244,"href":"https:\/\/www.aikiheillecourt.fr\/index.php\/wp-json\/wp\/v2\/pages\/420\/revisions\/2244"}],"wp:attachment":[{"href":"https:\/\/www.aikiheillecourt.fr\/index.php\/wp-json\/wp\/v2\/media?parent=420"}],"curies":[{"name":"wp","href":"https:\/\/api.w.org\/{rel}","templated":true}]}}