{"id":422,"date":"2025-05-12T09:38:00","date_gmt":"2025-05-12T07:38:00","guid":{"rendered":"https:\/\/www.aikiheillecourt.fr\/?page_id=422"},"modified":"2025-08-04T14:38:57","modified_gmt":"2025-08-04T12:38:57","slug":"saisies","status":"publish","type":"page","link":"https:\/\/www.aikiheillecourt.fr\/index.php\/saisies\/","title":{"rendered":"Saisies"},"content":{"rendered":"<!DOCTYPE html>\n\n<html lang=\"fr\">\n\t \t \t \t \t \t<!--link rel=\"stylesheet\" href=\"CSS_Additionel.css\" type=\"text\/css\"-->\n<style>\n\n<\/style>\n\n<!--https:\/\/www.aikiheillecourt.fr\/Documentation\/-->\n<head>\n    <meta charset=\"utf-8\">\n<title>Documentation<\/title>\n<\/head>\n<div class=\"bg\">\n<header>\n<p class=\"logo_retour\"><a href=\"https:\/\/www.aikiheillecourt.fr\/index.php\/glossaire\/\">\n    <img decoding=\"async\" src=\"https:\/\/www.aikiheillecourt.fr\/wp-content\/uploads\/2025\/03\/cropped-logo-officiel-64x64-1-1.png\" alt=\"Acc\u00e9der au site\">\n            <br>Retour au glossaire \u21d1\n<\/a><\/p>\n\n<\/header>\n\t<!--textarea STYLE=\"border-style:double; background-color: transparent;border-color: blueviolet;\" cols=80 rows=10-->\n<textarea class=\"textarea\" readonly>\nGyakute dori : Saisir avec la main arri\u00e8re ; ex. : saisir le poignet droit du partenaire avec la main gauche arri\u00e8re\nHagaijime : Saisie \u00e0 bras le corps, en ceinture\nHiji dori : Saisie du coude (ou des coudes)\nKatate dori : Saisie d&rsquo;un poignet avec une main\nKosadori : saisie de main (katatedori ai hanmi)\nMorote dori : Saisie d&rsquo;un poignet \u00e0 deux mains\nKata dori : Saisie de l&rsquo;\u00e9paule\nRyokata dori : Saisie des deux \u00e9paules\nRyote dori : Saisie \u00e0 deux mains des deux mains du partenaire\nMune dori : Saisie du (des) revers \u00e0 une ou deux mains\nSode dori : Saisie de la manche\nUshiro eri dori : Saisie du cou par l&rsquo;arri\u00e8re (habituellement saisie du col )\nUshiro tekubi dori : Saisie du poignet par l&rsquo;arri\u00e8re\nUshiro ryote dori : Saisie des deux poignets par l&rsquo;arri\u00e8re\nUshiro ryokata dori : Saisie des deux \u00e9paules par l&rsquo;arri\u00e8re\nUshiro kubi shime : \u00e9tranglement par l&rsquo;arri\u00e8re\n<\/textarea>\n<!-- Pied de page \u00e0 copier coller sur chaque page -->\n\n\n\n<footer> \n<p class=\"logo_retour_footer\"><a href=\"https:\/\/www.aikiheillecourt.fr\/index.php\/glossaire\/\">\n    <img loading=\"lazy\" decoding=\"async\" src=\"https:\/\/www.aikiheillecourt.fr\/wp-content\/uploads\/2025\/06\/Etiquette.gif\" alt=\"Acc\u00e9der au site\" width=\"100\" height=\"100\"  >\n            <br>Retour au glossaire \u21d1\n<\/a><\/p>\n\n<\/footer>\n<\/div>\n<\/html>","protected":false},"excerpt":{"rendered":"<p>Documentation Retour au glossaire \u21d1 Gyakute dori : Saisir avec la main arri\u00e8re ; ex. : saisir le poignet droit du partenaire avec la main gauche arri\u00e8re Hagaijime : Saisie \u00e0 bras le corps, en ceinture Hiji dori : Saisie du coude (ou des coudes) Katate dori : Saisie d&rsquo;un poignet avec une main Kosadori [&hellip;]<\/p>\n","protected":false},"author":1,"featured_media":0,"parent":0,"menu_order":0,"comment_status":"closed","ping_status":"closed","template":"","meta":{"hide_page_title":"","footnotes":""},"class_list":["post-422","page","type-page","status-publish","hentry"],"_links":{"self":[{"href":"https:\/\/www.aikiheillecourt.fr\/index.php\/wp-json\/wp\/v2\/pages\/422","targetHints":{"allow":["GET"]}}],"collection":[{"href":"https:\/\/www.aikiheillecourt.fr\/index.php\/wp-json\/wp\/v2\/pages"}],"about":[{"href":"https:\/\/www.aikiheillecourt.fr\/index.php\/wp-json\/wp\/v2\/types\/page"}],"author":[{"embeddable":true,"href":"https:\/\/www.aikiheillecourt.fr\/index.php\/wp-json\/wp\/v2\/users\/1"}],"replies":[{"embeddable":true,"href":"https:\/\/www.aikiheillecourt.fr\/index.php\/wp-json\/wp\/v2\/comments?post=422"}],"version-history":[{"count":12,"href":"https:\/\/www.aikiheillecourt.fr\/index.php\/wp-json\/wp\/v2\/pages\/422\/revisions"}],"predecessor-version":[{"id":2255,"href":"https:\/\/www.aikiheillecourt.fr\/index.php\/wp-json\/wp\/v2\/pages\/422\/revisions\/2255"}],"wp:attachment":[{"href":"https:\/\/www.aikiheillecourt.fr\/index.php\/wp-json\/wp\/v2\/media?parent=422"}],"curies":[{"name":"wp","href":"https:\/\/api.w.org\/{rel}","templated":true}]}}