{"id":426,"date":"2025-05-12T10:31:03","date_gmt":"2025-05-12T08:31:03","guid":{"rendered":"https:\/\/www.aikiheillecourt.fr\/?page_id=426"},"modified":"2025-08-04T14:34:40","modified_gmt":"2025-08-04T12:34:40","slug":"postures","status":"publish","type":"page","link":"https:\/\/www.aikiheillecourt.fr\/index.php\/postures\/","title":{"rendered":"Postures"},"content":{"rendered":"<!DOCTYPE html>\n\n<html lang=\"fr\">\n\t \t \t \t \t \t<!--link rel=\"stylesheet\" href=\"CSS_Additionel.css\" type=\"text\/css\"-->\n<style>\n\n<\/style>\n\n<!--https:\/\/www.aikiheillecourt.fr\/Documentation\/-->\n<head>\n    <meta charset=\"utf-8\">\n<title>Documentation<\/title>\n<\/head>\n<div class=\"bg\">\n<header>\n<p class=\"logo_retour\"><a href=\"https:\/\/www.aikiheillecourt.fr\/index.php\/glossaire\/\">\n    <img decoding=\"async\" src=\"https:\/\/www.aikiheillecourt.fr\/wp-content\/uploads\/2025\/03\/cropped-logo-officiel-64x64-1-1.png\" alt=\"Acc\u00e9der au site\">\n    <br>Retour au glossaire \u21d1\n<\/a><\/p>\n\n<\/header>\n \n<textarea class=\"textarea\" readonly>\nHanmi : Position demi-avanc\u00e9e, de profil\nHitoemi : \u00ab Posture d&rsquo;une \u00e9paisseur \u00bb, position offrant le moins de surface \u00e0 l&rsquo;attaque du partenaire\nIai goshi : Hanches abaiss\u00e9es, position stable\nIai hiza, Tate hiza : S&rsquo;agenouiller sur le mollet\nKamae: Posture, position   \nMu kamae : Sans garde\nKiza : Se tenir \u00e0 genoux, orteils relev\u00e9s\nSeiza : Se tenir \u00e0 genoux, orteils couch\u00e9s\nTachi : Debout\nChudan Kamae : au milieu, \u00e9p\u00e9e \u00e0 l&rsquo;horizontale\nGedan : Niveau bas, sabre point\u00e9 vers le bas\nJodan : Niveau haut, \u00e9p\u00e9e au dessus de la t\u00eate. Habituellement hidari jodan, pied gauche en avant\nKasumi : Bras crois\u00e9s au dessus pour cacher la technique (brume sur la montagne)\nKensen : Ligne imaginaire reliant les deux partenaires et o\u00f9 se situe l&rsquo;action\nSachin yutai : Avancer un pied, reculer l&rsquo;autre\nSeigan, ou seigan no kamae : l&rsquo;arme visant les yeux du partenaire, en \u00e9tant debout ou un genou \u00e0 terre (appel\u00e9 aussi &lsquo;garde fondamentale&rsquo;)\n\n<\/textarea>\n\n<!-- Pied de page \u00e0 copier coller sur chaque page -->\n\n<footer> \n<p class=\"logo_retour_footer\"><a href=\"https:\/\/www.aikiheillecourt.fr\/index.php\/glossaire\/\">\n    <img loading=\"lazy\" decoding=\"async\" src=\"https:\/\/www.aikiheillecourt.fr\/wp-content\/uploads\/2025\/06\/Etiquette.gif\" alt=\"Acc\u00e9der au site\" width=\"100\" height=\"100\"  >\n    <br>Retour au glossaire \u21d1\n<\/a><\/p>\n       \n<\/footer>\n<\/div>\n<\/html>","protected":false},"excerpt":{"rendered":"<p>Documentation Retour au glossaire \u21d1 Hanmi : Position demi-avanc\u00e9e, de profil Hitoemi : \u00ab Posture d&rsquo;une \u00e9paisseur \u00bb, position offrant le moins de surface \u00e0 l&rsquo;attaque du partenaire Iai goshi : Hanches abaiss\u00e9es, position stable Iai hiza, Tate hiza : S&rsquo;agenouiller sur le mollet Kamae: Posture, position Mu kamae : Sans garde Kiza : Se [&hellip;]<\/p>\n","protected":false},"author":1,"featured_media":0,"parent":0,"menu_order":0,"comment_status":"closed","ping_status":"closed","template":"","meta":{"hide_page_title":"","footnotes":""},"class_list":["post-426","page","type-page","status-publish","hentry"],"_links":{"self":[{"href":"https:\/\/www.aikiheillecourt.fr\/index.php\/wp-json\/wp\/v2\/pages\/426","targetHints":{"allow":["GET"]}}],"collection":[{"href":"https:\/\/www.aikiheillecourt.fr\/index.php\/wp-json\/wp\/v2\/pages"}],"about":[{"href":"https:\/\/www.aikiheillecourt.fr\/index.php\/wp-json\/wp\/v2\/types\/page"}],"author":[{"embeddable":true,"href":"https:\/\/www.aikiheillecourt.fr\/index.php\/wp-json\/wp\/v2\/users\/1"}],"replies":[{"embeddable":true,"href":"https:\/\/www.aikiheillecourt.fr\/index.php\/wp-json\/wp\/v2\/comments?post=426"}],"version-history":[{"count":10,"href":"https:\/\/www.aikiheillecourt.fr\/index.php\/wp-json\/wp\/v2\/pages\/426\/revisions"}],"predecessor-version":[{"id":2252,"href":"https:\/\/www.aikiheillecourt.fr\/index.php\/wp-json\/wp\/v2\/pages\/426\/revisions\/2252"}],"wp:attachment":[{"href":"https:\/\/www.aikiheillecourt.fr\/index.php\/wp-json\/wp\/v2\/media?parent=426"}],"curies":[{"name":"wp","href":"https:\/\/api.w.org\/{rel}","templated":true}]}}