{"id":428,"date":"2025-05-12T10:32:23","date_gmt":"2025-05-12T08:32:23","guid":{"rendered":"https:\/\/www.aikiheillecourt.fr\/?page_id=428"},"modified":"2025-08-04T14:31:45","modified_gmt":"2025-08-04T12:31:45","slug":"ordres","status":"publish","type":"page","link":"https:\/\/www.aikiheillecourt.fr\/index.php\/ordres\/","title":{"rendered":"Ordres"},"content":{"rendered":"<!DOCTYPE html>\n\n<html lang=\"fr\">\n\t \t \t \t \t \t<!--link rel=\"stylesheet\" href=\"CSS_Additionel.css\" type=\"text\/css\"-->\n<style>\n\n<\/style>\n\n<!--https:\/\/www.aikiheillecourt.fr\/Documentation\/-->\n<head>\n    <meta charset=\"utf-8\">\n<title>Documentation<\/title>\n<\/head>\n<div class=\"bg\">\n<header>\n<p class=\"logo_retour\"><a href=\"https:\/\/www.aikiheillecourt.fr\/index.php\/glossaire\/\">\n    <img decoding=\"async\" src=\"https:\/\/www.aikiheillecourt.fr\/wp-content\/uploads\/2025\/03\/cropped-logo-officiel-64x64-1-1.png\" alt=\"Acc\u00e9der au site\">\n    <br>Retour au glossaire \u21d1\n<\/a><\/p>\n\n<\/header>\n\t<!--textarea STYLE=\"border-style:double; background-color: transparent;border-color: blueviolet;\" cols=80 rows=10-->\n<textarea class=\"textarea\" readonly>\nAto: Reculez\nHajime: Allez-y\nHayaku: Vite\nKiyotsukete: Faites attention\nKoutai: Changez\nMate: Attendez\nMawatte: Tournez\nMokuso: Fermez les yeux, m\u00e9ditation\nSuwatte: Asseyez-vous\nTatte: Levez\nYame: Arr\u00eatez\nYoi: Pr\u00eat\nYukuri: Lentement\nYuru yaka ni: doucement\nShinzen ni rei: Salut au sanctuaire\nSensei ni rei: Salut au professeur\nJoseki ni rei: Salut aux anciens du dojo\nKamiza ni rei: Salut au kamiza (divinit\u00e9s)\nOtagai ni rei: Salut des partenaires entre eux\nRei: Salut\n<\/textarea>\n<!-- Pied de page \u00e0 copier coller sur chaque page -->\n\n<footer> \n<p class=\"logo_retour_footer\"><a href=\"https:\/\/www.aikiheillecourt.fr\/index.php\/glossaire\/\">\n    <img loading=\"lazy\" decoding=\"async\" src=\"https:\/\/www.aikiheillecourt.fr\/wp-content\/uploads\/2025\/06\/Etiquette.gif\" alt=\"Acc\u00e9der au site\" width=\"100\" height=\"100\"  >\n    <br>Retour au glossaire \u21d1\n<\/a><\/p>\n       \n<\/footer>\n<\/div>\n<\/html>","protected":false},"excerpt":{"rendered":"<p>Documentation Retour au glossaire \u21d1 Ato: Reculez Hajime: Allez-y Hayaku: Vite Kiyotsukete: Faites attention Koutai: Changez Mate: Attendez Mawatte: Tournez Mokuso: Fermez les yeux, m\u00e9ditation Suwatte: Asseyez-vous Tatte: Levez Yame: Arr\u00eatez Yoi: Pr\u00eat Yukuri: Lentement Yuru yaka ni: doucement Shinzen ni rei: Salut au sanctuaire Sensei ni rei: Salut au professeur Joseki ni rei: Salut [&hellip;]<\/p>\n","protected":false},"author":1,"featured_media":0,"parent":0,"menu_order":0,"comment_status":"closed","ping_status":"closed","template":"","meta":{"hide_page_title":"","footnotes":""},"class_list":["post-428","page","type-page","status-publish","hentry"],"_links":{"self":[{"href":"https:\/\/www.aikiheillecourt.fr\/index.php\/wp-json\/wp\/v2\/pages\/428","targetHints":{"allow":["GET"]}}],"collection":[{"href":"https:\/\/www.aikiheillecourt.fr\/index.php\/wp-json\/wp\/v2\/pages"}],"about":[{"href":"https:\/\/www.aikiheillecourt.fr\/index.php\/wp-json\/wp\/v2\/types\/page"}],"author":[{"embeddable":true,"href":"https:\/\/www.aikiheillecourt.fr\/index.php\/wp-json\/wp\/v2\/users\/1"}],"replies":[{"embeddable":true,"href":"https:\/\/www.aikiheillecourt.fr\/index.php\/wp-json\/wp\/v2\/comments?post=428"}],"version-history":[{"count":9,"href":"https:\/\/www.aikiheillecourt.fr\/index.php\/wp-json\/wp\/v2\/pages\/428\/revisions"}],"predecessor-version":[{"id":2250,"href":"https:\/\/www.aikiheillecourt.fr\/index.php\/wp-json\/wp\/v2\/pages\/428\/revisions\/2250"}],"wp:attachment":[{"href":"https:\/\/www.aikiheillecourt.fr\/index.php\/wp-json\/wp\/v2\/media?parent=428"}],"curies":[{"name":"wp","href":"https:\/\/api.w.org\/{rel}","templated":true}]}}