{"id":43,"date":"2025-03-29T16:35:06","date_gmt":"2025-03-29T15:35:06","guid":{"rendered":"https:\/\/www.aikiheillecourt.fr\/?page_id=43"},"modified":"2026-04-24T20:14:43","modified_gmt":"2026-04-24T18:14:43","slug":"accueil","status":"publish","type":"page","link":"https:\/\/www.aikiheillecourt.fr\/","title":{"rendered":"Accueil"},"content":{"rendered":"\n\n<!DOCTYPE html>\n<html lang=\"fr\">\n\n<meta charset=\"utf-8\">\n<title>Accueil<\/title>\n\t \t \t \t<!--link rel=\"stylesheet\" href=\"CSS_Additionel.css\"-->\n<header>\n<\/header>\n<div class=\"bg\">\n<div class=\"aqueil 1\">\n\n        <a href=\"https:\/\/www.aikiheillecourt.fr\/\">\n<img decoding=\"async\" src=\"https:\/\/www.aikiheillecourt.fr\/wp-content\/uploads\/2025\/03\/cropped-logo-officiel-64x64-1-1.png\" title=\"Acc\u00e9der au site\">\n<\/a>\n\n<\/div>\n<div class=\"bg\">\n<nav>\n<ul id=\"AikiRv_menu\">\n \t<li><a href=\"https:\/\/www.aikiheillecourt.fr\/index.php\/le-club\/\">Le Club<\/a>\n<ul>\n \t<li><a href=\"https:\/\/www.aikiheillecourt.fr\/index.php\/les-enseignants\/\">Les Enseignants<\/a><\/li>\n \t<li><a href=\"https:\/\/www.aikiheillecourt.fr\/index.php\/les-horaires\/\">Les Horaires<\/a><\/li>\n\n \t<li><a href=\"https:\/\/www.aikiheillecourt.fr\/index.php\/les-tarifs\/\">Les Tarifs<\/a><\/li>\n \t<li><a href=\"https:\/\/www.aikiheillecourt.fr\/index.php\/le-bureau\/\">Le Bureau<\/a><\/li>\n\n\t<li><a href=\"\thttps:\/\/www.aikiheillecourt.fr\/index.php\/inscriptions\/\">Inscriptions<\/a><\/li>\n<\/ul>\n<\/li>\n\t<!--li><a href=\"https:\/\/www.aikiheillecourt.fr\/index.php\/politesse\/\">Politesses<\/a><\/li-->\n \t<li><a href=\"https:\/\/www.aikiheillecourt.fr\/index.php\/aikitaiso\/\">A\u00efkiTa\u00efso<\/a><\/li>\n \t<li><a href=\"https:\/\/www.aikiheillecourt.fr\/index.php\/documentation\/\">Documentation<\/a>\n\n<\/li>\n \t<li><a href=\"https:\/\/www.aikiheillecourt.fr\/index.php\/galerie\/\">Galerie<\/a>\n\n<\/li>\n\t<li><a href=\"https:\/\/www.aikiheillecourt.fr\/index.php\/actualites\/\">Actualit\u00e9s<\/a><\/li>\n \t<li><a href=\"https:\/\/www.aikiheillecourt.fr\/index.php\/calendrier\/\">Calendrier<\/a><\/li>\n<\/ul>\n<\/nav>\n<\/div>\n\n\n\n<div class=\"marquee-rtl\">\n<div>\n\n<!--a href=\"https:\/\/www.aikiheillecourt.fr\/index.php\/actualites\/\">On a eu chaud, dans les Vosges,...<\/a-->\n<!--a href=\"https:\/\/www.aikiheillecourt.fr\/index.php\/actualites\/\">F\u00e9licitations \u00e0 Jer\u00f4me et Patrice pour leur Brevet F\u00e9d\u00e9ral , bien m\u00e9rit\u00e9<\/a\n<a href=\"https:\/\/www.aikiheillecourt.fr\/index.php\/calendrier\/\">........... Ne pas oublier, samedi 9 septembre,  forum des Associations au COSEC \u00e0 Heillecourt<\/a>-a href=\"https:\/\/www.aikiheillecourt.fr\/index.php\/calendrier\/\">   .....     N'oubliez pas Dimanche 29 juin, notre rendez vous dans les Vosges<\/a\n<a href=\"https:\/\/www.aikiheillecourt.fr\/index.php\/horeires-dete\/\"> ...Attention au changement d'horaire <\/a>\n<a href=\"https:\/\/www.aikiheillecourt.fr\/index.php\/calendrier\/\"> Ne pas oublier, samedi 5 juillet,  stage priv\u00e9 \u00e0 Heillecourt<\/a>\n\n<a href=\"https:\/\/www.aikiheillecourt.fr\/index.php\/horaires-normaux\/\"> ...Attention au changement d'horaire <\/a>\n<a href=\"https:\/\/www.aikiheillecourt.fr\/index.php\/actualites\/\"> ...Quelques 5<sup>\u00e8me <\/sup>DAN en visite \u00e0 Heillecourt... <\/a>\n<a href=\"https:\/\/www.aikiheillecourt.fr\/index.php\/actualites\/\"> ...Pas de <em>tr\u00eave des confiseurs \u00e0 Heillecourt<\/em>... <\/a>\n<a href=\"https:\/\/www.aikiheillecourt.fr\/index.php\/csgde-2\/\"> ...Nouveau r\u00e9glement GSDGE.. <\/a>\n<a href=\"\"> Ferme mais pas dur, souple mais pas mou .....<em>Marcelin<\/em>.....<\/a-->\n<a href=\"https:\/\/www.aikiheillecourt.fr\/index.php\/actualites\/\">Rendez vous le 30 avril pour l&rsquo;anniversaire de Sylvie<\/a>\n<\/div>\n<\/div>\n\n\n<!-- Pied de page \u00e0 copier coller sur chaque page -->\n\n<footer>&nbsp;<\/footer><\/div>","protected":false},"excerpt":{"rendered":"<p>Accueil Le Club Les Enseignants Les Horaires Les Tarifs Le Bureau Inscriptions A\u00efkiTa\u00efso Documentation Galerie Actualit\u00e9s Calendrier Rendez vous le 30 avril pour l&rsquo;anniversaire de Sylvie &nbsp;<\/p>\n","protected":false},"author":1,"featured_media":0,"parent":0,"menu_order":0,"comment_status":"closed","ping_status":"closed","template":"","meta":{"hide_page_title":"","footnotes":""},"class_list":["post-43","page","type-page","status-publish","hentry"],"_links":{"self":[{"href":"https:\/\/www.aikiheillecourt.fr\/index.php\/wp-json\/wp\/v2\/pages\/43","targetHints":{"allow":["GET"]}}],"collection":[{"href":"https:\/\/www.aikiheillecourt.fr\/index.php\/wp-json\/wp\/v2\/pages"}],"about":[{"href":"https:\/\/www.aikiheillecourt.fr\/index.php\/wp-json\/wp\/v2\/types\/page"}],"author":[{"embeddable":true,"href":"https:\/\/www.aikiheillecourt.fr\/index.php\/wp-json\/wp\/v2\/users\/1"}],"replies":[{"embeddable":true,"href":"https:\/\/www.aikiheillecourt.fr\/index.php\/wp-json\/wp\/v2\/comments?post=43"}],"version-history":[{"count":107,"href":"https:\/\/www.aikiheillecourt.fr\/index.php\/wp-json\/wp\/v2\/pages\/43\/revisions"}],"predecessor-version":[{"id":2539,"href":"https:\/\/www.aikiheillecourt.fr\/index.php\/wp-json\/wp\/v2\/pages\/43\/revisions\/2539"}],"wp:attachment":[{"href":"https:\/\/www.aikiheillecourt.fr\/index.php\/wp-json\/wp\/v2\/media?parent=43"}],"curies":[{"name":"wp","href":"https:\/\/api.w.org\/{rel}","templated":true}]}}