{"id":432,"date":"2025-05-12T13:51:43","date_gmt":"2025-05-12T11:51:43","guid":{"rendered":"https:\/\/www.aikiheillecourt.fr\/?page_id=432"},"modified":"2025-08-04T14:39:52","modified_gmt":"2025-08-04T12:39:52","slug":"salut-2","status":"publish","type":"page","link":"https:\/\/www.aikiheillecourt.fr\/index.php\/salut-2\/","title":{"rendered":"Salut"},"content":{"rendered":"<!DOCTYPE html>\n\n<html lang=\"fr\">\n\t \t \t \t \t \t<!--link rel=\"stylesheet\" href=\"CSS_Additionel.css\" type=\"text\/css\"-->\n<style>\n\n<\/style>\n\n<!--https:\/\/www.aikiheillecourt.fr\/Documentation\/-->\n<head>\n    <meta charset=\"utf-8\">\n<title>Documentation<\/title>\n<\/head>\n<div class=\"bg\">\n<header>\n<p class=\"logo_retour\"><a href=\"https:\/\/www.aikiheillecourt.fr\/index.php\/glossaire\/\">\n    <img decoding=\"async\" src=\"https:\/\/www.aikiheillecourt.fr\/wp-content\/uploads\/2025\/03\/cropped-logo-officiel-64x64-1-1.png\" alt=\"Acc\u00e9der au site\">\n                <br>Retour au glossaire \u21d1\n<\/a><\/p>\n\n<\/header>\n\t<!--textarea STYLE=\"border-style:double; background-color: transparent;border-color: blueviolet;\" cols=80 rows=10-->\n<textarea class=\"textarea\" readonly>\nRei Salut\nReiho M\u00e9thode de salut\nShinzen ni rei Salut au sanctuaire\nSensei ni rei Salut au professeur\nSensei (gata) ni Rei Salut au(x) professeur(s)\nJoseki ni rei Salut aux anciens du dojo\nKamiza ni rei Salut au kamiza (divinit\u00e9s)\nKamiza ni rei Salut au Kamiza, sabre dans la main gauche \u00e0 la hanche, main sur la hanche gauche, sabre \u00e0 45\u00b0 par rapport \u00e0 l&rsquo;horizontale, Kashira l\u00e9g\u00e8rement dirig\u00e9e vers l&rsquo;int\u00e9rieur, pouce sur la Tsuba.\nOtagai ni rei Salut des partenaires entre eux\nTachi Rei Salut debout\nTo Rei Salut au sabre\nZa Rei Salut assis (\u00e0 genoux)\n\n<\/textarea>\n\n\n<!-- Pied de page \u00e0 copier coller sur chaque page -->\n\n<footer> \n<p class=\"logo_retour_footer\"><a href=\"https:\/\/www.aikiheillecourt.fr\/index.php\/glossaire\/\">\n    <img loading=\"lazy\" decoding=\"async\" src=\"https:\/\/www.aikiheillecourt.fr\/wp-content\/uploads\/2025\/06\/Etiquette.gif\" alt=\"Acc\u00e9der au site\" width=\"100\" height=\"100\"  >\n                <br>Retour au glossaire \u21d1\n<\/a><\/p>\n     \n<\/footer>\n<\/div>\n<\/html>","protected":false},"excerpt":{"rendered":"<p>Documentation Retour au glossaire \u21d1 Rei Salut Reiho M\u00e9thode de salut Shinzen ni rei Salut au sanctuaire Sensei ni rei Salut au professeur Sensei (gata) ni Rei Salut au(x) professeur(s) Joseki ni rei Salut aux anciens du dojo Kamiza ni rei Salut au kamiza (divinit\u00e9s) Kamiza ni rei Salut au Kamiza, sabre dans la main [&hellip;]<\/p>\n","protected":false},"author":1,"featured_media":0,"parent":0,"menu_order":0,"comment_status":"closed","ping_status":"closed","template":"","meta":{"hide_page_title":"","footnotes":""},"class_list":["post-432","page","type-page","status-publish","hentry"],"_links":{"self":[{"href":"https:\/\/www.aikiheillecourt.fr\/index.php\/wp-json\/wp\/v2\/pages\/432","targetHints":{"allow":["GET"]}}],"collection":[{"href":"https:\/\/www.aikiheillecourt.fr\/index.php\/wp-json\/wp\/v2\/pages"}],"about":[{"href":"https:\/\/www.aikiheillecourt.fr\/index.php\/wp-json\/wp\/v2\/types\/page"}],"author":[{"embeddable":true,"href":"https:\/\/www.aikiheillecourt.fr\/index.php\/wp-json\/wp\/v2\/users\/1"}],"replies":[{"embeddable":true,"href":"https:\/\/www.aikiheillecourt.fr\/index.php\/wp-json\/wp\/v2\/comments?post=432"}],"version-history":[{"count":8,"href":"https:\/\/www.aikiheillecourt.fr\/index.php\/wp-json\/wp\/v2\/pages\/432\/revisions"}],"predecessor-version":[{"id":2256,"href":"https:\/\/www.aikiheillecourt.fr\/index.php\/wp-json\/wp\/v2\/pages\/432\/revisions\/2256"}],"wp:attachment":[{"href":"https:\/\/www.aikiheillecourt.fr\/index.php\/wp-json\/wp\/v2\/media?parent=432"}],"curies":[{"name":"wp","href":"https:\/\/api.w.org\/{rel}","templated":true}]}}