{"id":436,"date":"2025-05-12T14:00:09","date_gmt":"2025-05-12T12:00:09","guid":{"rendered":"https:\/\/www.aikiheillecourt.fr\/?page_id=436"},"modified":"2025-08-04T14:28:41","modified_gmt":"2025-08-04T12:28:41","slug":"directions","status":"publish","type":"page","link":"https:\/\/www.aikiheillecourt.fr\/index.php\/directions\/","title":{"rendered":"Directions"},"content":{"rendered":"<!DOCTYPE html>\n\n<html lang=\"fr\">\n\t \t \t \t \t \t<!--link rel=\"stylesheet\" href=\"CSS_Additionel.css\" type=\"text\/css\"-->\n<style>\n\n<\/style>\n\n<!--https:\/\/www.aikiheillecourt.fr\/Documentation\/-->\n<head>\n    <meta charset=\"utf-8\">\n<title>Documentation<\/title>\n<\/head>\n<div class=\"bg\">\n<header>\n<p class=\"logo_retour\"><a href=\"https:\/\/www.aikiheillecourt.fr\/index.php\/glossaire\/\">\n    <img decoding=\"async\" src=\"https:\/\/www.aikiheillecourt.fr\/wp-content\/uploads\/2025\/03\/cropped-logo-officiel-64x64-1-1.png\" alt=\"Acc\u00e9der au site\">\n            <br>Retour au glossaire \u21d1\n<\/a><\/p>\n\n<\/header>\n\t<!--textarea STYLE=\"border-style:double; background-color: transparent;border-color: blueviolet;\" cols=80 rows=10-->\n<textarea class=\"textarea\" readonly>\nMae : Vers l&rsquo;avant\nMigi : Droite\nHidari : Gauche\nUshiro : Vers l&rsquo;arri\u00e8re, derri\u00e8re\nOmote : Devant\nUra : Derri\u00e8re\nUchi : A l&rsquo;int\u00e9rieur\nSoto : A l&rsquo;ext\u00e9rieur\nJodan : En haut\nChudan : Au niveau moyen (horizontale)\nGedan : Vers le bas\nChokkaku : Angle droit\nHeiko : Parall\u00e8le\nMassugu : Droit devant\nNaname : Diagonale\nOtoshi : Tomber\nShomen : Droit sur la t\u00eate\nUe : Vers le haut\nYoko : Sur le c\u00f4t\u00e9, venant de c\u00f4t\u00e9\nAsoko : L\u00e0-bas\nGyaku : inverse, oppos\u00e9, invers\u00e9\nHantai : L&rsquo;autre fa\u00e7on, autour\nKiku : Plus bas\nKomi : Venir tout pr\u00e8s ou s&rsquo;approcher\nSoko : L\u00e0-bas, cette position l\u00e0\nHantai-ni : Dans la direction oppos\u00e9e\nHappo : Les huit directions, dans toutes les directions\nIchimonji : Une ligne droite\nChokusen : Une ligne droite\nNaka : Centre\nNaka ni : Au centre\nWaki : C\u00f4t\u00e9, aisselle\nZenpo : Devant\n<\/textarea>\n<!-- Pied de page \u00e0 copier coller sur chaque page -->\n<footer>\n    <p class=\"logo_retour_footer\">\n        <a href=\"https:\/\/www.aikiheillecourt.fr\/index.php\/glossaire\/\">\n            <img loading=\"lazy\" decoding=\"async\" src=\"https:\/\/www.aikiheillecourt.fr\/wp-content\/uploads\/2025\/03\/casque.png\" alt=\"Casque\" width=\"90\" height=\"090\">\n                    <br>Retour au glossaire \u21d1\n        <\/a>\n    <\/p>\n\n<\/footer>\n<!-- Pied de page \u00e0 copier coller sur chaque page -->\n \n<\/div>\n<\/html>","protected":false},"excerpt":{"rendered":"<p>Documentation Retour au glossaire \u21d1 Mae : Vers l&rsquo;avant Migi : Droite Hidari : Gauche Ushiro : Vers l&rsquo;arri\u00e8re, derri\u00e8re Omote : Devant Ura : Derri\u00e8re Uchi : A l&rsquo;int\u00e9rieur Soto : A l&rsquo;ext\u00e9rieur Jodan : En haut Chudan : Au niveau moyen (horizontale) Gedan : Vers le bas Chokkaku : Angle droit Heiko : [&hellip;]<\/p>\n","protected":false},"author":1,"featured_media":0,"parent":0,"menu_order":0,"comment_status":"closed","ping_status":"closed","template":"","meta":{"hide_page_title":"","footnotes":""},"class_list":["post-436","page","type-page","status-publish","hentry"],"_links":{"self":[{"href":"https:\/\/www.aikiheillecourt.fr\/index.php\/wp-json\/wp\/v2\/pages\/436","targetHints":{"allow":["GET"]}}],"collection":[{"href":"https:\/\/www.aikiheillecourt.fr\/index.php\/wp-json\/wp\/v2\/pages"}],"about":[{"href":"https:\/\/www.aikiheillecourt.fr\/index.php\/wp-json\/wp\/v2\/types\/page"}],"author":[{"embeddable":true,"href":"https:\/\/www.aikiheillecourt.fr\/index.php\/wp-json\/wp\/v2\/users\/1"}],"replies":[{"embeddable":true,"href":"https:\/\/www.aikiheillecourt.fr\/index.php\/wp-json\/wp\/v2\/comments?post=436"}],"version-history":[{"count":29,"href":"https:\/\/www.aikiheillecourt.fr\/index.php\/wp-json\/wp\/v2\/pages\/436\/revisions"}],"predecessor-version":[{"id":2247,"href":"https:\/\/www.aikiheillecourt.fr\/index.php\/wp-json\/wp\/v2\/pages\/436\/revisions\/2247"}],"wp:attachment":[{"href":"https:\/\/www.aikiheillecourt.fr\/index.php\/wp-json\/wp\/v2\/media?parent=436"}],"curies":[{"name":"wp","href":"https:\/\/api.w.org\/{rel}","templated":true}]}}