{"id":438,"date":"2025-05-12T14:01:07","date_gmt":"2025-05-12T12:01:07","guid":{"rendered":"https:\/\/www.aikiheillecourt.fr\/?page_id=438"},"modified":"2025-08-04T14:29:58","modified_gmt":"2025-08-04T12:29:58","slug":"divers","status":"publish","type":"page","link":"https:\/\/www.aikiheillecourt.fr\/index.php\/divers\/","title":{"rendered":"Divers"},"content":{"rendered":"<!DOCTYPE html>\n\n<html lang=\"fr\">\n\t \t \t \t \t \t<!--link rel=\"stylesheet\" href=\"CSS_Additionel.css\" type=\"text\/css\"-->\n<style>\n\n<\/style>\n\n<!--https:\/\/www.aikiheillecourt.fr\/Documentation\/-->\n<head>\n    <meta charset=\"utf-8\">\n<title>Documentation<\/title>\n<\/head>\n<div class=\"bg\">\n<header>\n<p class=\"logo_retour\"><a href=\"https:\/\/www.aikiheillecourt.fr\/index.php\/glossaire\/\">\n    <img decoding=\"async\" src=\"https:\/\/www.aikiheillecourt.fr\/wp-content\/uploads\/2025\/03\/cropped-logo-officiel-64x64-1-1.png\" alt=\"Acc\u00e9der au site\">\n                       <br>Retour au glossaire \u21d1\n<\/a><\/p>\n\n<\/header>\n\t<!--textarea STYLE=\"border-style:double; background-color: transparent;border-color: blueviolet;\" cols=80 rows=10-->\n    <!--a href=\"#\" class=\"btn btn-primary\"><small>Haut de page \u2191<\/small><\/a-->\n    <!--a href=\"https:\/\/www.aikiheillecourt.fr\/index.php\/principes\/#IRIMI\">Irimi<\/a> : Entrer-->\n    <!--a href=\"#\" class=\"btn btn-primary\"><small>Haut de page \u2191<\/small><\/a-->\n<textarea class=\"textarea\" readonly>\nUchi deshi : El\u00e8ve r\u00e9sident au dojo\nBudo : Voie martialeb\nSeichin : Esprit du Budo\nAikido : La voie de l&rsquo;harmonie du ki\nDojo : Litt\u00e9ralement \u00ab\u00a0lieu de la voie\u00a0\u00bb\nKi : Souffle vital de l&rsquo;univers\nKiai : Un cri destin\u00e9 \u00e0 concentrer toute son \u00e9nergie\nSatori : Illumination\nMisogi : pratique de purification\nShugyo : Entra\u00eenement, recherche de connaissances\nTatami : Tapis\nUke : Celui qui subit la technique (attaquant)\nNage, tori : Ex\u00e9cutant de la technique (d\u00e9fenseur)\nEnten-jizui : Bouger et tourner librement\nGenshin : Intuition\nGiri : Devoir ; ce qu&rsquo;il faut faire\nGo-no-sen : R\u00e9agir au dernier moment\nHappo-baraki : Etre totalement conscient de ceux qui sont autour de soi\nHiki : Tirer\nHineri : Une torsion\nHito-e-mi : \u00ab Posture d&rsquo;une \u00e9paisseur \u00bb, position offrant le moins de surface \u00e0 l&rsquo;attaque du partenaire\nIdo : Mouvement\nIdori : Techniques pratiqu\u00e9e en seiza\nIkki-ni : En une respiration ; instantan\u00e9ment\nIma : Maintenant\nIrimi:Entrer\nKaiten : Rotation\nKaiten-juki : L&rsquo;axe de rotation d&rsquo;une technique\nKan : Intuition\nKarame : Lier, arr\u00eater\nKarami : Un enchev\u00eatrement\nKarui-geiko : Pratique ais\u00e9e ; l\u00e9g\u00e8re\nKashaki-uchi : Attaque continuelle\nKihon : Fondamentaux\nKokoro : Esprit, volont\u00e9, coeur, intuition, bonne humeur\nKokoro-gamae : Attitude mentale\nKokutsu : Pench\u00e9 en arri\u00e8re\nKoryu : Style ancien\nKujiki : Tension\nKushin : S&rsquo;\u00e9lancer pour attaquer\nKusshinuke : Esquiver une attaque\nMaai : Gestion de la distance de combat, de l&rsquo;intervalle d&rsquo;engagement\nMae-no-sen : Prendre l&rsquo;initiative; Attaquer \u00e0 l&rsquo;instant o\u00f9 votre adversaire y pense\nMaki : Enrouler autour\nMawashi : Tournant, en rotation\nMoku roku : Catalogue de techniques\nMokuso : M\u00e9ditation\nMunen mushin : Frapper sans y penser\nMunen muso : Le but de zazen\nNagashi : Couler, s&rsquo;\u00e9couler\nNinjo : Ce que vous devez faire\nNo : Particule possessive d&rsquo;un discours\nNobashi : Etirer\nNuki : Tirer\nOji : Une r\u00e9ponse\nOsae : Presser ; pousser ; immobiliser\nRandori : Style libre\nReigi : Etiquette ; aussi reishiki\nRenshu : Travail intensif sur les bases\nRitsurei : Salut debout\nSabaki : Mouvement du corps\nSaho : La direction vers la gauche\nSankaku : Triangle\nSeichusen : (vrai, centre, ligne) Relation dynamique existant entre la ligne centrale et le point d&rsquo;\u00e9quilibre situ\u00e9 dans le seika tanden\nSeme-guchi : Ouverture pour une attaque\nSeme, semete : Attaquant\nSen : L&rsquo;initiative ; aussi 1000\nSenjutsu : Tactiques\nSen-no-sen : Prendre l&rsquo;initiative juste au moment o\u00f9 l&rsquo;autre attaque (voir Concepts).A la source de l\u2019attaque\nSente : La personne qui prend l&rsquo;initiative\nShiki : Ceremonie, style, forme\nShikko : D\u00e9placement sur les genoux\nShisei: attitude, posture correcte \nShita : Bas\nShita-no : De la partie la plus basse\nShizoku : point prot\u00e9g\u00e9, en s\u00e9curit\u00e9\nSho : Petit\nShoshin : Esprit du d\u00e9butant\nShuchu : Concentration\nShugeki : Attaque\nSudori : Dans l&rsquo;instant\nSukui : Creuser\nTai-atari : Contact du corps\nTai-chikara : Puissance externe (muscle)\nTai-no-sen : Agir pendant (l\u2019attaque)\nTai Sabaki : Mouvement de corps\nTaijutsu : Art du corps\nTai-no-henko : Inverser la position du corps\nTanin-geiko : Pratiquer avec plusieurs attaquants\nTaoshi : Faire basculer\nTateki : Plusieurs attaquants\nTateki-geiko : Pratiquer avec plusieurs attaquants\nTateki-uchi : Combattre plusieurs attaquants\nTenkan: Pivot\nTsukami : Saisir (et immobiliser)\nUchima : Distance \u00e0 laquelle vous pouvez frapper avec un seul pas\nUchimata : L&rsquo;int\u00e9rieur de la projection\nUchite : Un attaquant\nUki : Flottant\nYaburi (Dojo Yaburi) : litt\u00e9ralement &lsquo;casser le dojo&rsquo; D\u00e9fi entre dojo\nYo : Principe positif de la nature\nYoko-furumi : D\u00e9placement sur le c\u00f4t\u00e9\nYumi : Un arc (archerie)\nZentai : Total\n<\/textarea>\n\n<!-- Pied de page \u00e0 copier coller sur chaque page -->\n\n<footer> \n<p class=\"logo_retour_footer\"><a href=\"https:\/\/www.aikiheillecourt.fr\/index.php\/glossaire\/\">\n    <img loading=\"lazy\" decoding=\"async\" src=\"https:\/\/www.aikiheillecourt.fr\/wp-content\/uploads\/2025\/06\/Etiquette.gif\" alt=\"Acc\u00e9der au site\" width=\"100\" height=\"100\"  >\n    <br>Retour au glossaire \u21d1\n<\/a><\/p>\n     \n<\/footer>\n<\/div>\n<\/html>","protected":false},"excerpt":{"rendered":"<p>Documentation Retour au glossaire \u21d1 Uchi deshi : El\u00e8ve r\u00e9sident au dojo Budo : Voie martialeb Seichin : Esprit du Budo Aikido : La voie de l&rsquo;harmonie du ki Dojo : Litt\u00e9ralement \u00ab\u00a0lieu de la voie\u00a0\u00bb Ki : Souffle vital de l&rsquo;univers Kiai : Un cri destin\u00e9 \u00e0 concentrer toute son \u00e9nergie Satori : Illumination [&hellip;]<\/p>\n","protected":false},"author":1,"featured_media":0,"parent":0,"menu_order":0,"comment_status":"closed","ping_status":"closed","template":"","meta":{"hide_page_title":"","footnotes":""},"class_list":["post-438","page","type-page","status-publish","hentry"],"_links":{"self":[{"href":"https:\/\/www.aikiheillecourt.fr\/index.php\/wp-json\/wp\/v2\/pages\/438","targetHints":{"allow":["GET"]}}],"collection":[{"href":"https:\/\/www.aikiheillecourt.fr\/index.php\/wp-json\/wp\/v2\/pages"}],"about":[{"href":"https:\/\/www.aikiheillecourt.fr\/index.php\/wp-json\/wp\/v2\/types\/page"}],"author":[{"embeddable":true,"href":"https:\/\/www.aikiheillecourt.fr\/index.php\/wp-json\/wp\/v2\/users\/1"}],"replies":[{"embeddable":true,"href":"https:\/\/www.aikiheillecourt.fr\/index.php\/wp-json\/wp\/v2\/comments?post=438"}],"version-history":[{"count":42,"href":"https:\/\/www.aikiheillecourt.fr\/index.php\/wp-json\/wp\/v2\/pages\/438\/revisions"}],"predecessor-version":[{"id":2248,"href":"https:\/\/www.aikiheillecourt.fr\/index.php\/wp-json\/wp\/v2\/pages\/438\/revisions\/2248"}],"wp:attachment":[{"href":"https:\/\/www.aikiheillecourt.fr\/index.php\/wp-json\/wp\/v2\/media?parent=438"}],"curies":[{"name":"wp","href":"https:\/\/api.w.org\/{rel}","templated":true}]}}