{"id":449,"date":"2025-05-12T15:17:43","date_gmt":"2025-05-12T13:17:43","guid":{"rendered":"https:\/\/www.aikiheillecourt.fr\/?page_id=449"},"modified":"2025-08-04T14:30:47","modified_gmt":"2025-08-04T12:30:47","slug":"grades","status":"publish","type":"page","link":"https:\/\/www.aikiheillecourt.fr\/index.php\/grades\/","title":{"rendered":"Grades"},"content":{"rendered":"<!DOCTYPE html>\n\n<html lang=\"fr\">\n\t \t \t \t \t \t<!--link rel=\"stylesheet\" href=\"CSS_Additionel.css\" type=\"text\/css\"-->\n<style>\n\n<\/style>\n\n<!--https:\/\/www.aikiheillecourt.fr\/Documentation\/-->\n<head>\n    <meta charset=\"utf-8\">\n<title>Documentation<\/title>\n<\/head>\n<div class=\"bg\">\n<header>\n<p class=\"logo_retour\"><a href=\"https:\/\/www.aikiheillecourt.fr\/index.php\/glossaire\/\">\n    <img decoding=\"async\" src=\"https:\/\/www.aikiheillecourt.fr\/wp-content\/uploads\/2025\/03\/cropped-logo-officiel-64x64-1-1.png\" alt=\"Acc\u00e9der au site\">\n    <br>Retour au glossaire \u21d1\n<\/a><\/p>\n\n<\/header>\n \n<textarea class=\"textarea\" readonly>\nKohai : El\u00e8ve moins ancien que soi dans le dojo\nSempai : El\u00e8ve plus ancien que soi dans le dojo\nDehai (ou Dohai) : El\u00e8ve de m\u00eame anciennet\u00e9 que soi dans le dojo\nSensei : Professeur\nShihan : Professeur le plus grad\u00e9, expert, \u00e0 n&#8217;employer qu&rsquo;\u00e0 l&rsquo; int\u00e9rieur de l&rsquo;\u00e9cole seulement, dehors, utiliser sensei\nKyu : Grade d&rsquo;\u00e9l\u00e8ve d\u00e9butant, de 10 \u00e0 1, le plus \u00e9lev\u00e9 : jukyu, kukyu, hachikyu, nanakyu, rokyu, gokyu, yonkyu, sankyu, nikkyu, ikkyu\nDan : Grade de pratiquant confirm\u00e9, de 1 \u00e0 10 : shodan, nidan, sandan, yondan, godan, rokudan, nanadan, hachidan, kudan, judan\nYudansha : El\u00e8ve(s) ayant des grades dan\nMudansha : El\u00e8ve(s) ayant des grades kyu\nMoku ryoku (ou Mokuroku) : Dipl\u00f4me de deuxi\u00e8me degr\u00e9 en enseignement traditionnel, sous forme de rouleau officiel\nHanshi : Plus haut titre de la DNB Dai Nippon Butokukai (organisme de reconnaissance des ryu et do authentiques) et ZNKR (Zen Nihon Kendo Renmai), doit avoir 55 ans ou plus, avoir \u00e9t\u00e9 kyushi pendant 10 ans, \u00eatre 8e dan (forme moderne du syst\u00e8me des Ryu).\nKyoshi (anc. Tashi) : Titre interm\u00e9diaire de la DNB, doit avoir 45 ans ou plus, avoir \u00e9t\u00e9 renshi pendant 5 ans, \u00eatre au moins 6e dan.\nRenshi (anciennement Seirensho) : Titre accord\u00e9 par la DNB en plus du grade Dan avoir au moins 35 ans et avoir \u00e9t\u00e9 4e dan pendant 2 ans.\nMenkyo : Autorisation d&rsquo;enseigner (ancien syst\u00e8me de gradation des ryu, apparition vers 16e si\u00e8cle).\nMenkyo kaiden : Ma\u00eetrise de la totalit\u00e9 de l&rsquo;enseignement d&rsquo;une Ecole\nMenkyo okuden : Autorisation d&rsquo;enseigner le niveau secret\nMenkyo joden : Autorisation d&rsquo;enseigner le haut niveau\nMenkyo shuden : Autorisation d&rsquo;enseigner le nivea moyen\nMenkyo shoden : Autorisation d&rsquo;enseigner les bases                \nSoke : (chef de famille, unificateur des divinit\u00e9s et de la lign\u00e9e) Gardien du style, fonction attribu\u00e9e au meilleur \u00e9l\u00e8ve, qui \u00e9tait adopt\u00e9, quand aucun membre de la famille ne pouvait prendre la suite.\nDoshu : Gardien h\u00e9r\u00e9ditaire de la voie (actuellement Moriteru Ueshiba pour l&rsquo;Aikikai)\nKaicho : \u00ab\u00a0propri\u00e9taire\u00a0\u00bb de l&rsquo;\u00e9cole (organisation) ex. Sei Do Kai\nKancho : \u00ab\u00a0propri\u00e9taire\u00a0\u00bb de l&rsquo;\u00e9cole (b\u00c3\u00a2timent, salle) ex. Yugen Kan\nDojo-cho : \u00ab\u00a0Chef\u00a0\u00bb d&rsquo;un dojo\nO Sensei : Grand Ma\u00eetre (Ueshiba, Morihei)\n\n<\/textarea>\n\n\n<!-- Pied de page \u00e0 copier coller sur chaque page -->\n\n<footer> \n<p class=\"logo_retour_footer\"><a href=\"https:\/\/www.aikiheillecourt.fr\/index.php\/glossaire\/\">\n    <img loading=\"lazy\" decoding=\"async\" src=\"https:\/\/www.aikiheillecourt.fr\/wp-content\/uploads\/2025\/06\/Etiquette.gif\" alt=\"Acc\u00e9der au site\" width=\"100\" height=\"100\"  >\n    <br>Retour au glossaire \u21d1\n<\/a><\/p>\n     \n<\/footer>\n<\/div>\n\n<\/html>","protected":false},"excerpt":{"rendered":"<p>Documentation Retour au glossaire \u21d1 Kohai : El\u00e8ve moins ancien que soi dans le dojo Sempai : El\u00e8ve plus ancien que soi dans le dojo Dehai (ou Dohai) : El\u00e8ve de m\u00eame anciennet\u00e9 que soi dans le dojo Sensei : Professeur Shihan : Professeur le plus grad\u00e9, expert, \u00e0 n&#8217;employer qu&rsquo;\u00e0 l&rsquo; int\u00e9rieur de l&rsquo;\u00e9cole [&hellip;]<\/p>\n","protected":false},"author":1,"featured_media":0,"parent":0,"menu_order":0,"comment_status":"closed","ping_status":"closed","template":"","meta":{"hide_page_title":"","footnotes":""},"class_list":["post-449","page","type-page","status-publish","hentry"],"_links":{"self":[{"href":"https:\/\/www.aikiheillecourt.fr\/index.php\/wp-json\/wp\/v2\/pages\/449","targetHints":{"allow":["GET"]}}],"collection":[{"href":"https:\/\/www.aikiheillecourt.fr\/index.php\/wp-json\/wp\/v2\/pages"}],"about":[{"href":"https:\/\/www.aikiheillecourt.fr\/index.php\/wp-json\/wp\/v2\/types\/page"}],"author":[{"embeddable":true,"href":"https:\/\/www.aikiheillecourt.fr\/index.php\/wp-json\/wp\/v2\/users\/1"}],"replies":[{"embeddable":true,"href":"https:\/\/www.aikiheillecourt.fr\/index.php\/wp-json\/wp\/v2\/comments?post=449"}],"version-history":[{"count":13,"href":"https:\/\/www.aikiheillecourt.fr\/index.php\/wp-json\/wp\/v2\/pages\/449\/revisions"}],"predecessor-version":[{"id":2249,"href":"https:\/\/www.aikiheillecourt.fr\/index.php\/wp-json\/wp\/v2\/pages\/449\/revisions\/2249"}],"wp:attachment":[{"href":"https:\/\/www.aikiheillecourt.fr\/index.php\/wp-json\/wp\/v2\/media?parent=449"}],"curies":[{"name":"wp","href":"https:\/\/api.w.org\/{rel}","templated":true}]}}