{"id":453,"date":"2025-05-12T15:19:40","date_gmt":"2025-05-12T13:19:40","guid":{"rendered":"https:\/\/www.aikiheillecourt.fr\/?page_id=453"},"modified":"2026-03-29T16:49:09","modified_gmt":"2026-03-29T14:49:09","slug":"vetements","status":"publish","type":"page","link":"https:\/\/www.aikiheillecourt.fr\/index.php\/vetements\/","title":{"rendered":"Vetements"},"content":{"rendered":"<!DOCTYPE html>\n\n<html lang=\"fr\">\n           \t \t \t \t \t \t<!--link rel=\"stylesheet\" href=\"CSS_Additionel.css\" type=\"text\/css\"-->\n<style>\n\n<\/style>\n\n<!--https:\/\/www.aikiheillecourt.fr\/Documentation\/-->\n<head>\n    <meta charset=\"utf-8\">\n<title>Documentation<\/title>\n<\/head>\n<div class=\"bg\">\n<header>\n<p class=\"logo_retour\"><a href=\"https:\/\/www.aikiheillecourt.fr\/index.php\/glossaire\/\">\n    <img decoding=\"async\" src=\"https:\/\/www.aikiheillecourt.fr\/wp-content\/uploads\/2025\/03\/cropped-logo-officiel-64x64-1-1.png\" alt=\"Acc\u00e9der au site\">\n                    <br>Retour au glossaire \u21d1\n<\/a><\/p>\n\n<\/header>\n\t<!--textarea STYLE=\"border-style:double; background-color: transparent;border-color: blueviolet;\" cols=80 rows=10-->\n<textarea class=\"textarea\" readonly>\nHaori    : Veste traditionnelle\nTenugui  : Petit morceau de tissu pour s&rsquo;essuyer le visage. Aussi port\u00e9 sous le heaume en kendo\nKeiko gi, do gi, gi : Tenue pour pratiquer\nEmbu gi  : V\u00eatement du haut de la tenue\nKesa     : Revers \/ partie du v\u00eatement d&rsquo;un moine port\u00e9e sur l&rsquo;\u00e9paule gauche\nMon      : Logo de sa famille cousu sur la tenue\nMontsuki : Large haut avec des manches et mon sur la poitrine, manche et dos\nSode     : Manche\nTanomo   : Larges manches sur les hauts de c\u00e9r\u00e9monie\nUwa gi   : Haut du gi\nZekken   : Pi\u00e8ce de tissu avec son nom et le nom du dojo brod\u00e9s dessus\nObi      : Ceinture (ceinture blanche, ceinture noire)\nHakama   : Jupe fendue, pantalon \u00e0 larges jambes\nHera     : Plaque au dos du hakama\nMatadachi : Fente sur le c\u00f4t\u00e9 du hakama\nKoshiita  : Partie plate au dos du hakama\nTabi      : Chaussettes-pantoufles japonaises gros orteil s\u00e9par\u00e9 des autres orteils, utilisables sur les tatamis\nZori      : Sandales japonaises utilis\u00e9es dans le dojo\nGeta      : Sandales en bois (plus rarement en fer) \u00e0 deux lames transversales.\nIppon ba geta : Geta \u00e0 une seule lame de bois\n<\/textarea>\n\nle <b>hakama<\/b> est un pantalon large comportant 5 plis \u00e0 l\u2019avant et 2 plis \u00e0 l\u2019arri\u00e8re qui repr\u00e9sentent les 7 vertus symboliques du budo :  \nGi   : honneur et justice.\nRei  : courtoisie et \u00e9tiquette.\nChi  : sagesse et intelligence.\nShin : sinc\u00e9rit\u00e9.\nChu  : loyaut\u00e9.\nKoh  : pi\u00e9t\u00e9.\nJin  : bienveillance et g\u00e9n\u00e9rosit\u00e9.\n\n\n\n<!-- Pied de page \u00e0 copier coller sur chaque page -->\n\n<footer> \n<p class=\"logo_retour_footer\"><a href=\"https:\/\/www.aikiheillecourt.fr\/index.php\/glossaire\/\">\n    <img loading=\"lazy\" decoding=\"async\" src=\"https:\/\/www.aikiheillecourt.fr\/wp-content\/uploads\/2025\/06\/Hakama_.png\" alt=\"Acc\u00e9der au site\" width=\"100\" height=\"100\"  >\n                    <br>Retour au glossaire \u21d1\n<\/a><\/p>\n     \n<\/footer>\n<\/div>\n<\/html>","protected":false},"excerpt":{"rendered":"<p>Documentation Retour au glossaire \u21d1 Haori : Veste traditionnelle Tenugui : Petit morceau de tissu pour s&rsquo;essuyer le visage. Aussi port\u00e9 sous le heaume en kendo Keiko gi, do gi, gi : Tenue pour pratiquer Embu gi : V\u00eatement du haut de la tenue Kesa : Revers \/ partie du v\u00eatement d&rsquo;un moine port\u00e9e sur [&hellip;]<\/p>\n","protected":false},"author":1,"featured_media":0,"parent":0,"menu_order":0,"comment_status":"closed","ping_status":"closed","template":"","meta":{"hide_page_title":"","footnotes":""},"class_list":["post-453","page","type-page","status-publish","hentry"],"_links":{"self":[{"href":"https:\/\/www.aikiheillecourt.fr\/index.php\/wp-json\/wp\/v2\/pages\/453","targetHints":{"allow":["GET"]}}],"collection":[{"href":"https:\/\/www.aikiheillecourt.fr\/index.php\/wp-json\/wp\/v2\/pages"}],"about":[{"href":"https:\/\/www.aikiheillecourt.fr\/index.php\/wp-json\/wp\/v2\/types\/page"}],"author":[{"embeddable":true,"href":"https:\/\/www.aikiheillecourt.fr\/index.php\/wp-json\/wp\/v2\/users\/1"}],"replies":[{"embeddable":true,"href":"https:\/\/www.aikiheillecourt.fr\/index.php\/wp-json\/wp\/v2\/comments?post=453"}],"version-history":[{"count":32,"href":"https:\/\/www.aikiheillecourt.fr\/index.php\/wp-json\/wp\/v2\/pages\/453\/revisions"}],"predecessor-version":[{"id":2526,"href":"https:\/\/www.aikiheillecourt.fr\/index.php\/wp-json\/wp\/v2\/pages\/453\/revisions\/2526"}],"wp:attachment":[{"href":"https:\/\/www.aikiheillecourt.fr\/index.php\/wp-json\/wp\/v2\/media?parent=453"}],"curies":[{"name":"wp","href":"https:\/\/api.w.org\/{rel}","templated":true}]}}