{"id":455,"date":"2025-05-12T15:20:36","date_gmt":"2025-05-12T13:20:36","guid":{"rendered":"https:\/\/www.aikiheillecourt.fr\/?page_id=455"},"modified":"2025-08-04T14:27:37","modified_gmt":"2025-08-04T12:27:37","slug":"armes","status":"publish","type":"page","link":"https:\/\/www.aikiheillecourt.fr\/index.php\/armes\/","title":{"rendered":"Armes"},"content":{"rendered":"<!DOCTYPE html>\n\n<html lang=\"fr\">\n<style>\n\n<\/style>\n\n<!--https:\/\/www.aikiheillecourt.fr\/Documentation\/-->\n<head>\n    <meta charset=\"utf-8\">\n<title>Documentation<\/title>\n<\/head>\n<div class=\"bg\">\n<header>\n<p class=\"logo_retour\"><a href=\"https:\/\/www.aikiheillecourt.fr\/index.php\/glossaire\/\">\n    <img decoding=\"async\" src=\"https:\/\/www.aikiheillecourt.fr\/wp-content\/uploads\/2025\/03\/cropped-logo-officiel-64x64-1-1.png\" alt=\"Acc\u00e9der au site\">\n        <br>Retour au glossaire \u21d1\n<\/a><\/p>\n\n<\/header>\n\t<!--textarea STYLE=\"border-style:double; background-color: transparent;border-color: blueviolet;\" cols=80 rows=10-->\n<textarea class=\"textarea\" readonly>\nBokken : Sabre de bois\nKatana : sabre\nKumite : Combat\nKumi tachi : Forme codifi\u00e9e de travail au sabre\nBokuto : Sabre de bois\nJo : B\u00e2ton (longueur 128 cm))\nBo  : B\u00e2ton long \ntanbo\u00a0:b\u00e2ton court\nhanbo\u00a0: \u00a0demi b\u00e2ton\u00a0\nKumi jo : Forme codifi\u00e9e de travail au b\u00e2ton\nShinai : Sabre en bambou\nTachi dori : D\u00e9sarmement d&rsquo;un attaquant au sabre\nTanto : couteau (en bois pour la pratique de l&rsquo;Aikido)\nTanto dori : D\u00e9sarmement d&rsquo;un attaquant au couteau\nHasso gamae : Position sabre \u00e0 c\u00f4t\u00e9 de la t\u00eate. Fr\u00e9quemment hasso hidari, sabre \u00e0 droite, pied gauche en avant\nKaruma : comme waki gamae, lame horizontale\nWaki gamae ou Waki kamae : Sabre point\u00e9 derri\u00e8re et vers le bas, pour un sutemi (sacrifice) waza. Habituellement sabre du c\u00f4t\u00e9 droit (migi waki gamae), pied droit en avant. Autre application, cacher la longueur du sabre, particuli\u00e8rement s&rsquo;il est cass\u00e9.\nWakizachi : Sabre court\nYumi : Un arc (archerie)\n<\/textarea>\n\n<!-- Pied de page \u00e0 copier coller sur chaque page -->\n\n<footer> \n<p class=\"logo_retour_footer\"><a href=\"https:\/\/www.aikiheillecourt.fr\/index.php\/glossaire\/\">\n    <img loading=\"lazy\" decoding=\"async\" src=\"https:\/\/www.aikiheillecourt.fr\/wp-content\/uploads\/2025\/06\/Etiquette.gif\" alt=\"Acc\u00e9der au site\" width=\"100\" height=\"100\"  >\n        <br>Retour au glossaire \u21d1\n<\/a><\/p>\n    \n<\/footer>\n<\/div>\n\n<\/html>","protected":false},"excerpt":{"rendered":"<p>Documentation Retour au glossaire \u21d1 Bokken : Sabre de bois Katana : sabre Kumite : Combat Kumi tachi : Forme codifi\u00e9e de travail au sabre Bokuto : Sabre de bois Jo : B\u00e2ton (longueur 128 cm)) Bo : B\u00e2ton long tanbo\u00a0:b\u00e2ton court hanbo\u00a0: \u00a0demi b\u00e2ton\u00a0 Kumi jo : Forme codifi\u00e9e de travail au b\u00e2ton Shinai [&hellip;]<\/p>\n","protected":false},"author":1,"featured_media":0,"parent":0,"menu_order":0,"comment_status":"closed","ping_status":"closed","template":"","meta":{"hide_page_title":"","footnotes":""},"class_list":["post-455","page","type-page","status-publish","hentry"],"_links":{"self":[{"href":"https:\/\/www.aikiheillecourt.fr\/index.php\/wp-json\/wp\/v2\/pages\/455","targetHints":{"allow":["GET"]}}],"collection":[{"href":"https:\/\/www.aikiheillecourt.fr\/index.php\/wp-json\/wp\/v2\/pages"}],"about":[{"href":"https:\/\/www.aikiheillecourt.fr\/index.php\/wp-json\/wp\/v2\/types\/page"}],"author":[{"embeddable":true,"href":"https:\/\/www.aikiheillecourt.fr\/index.php\/wp-json\/wp\/v2\/users\/1"}],"replies":[{"embeddable":true,"href":"https:\/\/www.aikiheillecourt.fr\/index.php\/wp-json\/wp\/v2\/comments?post=455"}],"version-history":[{"count":10,"href":"https:\/\/www.aikiheillecourt.fr\/index.php\/wp-json\/wp\/v2\/pages\/455\/revisions"}],"predecessor-version":[{"id":2246,"href":"https:\/\/www.aikiheillecourt.fr\/index.php\/wp-json\/wp\/v2\/pages\/455\/revisions\/2246"}],"wp:attachment":[{"href":"https:\/\/www.aikiheillecourt.fr\/index.php\/wp-json\/wp\/v2\/media?parent=455"}],"curies":[{"name":"wp","href":"https:\/\/api.w.org\/{rel}","templated":true}]}}