{"id":48,"date":"2025-03-29T16:46:50","date_gmt":"2025-03-29T15:46:50","guid":{"rendered":"https:\/\/www.aikiheillecourt.fr\/?page_id=48"},"modified":"2025-10-16T11:45:21","modified_gmt":"2025-10-16T09:45:21","slug":"les-enseignants","status":"publish","type":"page","link":"https:\/\/www.aikiheillecourt.fr\/index.php\/les-enseignants\/","title":{"rendered":"Les Enseignants"},"content":{"rendered":"<!DOCTYPE html>\n\n<html lang=\"fr\">\n\n\n\n<head>\n<title>TARIFS<\/title>\n\n   <meta charset=\"utf-8\">\n\n<\/head>\n<div class=\"bg\">\n   \n<header>\n<p class=\"logo_retour\"><a href=\"https:\/\/www.aikiheillecourt.fr\/\">\n    <img decoding=\"async\" src=\"https:\/\/www.aikiheillecourt.fr\/wp-content\/uploads\/2025\/03\/cropped-logo-officiel-64x64-1-1.png\" alt=\"Acc\u00e9der au site\">\n        <br>Retour \u00e0 l&rsquo;accueil  \u21d1\n<\/a><\/p>\n\n<\/header>\n\n\n\n\n    <table >\n     <tbody style=\"background-color: transparent; line-height: 0.4cm;\">\n      \n      <tr>\n         <td class=\"rvcelluleNonEncadr\u00e9_HG\">Marcelin <br>ALMARCHA<\/td>\n         <td class=\"rvcelluleNonEncadr\u00e9_H\">5<sup>\u00e8me<\/sup><br> DAN<\/td>\n         <td class=\"rvcelluleNonEncadr\u00e9_HD\">DE<sub>1<\/sub>, <br>DEJEPS<\/td>\n         <\/tr>\n      <tr>\n      \n         <td class=\"rvcelluleNonEncadr\u00e9_HG\">Sylvie <br>BONNAIRE<\/td>\n         <td class=\"rvcelluleNonEncadr\u00e9_H\">4<sup>\u00e8me<\/sup> <br>DAN<\/td>\n         <td class=\"rvcelluleNonEncadr\u00e9_HD\"> <\/td>\n      <\/tr>\n\n      <tr>\n      \n         <td class=\"rvcelluleNonEncadr\u00e9_HG\">Herv\u00e9 <br>CL\u00c9RAUX<\/td>\n         <td class=\"rvcelluleNonEncadr\u00e9_H\">3<sup>\u00e8me<\/sup> <br>DAN<\/td>\n         <td class=\"rvcelluleNonEncadr\u00e9_HD\">B.F.<\/td>\n         <\/tr>\n      <tr>\n      \n         <td class=\"rvcelluleNonEncadr\u00e9_HG\">Cyril <br>LOUIS<\/td>\n         <td class=\"rvcelluleNonEncadr\u00e9_H\">3<sup>\u00e8me<\/sup> <br>DAN<\/td>\n         <td class=\"rvcelluleNonEncadr\u00e9_HD\">B.F.<\/td>\n         <\/tr>\n      <tr>\n      \n         <td class=\"rvcelluleNonEncadr\u00e9_HG\">Laurence <br>VILMART<\/td>\n         <td class=\"rvcelluleNonEncadr\u00e9_H\">2<sup>\u00e8me<\/sup> <br>DAN<\/td>\n         <td class=\"rvcelluleNonEncadr\u00e9_HD\">B.F.<\/td>\n      <\/tr>\n      <tr>\n         <td class=\"rvcelluleNonEncadr\u00e9_HG\">J\u00e9r\u00f4me <br>BOURGUIGON<\/td>\n         <td class=\"rvcelluleNonEncadr\u00e9_H\">1<sup>er<\/sup> <br>DAN<\/td>\n         <td class=\"rvcelluleNonEncadr\u00e9_HD\">B.F.<\/td>\n      <\/tr>\n      <tr>\n         <td class=\"rvcelluleNonEncadr\u00e9_BG_Enseignants\">Patrice <br>TAULEIGNE<\/td>\n         <td class=\"rvcelluleNonEncadr\u00e9_B_Enseignants\">1<sup>er<\/sup> <br>DAN<\/td>\n         <td class=\"rvcelluleNonEncadr\u00e9_BD_Enseignants\">B.F.<\/td>\n      <\/tr>\n      <\/tbody>\n    <\/table>\n \n<!--p style=\"text-align: right;\"><a href=\"    https:\/\/www.aikiheillecourt.fr\/index.php\/yudansha\/\">\n      <small>Les Yudansha       <\/small>\n<\/a>\n&nbsp;&nbsp;&nbsp;&nbsp;&nbsp;&nbsp;&nbsp;&nbsp;&nbsp;&nbsp;&nbsp;&nbsp;\n<a href=\"    https:\/\/www.aikiheillecourt.fr\/index.php\/mudansha\/\">\n      <small>Les Mudansha<\/small>\n<\/a><\/p-->\n\n<!-- Pied de page \u00e0 copier coller sur chaque page -->\n<footer><p class=\"logo_retour_footer\"><a href=\"https:\/\/www.aikiheillecourt.fr\/\">\n    <img loading=\"lazy\" decoding=\"async\" src=\"https:\/\/www.aikiheillecourt.fr\/wp-content\/uploads\/2025\/07\/DAN.png\" alt=\"Yin-Yang\" width=\"70\" height=\"70\">\n        <!--img src=\"https:\/\/www.aikiheillecourt.fr\/wp-content\/uploads\/2025\/07\/Kokyu.png\" alt=\"Kokyu\" width=\"70\" height=\"70\"-->\n    <br>Retour \u00e0 l&rsquo;accueil  \u21d1\n<\/a><\/p>\n<\/footer>\n<\/div>\n\n<\/html>","protected":false},"excerpt":{"rendered":"<p>TARIFS Retour \u00e0 l&rsquo;accueil \u21d1 Marcelin ALMARCHA 5\u00e8me DAN DE1, DEJEPS Sylvie BONNAIRE 4\u00e8me DAN Herv\u00e9 CL\u00c9RAUX 3\u00e8me DAN B.F. Cyril LOUIS 3\u00e8me DAN B.F. Laurence VILMART 2\u00e8me DAN B.F. J\u00e9r\u00f4me BOURGUIGON 1er DAN B.F. Patrice TAULEIGNE 1er DAN B.F. Retour \u00e0 l&rsquo;accueil \u21d1<\/p>\n","protected":false},"author":1,"featured_media":0,"parent":0,"menu_order":0,"comment_status":"closed","ping_status":"closed","template":"","meta":{"hide_page_title":"","footnotes":""},"class_list":["post-48","page","type-page","status-publish","hentry"],"_links":{"self":[{"href":"https:\/\/www.aikiheillecourt.fr\/index.php\/wp-json\/wp\/v2\/pages\/48","targetHints":{"allow":["GET"]}}],"collection":[{"href":"https:\/\/www.aikiheillecourt.fr\/index.php\/wp-json\/wp\/v2\/pages"}],"about":[{"href":"https:\/\/www.aikiheillecourt.fr\/index.php\/wp-json\/wp\/v2\/types\/page"}],"author":[{"embeddable":true,"href":"https:\/\/www.aikiheillecourt.fr\/index.php\/wp-json\/wp\/v2\/users\/1"}],"replies":[{"embeddable":true,"href":"https:\/\/www.aikiheillecourt.fr\/index.php\/wp-json\/wp\/v2\/comments?post=48"}],"version-history":[{"count":63,"href":"https:\/\/www.aikiheillecourt.fr\/index.php\/wp-json\/wp\/v2\/pages\/48\/revisions"}],"predecessor-version":[{"id":2462,"href":"https:\/\/www.aikiheillecourt.fr\/index.php\/wp-json\/wp\/v2\/pages\/48\/revisions\/2462"}],"wp:attachment":[{"href":"https:\/\/www.aikiheillecourt.fr\/index.php\/wp-json\/wp\/v2\/media?parent=48"}],"curies":[{"name":"wp","href":"https:\/\/api.w.org\/{rel}","templated":true}]}}