{"id":60,"date":"2025-03-29T16:51:46","date_gmt":"2025-03-29T15:51:46","guid":{"rendered":"https:\/\/www.aikiheillecourt.fr\/?page_id=60"},"modified":"2026-01-17T17:05:07","modified_gmt":"2026-01-17T16:05:07","slug":"documentation","status":"publish","type":"page","link":"https:\/\/www.aikiheillecourt.fr\/index.php\/documentation\/","title":{"rendered":"Documentation"},"content":{"rendered":"<!DOCTYPE html>\n\n<html lang=\"fr\">\n\n\n<!--https:\/\/www.aikiheillecourt.fr\/Documentation\/-->\n<head>\n    <meta charset=\"utf-8\">\n<title>Documentation<\/title>\n<\/head>\n<div class=\"aikiFonddecran\">\n<header>\n<p class=\"logo_retour\"><a href=\"https:\/\/www.aikiheillecourt.fr\/\">\n    <img decoding=\"async\" src=\"https:\/\/www.aikiheillecourt.fr\/wp-content\/uploads\/2025\/03\/cropped-logo-officiel-64x64-1-1.png\" alt=\"Acc\u00e9der au site\">\n                            <br>Retour \u00e0 l&rsquo;accueil  \u21d1\n<\/a><\/p>\n\n<\/header>\n<nav>\n    <ul id=\"MenuRestreint\">\n        <li><a href=\"https:\/\/www.aikiheillecourt.fr\/index.php\/politesses\/\">Politesses<\/a><\/li>\n        <li><a href=\"https:\/\/www.aikiheillecourt.fr\/index.php\/elements\/\">El\u00e9ments Shinto\u00eestes<\/a><\/li>\n        <!--li><a href=\".\/documentation\/imprimes\/plaquette-aikitaiso\/\">Plaquette A\u00efkiTa\u00efso<\/a><\/li>\n        <li><a href=\".\/documentation\/imprimes\/plaquette-aikido\/\">Plaquette A\u00efkido<\/a><\/li-->\n        <li><a href=\"https:\/\/www.aikiheillecourt.fr\/index.php\/glossaire\/\">Glossaire<\/a><\/li>\n        <li><a href=\"https:\/\/www.aikiheillecourt.fr\/index.php\/principes\/\">Principes selon <strong>TAMURA<\/strong> Sense\u00ef<\/a><\/li>\n        <li><a href=\"https:\/\/www.aikiheillecourt.fr\/index.php\/le-katana\/\">Le Katana<\/a><\/li>\n        <li><a href=\"https:\/\/www.aikiheillecourt.fr\/index.php\/numeration-2\/\">Numeration<\/a><\/li>\n        <li><a href=\"https:\/\/www.aikiheillecourt.fr\/index.php\/csgde-2\/\">Reglement CSGDE<\/a><\/li>\n   <\/ul>\n<\/nav>\n<aside  class=\"waki\"><\/aside>\n<!--div class=\"QRcode\"><\/div-->\n<!-- Pied de page \u00e0 copier coller sur chaque page -->\n<footer><p class=\"logo_retour_footer\"><a href=\"https:\/\/www.aikiheillecourt.fr\/\">\n    <img loading=\"lazy\" decoding=\"async\" src=\"https:\/\/www.aikiheillecourt.fr\/wp-content\/uploads\/2025\/03\/shamisen.png\" alt=\"Casque\" width=\"70\" height=\"90\">\n                            <br>Retour \u00e0 l&rsquo;accueil  \u21d1\n<\/a><\/p>\n<\/footer>\n<\/div>\n<\/html>\n","protected":false},"excerpt":{"rendered":"<p>Documentation Retour \u00e0 l&rsquo;accueil \u21d1 Politesses El\u00e9ments Shinto\u00eestes Glossaire Principes selon TAMURA Sense\u00ef Le Katana Numeration Reglement CSGDE Retour \u00e0 l&rsquo;accueil \u21d1<\/p>\n","protected":false},"author":1,"featured_media":0,"parent":0,"menu_order":0,"comment_status":"closed","ping_status":"closed","template":"","meta":{"hide_page_title":"","footnotes":""},"class_list":["post-60","page","type-page","status-publish","hentry"],"_links":{"self":[{"href":"https:\/\/www.aikiheillecourt.fr\/index.php\/wp-json\/wp\/v2\/pages\/60","targetHints":{"allow":["GET"]}}],"collection":[{"href":"https:\/\/www.aikiheillecourt.fr\/index.php\/wp-json\/wp\/v2\/pages"}],"about":[{"href":"https:\/\/www.aikiheillecourt.fr\/index.php\/wp-json\/wp\/v2\/types\/page"}],"author":[{"embeddable":true,"href":"https:\/\/www.aikiheillecourt.fr\/index.php\/wp-json\/wp\/v2\/users\/1"}],"replies":[{"embeddable":true,"href":"https:\/\/www.aikiheillecourt.fr\/index.php\/wp-json\/wp\/v2\/comments?post=60"}],"version-history":[{"count":22,"href":"https:\/\/www.aikiheillecourt.fr\/index.php\/wp-json\/wp\/v2\/pages\/60\/revisions"}],"predecessor-version":[{"id":2483,"href":"https:\/\/www.aikiheillecourt.fr\/index.php\/wp-json\/wp\/v2\/pages\/60\/revisions\/2483"}],"wp:attachment":[{"href":"https:\/\/www.aikiheillecourt.fr\/index.php\/wp-json\/wp\/v2\/media?parent=60"}],"curies":[{"name":"wp","href":"https:\/\/api.w.org\/{rel}","templated":true}]}}