{"id":62,"date":"2025-03-29T16:55:16","date_gmt":"2025-03-29T15:55:16","guid":{"rendered":"https:\/\/www.aikiheillecourt.fr\/?page_id=62"},"modified":"2025-09-12T10:52:20","modified_gmt":"2025-09-12T08:52:20","slug":"politesses","status":"publish","type":"page","link":"https:\/\/www.aikiheillecourt.fr\/index.php\/politesses\/","title":{"rendered":"Politesses"},"content":{"rendered":"<!DOCTYPE html>\n\n<html lang=\"fr\">\n\t \t \t \t \t \t<!--link rel=\"stylesheet\" href=\"CSS_Additionel.css\" type=\"text\/css\"-->\n\n\n<!--https:\/\/www.aikiheillecourt.fr\/index.php\/elements\/-->\n<head>\n    <meta charset=\"utf-8\">\n<title>Documentation<\/title>\n<\/head>\n<div class=\"bg\">\n<header>\n<p class=\"logo_retour\"><a href=\"https:\/\/www.aikiheillecourt.fr\/index.php\/documentation\/\">\n    <img decoding=\"async\" src=\"https:\/\/www.aikiheillecourt.fr\/wp-content\/uploads\/2025\/03\/cropped-logo-officiel-64x64-1-1.png\" alt=\"Acc\u00e9der au site\">\n                 <br>Retour  \u00e0 la Documentation \u21d1\n<\/a><\/p>\n\n<\/header>\n\n<textarea class=\"textarea\">\n\nO negai shimasu(o n\u00e9ga\u00ef chimass\u2019) (O: pr\u00e9fixe de politesse, Negai : demande, requ\u00eate, Suru : faire)\nSe dit en d\u00e9but de le\u00e7on ou pour inviter un partenaire (\u00ab\u00a0je te prie de pratiquer avec moi\u00a0\u00bb ou \u00ab\u00a0j\u2019accepte de pratiquer avec toi\u00a0\u00bb).\nO negai shimasu est la formule courante et courtoise qui accompagne une demande. On peut le dire en d\u00e9but de le\u00e7on lors du salut et avant de solliciter un nouveau partenaire. Le professeur qui demande un uchidachi pour d\u00e9montrer une technique emploie \u00e9galement cette formule.\n\nD\u00f4mo arigat\u00f4 gozaimashita(doomo aligato godza\u00efmach\u2019ta) (D\u00f4mo : bien, beaucoup, Arigat\u00f4 : merci, Gozaru : \u00eatre, verbe tr\u00e8s formel)\nSe dit en fin de le\u00e7on pour remercier le professeur ou pour remercier le partenaire (\u00ab\u00a0je te remercie beaucoup d\u2019avoir pratiqu\u00e9 avec moi\u00a0\u00bb).\nD\u00f4mo arigato gozaimashita est une formule tr\u00e8s formelle pour remercier quelqu\u2019un (\u00ab\u00a0Je te pr\u00e9sente mes remerciements\u00a0\u00bb). Le langage courant utilise plut\u00f4t arigat\u00f4 gozaimashita (merci beaucoup), arigat\u00f4 (merci), sumimasen (merci).\n<\/textarea>\n\n<textarea class=\"textarea\" readonly>\nArigato : Merci (informel)\nDomo : Merci (informel)\nDomo arigato : Merci(formel)\nDomo arigato gozaimasu : Merci beaucoup (tr\u00e8s formel) (pour quelque chose qui est en train de se passer)\nDomo arigato gozaimashita : Merci beaucoup (tr\u00e8s formel) (pour quelque chose qui vient de finir)\nDozo : S&rsquo;il vous plait allez-y\nGomen nasai : Excusez-moi, je suis d\u00e9sol\u00e9\nOnegaishimasu : S&rsquo;il vous plait (pour demander quelque chose, d&rsquo;habitude comme : s&rsquo;il vous pla\u00eet, pratiquons ensemble)\nSumimasen : Excusez-moi (pour attirer l&rsquo;attention)\nHai : Oui\nIie : Non\nWakarimasu : Je comprends\nWakarimasen : Je ne comprends pas\n<\/textarea>\n\n\n<!-- Pied de page Elements \u00e0 copier coller sur chaque page -->\n<footer><p class=\"logo_retour_footer\"><a href=\"https:\/\/www.aikiheillecourt.fr\/index.php\/documentation\/\">\n\n<img loading=\"lazy\" decoding=\"async\" src=\"https:\/\/www.aikiheillecourt.fr\/wp-content\/uploads\/2025\/03\/shamisen.png\" alt=\"Casque\" width=\"70\" height=\"90\">\n                  <br>Retour  \u00e0 la Documentation \u21d1\n<\/a>\n\n<\/footer>\n<\/div>\n\n\n\n","protected":false},"excerpt":{"rendered":"<p>Documentation Retour \u00e0 la Documentation \u21d1 O negai shimasu(o n\u00e9ga\u00ef chimass\u2019) (O: pr\u00e9fixe de politesse, Negai : demande, requ\u00eate, Suru : faire) Se dit en d\u00e9but de le\u00e7on ou pour inviter un partenaire (\u00ab\u00a0je te prie de pratiquer avec moi\u00a0\u00bb ou \u00ab\u00a0j\u2019accepte de pratiquer avec toi\u00a0\u00bb). O negai shimasu est la formule courante et courtoise [&hellip;]<\/p>\n","protected":false},"author":1,"featured_media":0,"parent":0,"menu_order":0,"comment_status":"closed","ping_status":"closed","template":"","meta":{"hide_page_title":"","footnotes":""},"class_list":["post-62","page","type-page","status-publish","hentry"],"_links":{"self":[{"href":"https:\/\/www.aikiheillecourt.fr\/index.php\/wp-json\/wp\/v2\/pages\/62","targetHints":{"allow":["GET"]}}],"collection":[{"href":"https:\/\/www.aikiheillecourt.fr\/index.php\/wp-json\/wp\/v2\/pages"}],"about":[{"href":"https:\/\/www.aikiheillecourt.fr\/index.php\/wp-json\/wp\/v2\/types\/page"}],"author":[{"embeddable":true,"href":"https:\/\/www.aikiheillecourt.fr\/index.php\/wp-json\/wp\/v2\/users\/1"}],"replies":[{"embeddable":true,"href":"https:\/\/www.aikiheillecourt.fr\/index.php\/wp-json\/wp\/v2\/comments?post=62"}],"version-history":[{"count":43,"href":"https:\/\/www.aikiheillecourt.fr\/index.php\/wp-json\/wp\/v2\/pages\/62\/revisions"}],"predecessor-version":[{"id":2363,"href":"https:\/\/www.aikiheillecourt.fr\/index.php\/wp-json\/wp\/v2\/pages\/62\/revisions\/2363"}],"wp:attachment":[{"href":"https:\/\/www.aikiheillecourt.fr\/index.php\/wp-json\/wp\/v2\/media?parent=62"}],"curies":[{"name":"wp","href":"https:\/\/api.w.org\/{rel}","templated":true}]}}