{"id":64,"date":"2025-03-29T16:56:37","date_gmt":"2025-03-29T15:56:37","guid":{"rendered":"https:\/\/www.aikiheillecourt.fr\/?page_id=64"},"modified":"2025-08-04T14:05:06","modified_gmt":"2025-08-04T12:05:06","slug":"elements","status":"publish","type":"page","link":"https:\/\/www.aikiheillecourt.fr\/index.php\/elements\/","title":{"rendered":"Elements"},"content":{"rendered":"<!DOCTYPE html>\n\n<html lang=\"fr\">\n\n\n<!--https:\/\/www.aikiheillecourt.fr\/Documentation\/-->\n<head>\n    <meta charset=\"utf-8\">\n<title>Documentation<\/title>\n<\/head>\n<div class=\"bg\">\n<header>\n<p class=\"logo_retour\"><a href=\"https:\/\/www.aikiheillecourt.fr\/index.php\/documentation\/\">\n    <img decoding=\"async\" src=\"https:\/\/www.aikiheillecourt.fr\/wp-content\/uploads\/2025\/03\/cropped-logo-officiel-64x64-1-1.png\" alt=\"Acc\u00e9der au site\">\n    <br>Retour  \u00e0 la Documentation \u21d1\n<\/a><\/p>\n\n<\/header>\n\n    <small><em>Texte affich\u00e9 \u00e0 l&rsquo;A\u00efkika\u00ef d\u00e8s 1932.\nEntretien avec O Sensei Morihei Ueshiba et Kisshomaru Ueshiba\nL\u2019interview qui suit a \u00e9t\u00e9 men\u00e9e par deux journalistes anonymes, et publi\u00e9 en Japonais sous le titre A\u00efkido par Kisshomaru Ueshiba, Tokyo, Kowado 1957, pages 198-219.\nTraduit du Japonais par Stanley Pranin et Katsuaki Terasawa. Traduit de l\u2019anglais par Philippe Chau, D\u00e9cembre 2002.<\/em><\/small>\n\n<table>\n    <tbody style=\"background-color: transparent; line-height: 0.5cm;\">\n    \n\n        <tr>\n        <td><a href=\"https:\/\/www.aikiheillecourt.fr\/index.php\/shinto\/\">Shinto<\/a><\/td>\n        <td><a href=\"https:\/\/www.aikiheillecourt.fr\/index.php\/fondations\/\">Les Fondations<\/a><\/td>\n        <\/tr>\n        <tr>\n        <td><a href=\"https:\/\/www.aikiheillecourt.fr\/index.php\/dispositions\/\">Les dispositions<\/a><\/td>\n        <td><a href=\"https:\/\/www.aikiheillecourt.fr\/index.php\/musibi\/\">Musubi et Misogi<\/a><\/td>\n        <\/tr>\n        <tr>\n        <td><a href=\"https:\/\/www.aikiheillecourt.fr\/index.php\/kototama\/\">Kototama<\/a><\/td>\n        <td><a href=\"https:\/\/www.aikiheillecourt.fr\/index.php\/maai\/\">Maa\u00ef<\/a><\/td>\n        <\/tr>\n        <tr>\n        <td><a href=\"https:\/\/www.aikiheillecourt.fr\/index.php\/kokyu\/\">KoKyu<\/a><\/td>\n        <td><a href=\"https:\/\/www.aikiheillecourt.fr\/index.php\/zanshin\/\">Zanshin<\/a><\/td>\n        <\/tr>\n        <tr>\n            <td><a href=\"https:\/\/www.aikiheillecourt.fr\/index.php\/shisei\/\">Shisei<\/a><\/td>\n            <td><a href=\"https:\/\/www.aikiheillecourt.fr\/index.php\/kokyu-rokyu\/\">Kokyu Ryoku<\/a><\/td>\n            <\/tr>\n                    <tr>\n            <td><a href=\"https:\/\/www.aikiheillecourt.fr\/index.php\/ki-no-nagare\/\">Ki No Nagare<\/a><\/td>\n            <td><a href=\"https:\/\/www.aikiheillecourt.fr\/index.php\/kamae\/\">Kamae<\/a><\/td>\n            <\/tr>\n            <tr>\n                <td><a href=\"https:\/\/www.aikiheillecourt.fr\/index.php\/harmonisation\/\">Harmonisation<\/a><\/td>\n                <td><a href=\"\"> <\/a><\/td>\n                <\/tr>\n                <\/tbody>\n    <\/table>\n\n\n\n<!-- Pied de page Elements \u00e0 copier coller sur chaque page -->\n<footer><p class=\"logo_retour_footer\"><a href=\"https:\/\/www.aikiheillecourt.fr\/index.php\/documentation\/\">\n    <img loading=\"lazy\" decoding=\"async\" src=\"https:\/\/www.aikiheillecourt.fr\/wp-content\/uploads\/2025\/03\/cerisier-du-japon.png\" alt=\"Cerisier\" width=\"90\" height=\"90\">\n    <br>Retour  \u00e0 la Documentation \u21d1\n<\/a>\n\n<\/footer>\n<\/div>\n\n\n<footer>            \n\n\n\n<\/footer>\n\n<\/html><!-- \/wp:post-content -->\n","protected":false},"excerpt":{"rendered":"<p>Documentation Retour \u00e0 la Documentation \u21d1 Texte affich\u00e9 \u00e0 l&rsquo;A\u00efkika\u00ef d\u00e8s 1932. Entretien avec O Sensei Morihei Ueshiba et Kisshomaru Ueshiba L\u2019interview qui suit a \u00e9t\u00e9 men\u00e9e par deux journalistes anonymes, et publi\u00e9 en Japonais sous le titre A\u00efkido par Kisshomaru Ueshiba, Tokyo, Kowado 1957, pages 198-219. Traduit du Japonais par Stanley Pranin et Katsuaki [&hellip;]<\/p>\n","protected":false},"author":1,"featured_media":0,"parent":0,"menu_order":0,"comment_status":"closed","ping_status":"closed","template":"","meta":{"hide_page_title":"","footnotes":""},"class_list":["post-64","page","type-page","status-publish","hentry"],"_links":{"self":[{"href":"https:\/\/www.aikiheillecourt.fr\/index.php\/wp-json\/wp\/v2\/pages\/64","targetHints":{"allow":["GET"]}}],"collection":[{"href":"https:\/\/www.aikiheillecourt.fr\/index.php\/wp-json\/wp\/v2\/pages"}],"about":[{"href":"https:\/\/www.aikiheillecourt.fr\/index.php\/wp-json\/wp\/v2\/types\/page"}],"author":[{"embeddable":true,"href":"https:\/\/www.aikiheillecourt.fr\/index.php\/wp-json\/wp\/v2\/users\/1"}],"replies":[{"embeddable":true,"href":"https:\/\/www.aikiheillecourt.fr\/index.php\/wp-json\/wp\/v2\/comments?post=64"}],"version-history":[{"count":39,"href":"https:\/\/www.aikiheillecourt.fr\/index.php\/wp-json\/wp\/v2\/pages\/64\/revisions"}],"predecessor-version":[{"id":2230,"href":"https:\/\/www.aikiheillecourt.fr\/index.php\/wp-json\/wp\/v2\/pages\/64\/revisions\/2230"}],"wp:attachment":[{"href":"https:\/\/www.aikiheillecourt.fr\/index.php\/wp-json\/wp\/v2\/media?parent=64"}],"curies":[{"name":"wp","href":"https:\/\/api.w.org\/{rel}","templated":true}]}}