{"id":72,"date":"2025-03-29T17:03:01","date_gmt":"2025-03-29T16:03:01","guid":{"rendered":"https:\/\/www.aikiheillecourt.fr\/?page_id=72"},"modified":"2025-08-03T09:36:44","modified_gmt":"2025-08-03T07:36:44","slug":"principes","status":"publish","type":"page","link":"https:\/\/www.aikiheillecourt.fr\/index.php\/principes\/","title":{"rendered":"Principes"},"content":{"rendered":"<!DOCTYPE html>\n<html lang=\"fr\">\n<head>\n    <meta charset=\"utf-8\">\n    <title>Calendrier<\/title>\n<\/head>\n<div class=\"Fond_Neutre\">\n<header>\n<p class=\"logo_retour\"><a href=\"https:\/\/www.aikiheillecourt.fr\/index.php\/documentation\/\">\n    <img decoding=\"async\" src=\"https:\/\/www.aikiheillecourt.fr\/wp-content\/uploads\/2025\/03\/cropped-logo-officiel-64x64-1-1.png\" alt=\"Acc\u00e9der au site\">\n            <br>Retour \u00e0 la Documentation \u21d1\n<\/a><\/p>\n\n<\/header>\n\n\n                <img decoding=\"async\" src=\"https:\/\/www.aikiheillecourt.fr\/wp-content\/uploads\/2025\/03\/NT.png\" alt=\"Tamura\" >\n                                <h1>Selon TAMURA Sense\u00ef<\/h1>\n\n<h3>SHISEI<\/h3>\n    <h4>D\u00e9finitions<\/h4>\n    <h5>                 &#8211; Attitude\n                            &#8211; Posture\n                            &#8211; Position\n                            &#8211; Pose<br>\n            SHI = forme, figure, taille<br>\n            SEI = force, vigueur<br>\n                Il faut rechercher:\n                Une attitude correcte, t\u00eate, bassin\n                l&rsquo;\u00e9quilibre dans l&rsquo;action\n                Pieds SAN KAKU HO =\n                SAN = 3 KAKU = c\u00f4t\u00e9s HO = direction<\/h5>\n\n    <h4>Observations<\/h4>\n               <h5>  attitudes \u00e0 respecter\n                                &#8211; t\u00eate dans l&rsquo;axe de la colonne vert\u00e9brale\n                                &#8211; \u00e9paules d\u00e9tendues\n                                &#8211; coudes pr\u00e8s du corps\n                                &#8211; dos droit\n                                &#8211; souple sur les articulations du genoux\n                                &#8211; genoux orient\u00e9s vers l&rsquo;ext\u00e9rieur\n                                &#8211; regard et visage d\u00e9contract\u00e9s\n                                &#8211; bouche ferm\u00e9e<\/h5>\n<H3 id=\"KOKYU\">KOKYU<\/H3>\n    <h4>D\u00e9finitions<\/h4>\n                    <h5>            &#8211; HAKU : KO = expirer<br>\n                                    &#8211; SUU : KYU = inspirer<br>\n                                        Respiration abdominale\n                                        Rechercher :\n                                        respiration abdominale, \u00e9paules basses\n                                        contact et travail avec respiration de l&rsquo;autre(inspiration\/expiration)   <\/h5>    \n    <h4>Observations<\/h4>\n                  <h5>                      ma\u00eetriser :\n                                        &#8211; respiration normale (\u00e9viter hal\u00e8tement, essoufflement)\n                                        car effort maximum = r\u00e9sultat minimum\n                                        &#8211; expiration = soulagement\n<\/h5>\n<H3 id=\"KAMAE\">KAMAE<\/H3>\n    <h4>D\u00e9finitions<\/h4>\n           <h5>             \n           KAMAE = construction, garde<br>\n                                        &#8211; construire, pr\u00e9parer avec\n                                        intensit\u00e9, \u00eatre \u00e0 l&rsquo;aff\u00fbt, sur le qui-vive\n                                        &#8211; contient les pouvoirs du KI et le\n                                        pouvoir de percevoir tous les d\u00e9tails\n                                        Recherche :\n                                                construction de travail\n                                                amener \u00e0 attaquer selon la forme d\u00e9sir\u00e9e\n                                                \u00e9tat de SEN HO SEN = avant l&rsquo;autre<\/h5>\n    <h4>Observations<\/h4>\n          <h5>  garder :\n                                        &#8211; d\u00e9tente et souplesse\n                                        &#8211; attention constante\n                                        &#8211; garder son naturel\n                                        sa pr\u00e9paration\n                                        sa construction\n                                        &#8211; bannir l&rsquo;attente avec inqui\u00e9tude<\/h5>\n\n<H3 id=\"IRIMI\">IRIMI<\/H3>\n    <h4>D\u00e9finitions<\/h4>\n                <h5>                     \n                                       IRI = passer l&rsquo;entr\u00e9e de la maison\n                                        y p\u00e9n\u00e9trer, y \u00eatre invit\u00e9<br>\n                                        MI = id\u00e9e d&rsquo;enfant dans le ventre\n                                        de sa m\u00e8re (corps)<br>\n                                        IRIMI = mettre son propre corps\n                                        dans le corps de l&rsquo;adversaire<br>\n                                        IRIMI est r\u00e9alis\u00e9 apr\u00e8s\n                                                l&rsquo;engagement de AITE<\/h5>\n    <h4>Observations<\/h4>\n                      <h5>    rechercher :\n                                                &#8211; l&rsquo;entr\u00e9e sans opposition \u00e0 l&rsquo;autre\n                                                &#8211; cr\u00e9er la fusion avec l&rsquo;autre\n                                                &#8211; rechercher la coordination,\n                                                l&rsquo;association<\/h5>\n<H3 id=\"TENKAN\">TENKAN<\/H3>\n    <h4>D\u00e9finitions<\/h4>\n              <h5>                     \n                                       TEN = transposer, changer\n                                                \u00e9voluer =&gt; roue<br>\n                                                KAN = \u00e9changer<br>\n                                                TENKAN = pivote, changer de\n                                                direction<br>\n                                                IRIMI et TENKAN sont l&rsquo;endroit et\n                                                l&rsquo;envers d&rsquo;une m\u00eame chose<br>\n                                                Note: bon Shisei, bon Kamae =\n                                                harmonisation et mouvements d&rsquo;un seul jet<\/h5>\n    <h4>Observations<\/h4>\n                                    <h5>         contr\u00f4ler :\n                                                &#8211; l&rsquo;\u00e9quilibre, la respiration\n                                                &#8211; le travail des hanches\n                                                &#8211; avancer, entrer, attaquer sans peur\n                                                &#8211; centr\u00e9 = bon Shisei\n                                                &#8211; \u00eatre pr\u00e9sent et disponible\n                                                &#8211; \u00eatre dans le temps\n                                                &#8211; bonne coordination\n                                                mouvements continus sans saccades<\/h5>\n<H3 id=\"TAISABAKI\">TAI SABAKI<\/H3>\n    <h4>D\u00e9finitions<\/h4>\n                                <h5>      \n                                    TAI = le corps<br>\n                                                SABAKI = esquiver, tourner<br>\n                                                &#8211; r\u00e9tablir la situation \u00e0 son avantage\n                                                &#8211; renverser la situation\n                                                &#8211; perturber l&rsquo;action de AITE, action\n                                                de l&rsquo;amener et de le contr\u00f4ler\n                                                rechercher: Shisei &#8211; Kamae &#8211; Irimi = ensemble      <\/h5>      \n    <h4>Observations<\/h4>\n                               <h5>                 exploiter :\n                                                &#8211; MAAI et KAMAE\n                                                &#8211; \u00e9quilibre et positionnement- le juste d\u00e9placement ni trop lourd ni\n                                                trop long\n                                                &#8211; relation avec AITE ni trop pr\u00e9coce ni trop\n                                                tardive\n                                        &#8211; r\u00e9flexes : engagement juste au bon\n                                                moment<\/h5>\n<H3 id=\"ATEMI\">ATEMI<\/H3>\n    <h4>D\u00e9finitions<\/h4>\n                           <h5>            ATEMI = ancien budo\n                                                frapper les points vitaux de l&rsquo;adversaire\n                                                pour provoquer la blessure ou la mort<br>\n                                                but :\n                                                &#8211; dominer la volont\u00e9 de AITE\n                                                provoquer une douleur\n                                                &#8211; perturber la concentration\n                                                &#8211; stopper l&rsquo;intention d&rsquo;action\n                                                Bonne entr\u00e9e = MAAI SAN KAKU\n                                                MAAI = distance( des corps et des esprits)<br>\n                                                SAN KAKU = 3 + c\u00f4t\u00e9s = position triangle  <br>    <\/h5>  \n    <h4>Observations<\/h4>\n                                     <h5>           &#8211; \u00e9tudier :\n                                                &#8211; les points vitaux\n                                                &#8211; le r\u00e9alisme de l&rsquo;at\u00e9mi\n                                                le rythme :at\u00e9mi dans le temps et\n                                                \u00ab\u00a0appuy\u00e9\u00a0\u00bb\n                                                &#8211; spontan\u00e9it\u00e9 du geste pr\u00e9cis\n                                                &#8211; attitude correcte<\/h5>\n<H3 id=\"KOKYURYOKYU\">KOKYU RYOKYU<\/H3>\n    <h4>D\u00e9finitions<\/h4>\n                               <h5>         KO = expire<br>\n                                                KYU = inspire<br>\n                                                RYOKU = force, puissance<br>\n                                                = Energie de l&rsquo;univers\n                                                &#8211; donner vie\n                                                &#8211; apprendre par le corps par exercices tous les jours- sans kokyu = technique vide\n                                                rechercher :\n                                                la fluidit\u00e9 du geste &#8211; canaliser l&rsquo;\u00e9nergie\n                                                stabilit\u00e9 = puissance      <\/h5>  \n    <h4>Observations<\/h4>\n                                  <h5>              avoir :\n                                                &#8211; \u00e9paules normales\n                                                &#8211; respiration d\u00e9tendue sans blocage\n                                                &#8211; le d\u00e9s\u00e9quilibre vers l&rsquo;avant ou vers l&rsquo;arri\u00e8re\n                                                &#8211; travail souple, ni musculaire, ni rigide<\/h5>\n\n                                          \n\n<!-- Pied de page \u00e0 copier coller sur chaque page -->\n<footer>\n    <p class=\"logo_retour\">\n\n        <a href=\"https:\/\/www.aikiheillecourt.fr\/index.php\/documentation\/\">\n            <img loading=\"lazy\" decoding=\"async\" src=\"https:\/\/www.aikiheillecourt.fr\/wp-content\/uploads\/2025\/03\/cascade.png\" alt=\"Cascade\" width=\"1000\" height=\"1000\">\n                    <br>Retour \u00e0 la Documentation \u21d1\n        <\/a>    \n    <\/p>\n\n<\/footer>\n\n<\/div>\n<\/html><!-- \/wp:post-content -->","protected":false},"excerpt":{"rendered":"<p>Calendrier Retour \u00e0 la Documentation \u21d1 Selon TAMURA Sense\u00ef SHISEI D\u00e9finitions &#8211; Attitude &#8211; Posture &#8211; Position &#8211; Pose SHI = forme, figure, taille SEI = force, vigueur Il faut rechercher: Une attitude correcte, t\u00eate, bassin l&rsquo;\u00e9quilibre dans l&rsquo;action Pieds SAN KAKU HO = SAN = 3 KAKU = c\u00f4t\u00e9s HO = direction Observations attitudes [&hellip;]<\/p>\n","protected":false},"author":1,"featured_media":0,"parent":0,"menu_order":0,"comment_status":"closed","ping_status":"closed","template":"","meta":{"hide_page_title":"","footnotes":""},"class_list":["post-72","page","type-page","status-publish","hentry"],"_links":{"self":[{"href":"https:\/\/www.aikiheillecourt.fr\/index.php\/wp-json\/wp\/v2\/pages\/72","targetHints":{"allow":["GET"]}}],"collection":[{"href":"https:\/\/www.aikiheillecourt.fr\/index.php\/wp-json\/wp\/v2\/pages"}],"about":[{"href":"https:\/\/www.aikiheillecourt.fr\/index.php\/wp-json\/wp\/v2\/types\/page"}],"author":[{"embeddable":true,"href":"https:\/\/www.aikiheillecourt.fr\/index.php\/wp-json\/wp\/v2\/users\/1"}],"replies":[{"embeddable":true,"href":"https:\/\/www.aikiheillecourt.fr\/index.php\/wp-json\/wp\/v2\/comments?post=72"}],"version-history":[{"count":40,"href":"https:\/\/www.aikiheillecourt.fr\/index.php\/wp-json\/wp\/v2\/pages\/72\/revisions"}],"predecessor-version":[{"id":2227,"href":"https:\/\/www.aikiheillecourt.fr\/index.php\/wp-json\/wp\/v2\/pages\/72\/revisions\/2227"}],"wp:attachment":[{"href":"https:\/\/www.aikiheillecourt.fr\/index.php\/wp-json\/wp\/v2\/media?parent=72"}],"curies":[{"name":"wp","href":"https:\/\/api.w.org\/{rel}","templated":true}]}}